{"id":86,"date":"2014-01-16T19:45:16","date_gmt":"2014-01-16T18:45:16","guid":{"rendered":"http:\/\/iciela.org\/karite\/?page_id=86"},"modified":"2017-02-07T12:58:19","modified_gmt":"2017-02-07T17:58:19","slug":"beurre-de-karite","status":"publish","type":"page","link":"https:\/\/iciela.org\/karite\/?page_id=86","title":{"rendered":"Beurre de karit\u00e9"},"content":{"rendered":"<p>[et_pb_section fullwidth=\u00a0\u00bboff\u00a0\u00bb specialty=\u00a0\u00bboff\u00a0\u00bb background_image=\u00a0\u00bbhttp:\/\/iciela.org\/karite\/wp-content\/uploads\/2014\/08\/Fond-2.jpg\u00a0\u00bb inner_shadow=\u00a0\u00bboff\u00a0\u00bb parallax=\u00a0\u00bboff\u00a0\u00bb parallax_method=\u00a0\u00bbcss\u00a0\u00bb][et_pb_row][et_pb_column type=\u00a0\u00bb4_4&Prime;][et_pb_text admin_label=\u00a0\u00bbText\u00a0\u00bb background_layout=\u00a0\u00bblight\u00a0\u00bb text_orientation=\u00a0\u00bbleft\u00a0\u00bb]<\/p>\n<p style=\"text-align: center; font-size: 18px;\"><span style=\"color: #ffffff;\"><strong>ICI\u00c9LA \/ ACTIVIT\u00c9S ET PROJETS \/ \u00c9CONOMIE SOLIDAIRE \/ BEURRE DE KARIT\u00c9<\/strong><\/span><\/p>\n<p>[\/et_pb_text][\/et_pb_column][\/et_pb_row][\/et_pb_section][et_pb_section fullwidth=\u00a0\u00bboff\u00a0\u00bb specialty=\u00a0\u00bboff\u00a0\u00bb][et_pb_row][et_pb_column type=\u00a0\u00bb2_3&Prime;][et_pb_text admin_label=\u00a0\u00bbText\u00a0\u00bb background_layout=\u00a0\u00bblight\u00a0\u00bb text_orientation=\u00a0\u00bbleft\u00a0\u00bb]<\/p>\n<p style=\"color: #b4e85c; font-size: 18px; text-align: justify;\"><strong>LE PROJET BEURRE DE KARIT\u00c9<\/strong><\/p>\n<p style=\"text-align: justify;\">En soutient \u00e0 la coop\u00e9rative malienne de productrices de karit\u00e9 Kofob\u00e9ka, Ici\u00e9la s&rsquo;appr\u00eate \u00e0 offrir une vari\u00e9t\u00e9 de produits cosm\u00e9tiques de haute qualit\u00e9 \u00e0 base de beurre de karit\u00e9, une mati\u00e8re premi\u00e8re aux caract\u00e9ristiques distinctives. Fi\u00e8re des atouts exclusifs de ses produits et \u00e0 son mod\u00e8le d&rsquo;affaires novateur, Ici\u00e9la souhaite se tailler une place de choix au sein de l&rsquo;industrie en pleine expansion de l&rsquo;\u00e9quitable et du biologique.<\/p>\n<p style=\"text-align: justify;\">L&rsquo;\u00e9quipe des promoteurs comprend les femmes de la coop\u00e9rative Kofob\u00e9ka et un groupe de Canadiens dont la majorit\u00e9 ont d\u00e9j\u00e0 s\u00e9journ\u00e9 dans la communaut\u00e9 malienne, ce qui favorise de part et d&rsquo;autre une excellente compr\u00e9hension des r\u00e9alit\u00e9s du terrain.<\/p>\n<p style=\"text-align: justify;\">Le projet vise l&rsquo;autonomisation des productrices de karit\u00e9 dans le cadre d&rsquo;un mod\u00e8le unique : une coop\u00e9rative transnationale. Celle-ci sera l&rsquo;une des premi\u00e8res coop\u00e9ratives au monde \u00e0 r\u00e9unir producteurs et distributeurs, cr\u00e9ant une v\u00e9ritable relation d&rsquo;\u00e9galit\u00e9 et d\u2019interd\u00e9pendance entre les acteurs du Nord et du Sud d&rsquo;une m\u00eame fili\u00e8re.<\/p>\n<p style=\"color: #b4e85c; text-align: justify;\"><strong>LE PRODUIT<\/strong><\/p>\n<p style=\"text-align: justify;\">Le beurre de karit\u00e9 est obtenu par la transformation des noix de l&rsquo;arbre karit\u00e9 r\u00e9colt\u00e9es aux environs des villages. Le karit\u00e9 poss\u00e8de de multiples propri\u00e9t\u00e9s hydratantes et protectrices en raison de sa haute teneur en insaponifiables, en acides gras, en latex et en vitamines A, D, E, F et K. Notre produit se d\u00e9marque\u00a0par la nature innovatrice de l&rsquo;association d\u2019Ici\u00e9l\u00e0 et de Kofob\u00e9ka ainsi que par les normes d\u2019hygi\u00e8ne et les techniques de transformation qui sont appliqu\u00e9es au Mali. Nous offrirons bient\u00f4t du beurre de karit\u00e9 pur en forrnarts de 30, 120 et 200 g. Nous d\u00e9veloppons actuellement une gamme de produits divers qui seront\u00a0bient\u00f4t disponibles.<\/p>\n<p>[\/et_pb_text][\/et_pb_column][et_pb_column type=\u00a0\u00bb1_3&Prime;][et_pb_testimonial admin_label=\u00a0\u00bbTestimonial\u00a0\u00bb url_new_window=\u00a0\u00bboff\u00a0\u00bb quote_icon=\u00a0\u00bboff\u00a0\u00bb use_background_color=\u00a0\u00bbon\u00a0\u00bb background_color=\u00a0\u00bb#b4e85c\u00a0\u00bb background_layout=\u00a0\u00bblight\u00a0\u00bb text_orientation=\u00a0\u00bbleft\u00a0\u00bb]<\/p>\n<p style=\"text-align: center;\"><strong>LES PRODUCTRICES<\/strong><\/p>\n<p style=\"text-align: center;\">Kofob\u00e9ka est un regroupement d&rsquo;une soixantaine de femmes de la communaut\u00e9 rurale de Ou\u00e9less\u00e9bougou, au Mali. Ces femmes r\u00e9coltent et transforment le karit\u00e9 en vue de sa commercialisation locale et internationale. Leur association avec Ici\u00e9la est pour elles une occasion formidable d&rsquo;obtenir un soutien technique, logistique et financier. Pour Ici\u00e9la, l&rsquo;objectif est d\u2019autonomiser leur regroupement en leur permettant de r\u00e9aliser leur plein potentiel et d&rsquo;acqu\u00e9rir de nombreuses habilet\u00e9s qui aideront leur communaut\u00e9. Leur participation \u00e0 la cr\u00e9ation et au d\u00e9veloppement d&rsquo;une coop\u00e9rative transnationale leur garantira finalement une voix forte dans tous leurs projets, actuels et futurs.<\/p>\n<p>[\/et_pb_testimonial][\/et_pb_column][\/et_pb_row][et_pb_row][et_pb_column type=\u00a0\u00bb4_4&Prime;][et_pb_text admin_label=\u00a0\u00bbText\u00a0\u00bb background_layout=\u00a0\u00bblight\u00a0\u00bb text_orientation=\u00a0\u00bbleft\u00a0\u00bb]<\/p>\n<p>Cliquez sur les images ci-dessous pour voir les \u00e9tapes de fabrication d\u00e9taill\u00e9es !<\/p>\n<p>[\/et_pb_text][et_pb_gallery admin_label=\u00a0\u00bbGallery\u00a0\u00bb gallery_ids=\u00a0\u00bb1041,1042,1043,1054,1067,1036,1069,1057&Prime; fullwidth=\u00a0\u00bbon\u00a0\u00bb show_title_and_caption=\u00a0\u00bbon\u00a0\u00bb show_pagination=\u00a0\u00bboff\u00a0\u00bb background_layout=\u00a0\u00bblight\u00a0\u00bb posts_number=\u00a0\u00bb4&Prime; \/][\/et_pb_column][\/et_pb_row][\/et_pb_section][et_pb_section fullwidth=\u00a0\u00bboff\u00a0\u00bb specialty=\u00a0\u00bboff\u00a0\u00bb background_image=\u00a0\u00bbhttp:\/\/iciela.org\/karite\/wp-content\/uploads\/2014\/08\/Fond-2.jpg\u00a0\u00bb inner_shadow=\u00a0\u00bboff\u00a0\u00bb parallax=\u00a0\u00bboff\u00a0\u00bb parallax_method=\u00a0\u00bbcss\u00a0\u00bb][et_pb_row][et_pb_column type=\u00a0\u00bb4_4&Prime;][et_pb_text admin_label=\u00a0\u00bbText\u00a0\u00bb background_layout=\u00a0\u00bblight\u00a0\u00bb text_orientation=\u00a0\u00bbleft\u00a0\u00bb \/][\/et_pb_column][\/et_pb_row][\/et_pb_section]<\/p>\n","protected":false},"excerpt":{"rendered":"<p>[et_pb_section fullwidth=\u00a0\u00bboff\u00a0\u00bb specialty=\u00a0\u00bboff\u00a0\u00bb background_image=\u00a0\u00bbhttp:\/\/iciela.org\/karite\/wp-content\/uploads\/2014\/08\/Fond-2.jpg\u00a0\u00bb inner_shadow=\u00a0\u00bboff\u00a0\u00bb parallax=\u00a0\u00bboff\u00a0\u00bb parallax_method=\u00a0\u00bbcss\u00a0\u00bb][et_pb_row][et_pb_column type=\u00a0\u00bb4_4&Prime;][et_pb_text admin_label=\u00a0\u00bbText\u00a0\u00bb background_layout=\u00a0\u00bblight\u00a0\u00bb text_orientation=\u00a0\u00bbleft\u00a0\u00bb] ICI\u00c9LA \/ ACTIVIT\u00c9S ET PROJETS \/ \u00c9CONOMIE SOLIDAIRE \/ BEURRE DE KARIT\u00c9 [\/et_pb_text][\/et_pb_column][\/et_pb_row][\/et_pb_section][et_pb_section fullwidth=\u00a0\u00bboff\u00a0\u00bb specialty=\u00a0\u00bboff\u00a0\u00bb][et_pb_row][et_pb_column type=\u00a0\u00bb2_3&Prime;][et_pb_text admin_label=\u00a0\u00bbText\u00a0\u00bb background_layout=\u00a0\u00bblight\u00a0\u00bb text_orientation=\u00a0\u00bbleft\u00a0\u00bb] LE PROJET BEURRE DE KARIT\u00c9 En soutient \u00e0 la coop\u00e9rative malienne de productrices de karit\u00e9 Kofob\u00e9ka, Ici\u00e9la s&rsquo;appr\u00eate \u00e0 offrir une vari\u00e9t\u00e9 de produits cosm\u00e9tiques [&hellip;]<\/p>\n","protected":false},"author":2,"featured_media":0,"parent":0,"menu_order":0,"comment_status":"open","ping_status":"closed","template":"","meta":{"footnotes":""},"class_list":["post-86","page","type-page","status-publish","hentry"],"yoast_head":"<!-- This site is optimized with the Yoast SEO plugin v27.4 - https:\/\/yoast.com\/product\/yoast-seo-wordpress\/ -->\n<title>Beurre de karit\u00e9 - Ici\u00e9la<\/title>\n<meta name=\"robots\" content=\"index, follow, max-snippet:-1, max-image-preview:large, max-video-preview:-1\" \/>\n<link rel=\"canonical\" href=\"https:\/\/iciela.org\/karite\/?page_id=86\" \/>\n<meta property=\"og:locale\" content=\"fr_FR\" \/>\n<meta property=\"og:type\" content=\"article\" \/>\n<meta property=\"og:title\" content=\"Beurre de karit\u00e9 - Ici\u00e9la\" \/>\n<meta property=\"og:description\" content=\"[et_pb_section fullwidth=\u00a0\u00bboff\u00a0\u00bb specialty=\u00a0\u00bboff\u00a0\u00bb background_image=\u00a0\u00bbhttp:\/\/iciela.org\/karite\/wp-content\/uploads\/2014\/08\/Fond-2.jpg\u00a0\u00bb inner_shadow=\u00a0\u00bboff\u00a0\u00bb parallax=\u00a0\u00bboff\u00a0\u00bb parallax_method=\u00a0\u00bbcss\u00a0\u00bb][et_pb_row][et_pb_column type=\u00a0\u00bb4_4&Prime;][et_pb_text admin_label=\u00a0\u00bbText\u00a0\u00bb background_layout=\u00a0\u00bblight\u00a0\u00bb text_orientation=\u00a0\u00bbleft\u00a0\u00bb] ICI\u00c9LA \/ ACTIVIT\u00c9S ET PROJETS \/ \u00c9CONOMIE SOLIDAIRE \/ BEURRE DE KARIT\u00c9 [\/et_pb_text][\/et_pb_column][\/et_pb_row][\/et_pb_section][et_pb_section fullwidth=\u00a0\u00bboff\u00a0\u00bb specialty=\u00a0\u00bboff\u00a0\u00bb][et_pb_row][et_pb_column type=\u00a0\u00bb2_3&Prime;][et_pb_text admin_label=\u00a0\u00bbText\u00a0\u00bb background_layout=\u00a0\u00bblight\u00a0\u00bb text_orientation=\u00a0\u00bbleft\u00a0\u00bb] LE PROJET BEURRE DE KARIT\u00c9 En soutient \u00e0 la coop\u00e9rative malienne de productrices de karit\u00e9 Kofob\u00e9ka, Ici\u00e9la s&rsquo;appr\u00eate \u00e0 offrir une vari\u00e9t\u00e9 de produits cosm\u00e9tiques [&hellip;]\" \/>\n<meta property=\"og:url\" content=\"https:\/\/iciela.org\/karite\/?page_id=86\" \/>\n<meta property=\"og:site_name\" content=\"Ici\u00e9la\" \/>\n<meta property=\"article:modified_time\" content=\"2017-02-07T17:58:19+00:00\" \/>\n<meta name=\"twitter:label1\" content=\"Dur\u00e9e de lecture estim\u00e9e\" \/>\n\t<meta name=\"twitter:data1\" content=\"3 minutes\" \/>\n<script type=\"application\/ld+json\" class=\"yoast-schema-graph\">{\"@context\":\"https:\\\/\\\/schema.org\",\"@graph\":[{\"@type\":\"WebPage\",\"@id\":\"https:\\\/\\\/iciela.org\\\/karite\\\/?page_id=86\",\"url\":\"https:\\\/\\\/iciela.org\\\/karite\\\/?page_id=86\",\"name\":\"Beurre de karit\u00e9 - Ici\u00e9la\",\"isPartOf\":{\"@id\":\"https:\\\/\\\/iciela.org\\\/karite\\\/#website\"},\"datePublished\":\"2014-01-16T18:45:16+00:00\",\"dateModified\":\"2017-02-07T17:58:19+00:00\",\"breadcrumb\":{\"@id\":\"https:\\\/\\\/iciela.org\\\/karite\\\/?page_id=86#breadcrumb\"},\"inLanguage\":\"fr-FR\",\"potentialAction\":[{\"@type\":\"ReadAction\",\"target\":[\"https:\\\/\\\/iciela.org\\\/karite\\\/?page_id=86\"]}]},{\"@type\":\"BreadcrumbList\",\"@id\":\"https:\\\/\\\/iciela.org\\\/karite\\\/?page_id=86#breadcrumb\",\"itemListElement\":[{\"@type\":\"ListItem\",\"position\":1,\"name\":\"Accueil\",\"item\":\"https:\\\/\\\/iciela.org\\\/karite\\\/\"},{\"@type\":\"ListItem\",\"position\":2,\"name\":\"Beurre de karit\u00e9\"}]},{\"@type\":\"WebSite\",\"@id\":\"https:\\\/\\\/iciela.org\\\/karite\\\/#website\",\"url\":\"https:\\\/\\\/iciela.org\\\/karite\\\/\",\"name\":\"Ici\u00e9la\",\"description\":\"\u00c9changer. Comprendre. Agir\u2026 ensemble !\",\"potentialAction\":[{\"@type\":\"SearchAction\",\"target\":{\"@type\":\"EntryPoint\",\"urlTemplate\":\"https:\\\/\\\/iciela.org\\\/karite\\\/?s={search_term_string}\"},\"query-input\":{\"@type\":\"PropertyValueSpecification\",\"valueRequired\":true,\"valueName\":\"search_term_string\"}}],\"inLanguage\":\"fr-FR\"}]}<\/script>\n<!-- \/ Yoast SEO plugin. -->","yoast_head_json":{"title":"Beurre de karit\u00e9 - Ici\u00e9la","robots":{"index":"index","follow":"follow","max-snippet":"max-snippet:-1","max-image-preview":"max-image-preview:large","max-video-preview":"max-video-preview:-1"},"canonical":"https:\/\/iciela.org\/karite\/?page_id=86","og_locale":"fr_FR","og_type":"article","og_title":"Beurre de karit\u00e9 - Ici\u00e9la","og_description":"[et_pb_section fullwidth=\u00a0\u00bboff\u00a0\u00bb specialty=\u00a0\u00bboff\u00a0\u00bb background_image=\u00a0\u00bbhttp:\/\/iciela.org\/karite\/wp-content\/uploads\/2014\/08\/Fond-2.jpg\u00a0\u00bb inner_shadow=\u00a0\u00bboff\u00a0\u00bb parallax=\u00a0\u00bboff\u00a0\u00bb parallax_method=\u00a0\u00bbcss\u00a0\u00bb][et_pb_row][et_pb_column type=\u00a0\u00bb4_4&Prime;][et_pb_text admin_label=\u00a0\u00bbText\u00a0\u00bb background_layout=\u00a0\u00bblight\u00a0\u00bb text_orientation=\u00a0\u00bbleft\u00a0\u00bb] ICI\u00c9LA \/ ACTIVIT\u00c9S ET PROJETS \/ \u00c9CONOMIE SOLIDAIRE \/ BEURRE DE KARIT\u00c9 [\/et_pb_text][\/et_pb_column][\/et_pb_row][\/et_pb_section][et_pb_section fullwidth=\u00a0\u00bboff\u00a0\u00bb specialty=\u00a0\u00bboff\u00a0\u00bb][et_pb_row][et_pb_column type=\u00a0\u00bb2_3&Prime;][et_pb_text admin_label=\u00a0\u00bbText\u00a0\u00bb background_layout=\u00a0\u00bblight\u00a0\u00bb text_orientation=\u00a0\u00bbleft\u00a0\u00bb] LE PROJET BEURRE DE KARIT\u00c9 En soutient \u00e0 la coop\u00e9rative malienne de productrices de karit\u00e9 Kofob\u00e9ka, Ici\u00e9la s&rsquo;appr\u00eate \u00e0 offrir une vari\u00e9t\u00e9 de produits cosm\u00e9tiques [&hellip;]","og_url":"https:\/\/iciela.org\/karite\/?page_id=86","og_site_name":"Ici\u00e9la","article_modified_time":"2017-02-07T17:58:19+00:00","twitter_misc":{"Dur\u00e9e de lecture estim\u00e9e":"3 minutes"},"schema":{"@context":"https:\/\/schema.org","@graph":[{"@type":"WebPage","@id":"https:\/\/iciela.org\/karite\/?page_id=86","url":"https:\/\/iciela.org\/karite\/?page_id=86","name":"Beurre de karit\u00e9 - Ici\u00e9la","isPartOf":{"@id":"https:\/\/iciela.org\/karite\/#website"},"datePublished":"2014-01-16T18:45:16+00:00","dateModified":"2017-02-07T17:58:19+00:00","breadcrumb":{"@id":"https:\/\/iciela.org\/karite\/?page_id=86#breadcrumb"},"inLanguage":"fr-FR","potentialAction":[{"@type":"ReadAction","target":["https:\/\/iciela.org\/karite\/?page_id=86"]}]},{"@type":"BreadcrumbList","@id":"https:\/\/iciela.org\/karite\/?page_id=86#breadcrumb","itemListElement":[{"@type":"ListItem","position":1,"name":"Accueil","item":"https:\/\/iciela.org\/karite\/"},{"@type":"ListItem","position":2,"name":"Beurre de karit\u00e9"}]},{"@type":"WebSite","@id":"https:\/\/iciela.org\/karite\/#website","url":"https:\/\/iciela.org\/karite\/","name":"Ici\u00e9la","description":"\u00c9changer. Comprendre. Agir\u2026 ensemble !","potentialAction":[{"@type":"SearchAction","target":{"@type":"EntryPoint","urlTemplate":"https:\/\/iciela.org\/karite\/?s={search_term_string}"},"query-input":{"@type":"PropertyValueSpecification","valueRequired":true,"valueName":"search_term_string"}}],"inLanguage":"fr-FR"}]}},"_links":{"self":[{"href":"https:\/\/iciela.org\/karite\/index.php?rest_route=\/wp\/v2\/pages\/86","targetHints":{"allow":["GET"]}}],"collection":[{"href":"https:\/\/iciela.org\/karite\/index.php?rest_route=\/wp\/v2\/pages"}],"about":[{"href":"https:\/\/iciela.org\/karite\/index.php?rest_route=\/wp\/v2\/types\/page"}],"author":[{"embeddable":true,"href":"https:\/\/iciela.org\/karite\/index.php?rest_route=\/wp\/v2\/users\/2"}],"replies":[{"embeddable":true,"href":"https:\/\/iciela.org\/karite\/index.php?rest_route=%2Fwp%2Fv2%2Fcomments&post=86"}],"version-history":[{"count":52,"href":"https:\/\/iciela.org\/karite\/index.php?rest_route=\/wp\/v2\/pages\/86\/revisions"}],"predecessor-version":[{"id":1709,"href":"https:\/\/iciela.org\/karite\/index.php?rest_route=\/wp\/v2\/pages\/86\/revisions\/1709"}],"wp:attachment":[{"href":"https:\/\/iciela.org\/karite\/index.php?rest_route=%2Fwp%2Fv2%2Fmedia&parent=86"}],"curies":[{"name":"wp","href":"https:\/\/api.w.org\/{rel}","templated":true}]}}