{"id":40,"date":"2014-01-13T19:22:15","date_gmt":"2014-01-13T18:22:15","guid":{"rendered":"http:\/\/iciela.org\/karite\/?page_id=40"},"modified":"2014-10-15T15:54:57","modified_gmt":"2014-10-15T19:54:57","slug":"partenaires-actuels","status":"publish","type":"page","link":"https:\/\/iciela.org\/karite\/?page_id=40","title":{"rendered":"Partenaires internationaux"},"content":{"rendered":"<p>[et_pb_section fullwidth=\u00a0\u00bboff\u00a0\u00bb specialty=\u00a0\u00bboff\u00a0\u00bb background_image=\u00a0\u00bbhttp:\/\/iciela.org\/karite\/wp-content\/uploads\/2014\/08\/Fond-2.jpg\u00a0\u00bb background_color=\u00a0\u00bb#ffffff\u00a0\u00bb inner_shadow=\u00a0\u00bboff\u00a0\u00bb parallax=\u00a0\u00bboff\u00a0\u00bb parallax_method=\u00a0\u00bbcss\u00a0\u00bb][et_pb_row][et_pb_column type=\u00a0\u00bb4_4&Prime;][et_pb_text admin_label=\u00a0\u00bbText\u00a0\u00bb background_layout=\u00a0\u00bblight\u00a0\u00bb text_orientation=\u00a0\u00bbleft\u00a0\u00bb]<\/p>\n<p style=\"font-size: 18px; text-align: center;\"><span style=\"color: #ffffff;\"><strong>ICI\u00c9LA \/ PARTENAIRES \/ PARTENAIRES INTERNATIONAUX<\/strong><\/span><\/p>\n<p>[\/et_pb_text][\/et_pb_column][\/et_pb_row][\/et_pb_section][et_pb_section fullwidth=\u00a0\u00bboff\u00a0\u00bb specialty=\u00a0\u00bboff\u00a0\u00bb][et_pb_row][et_pb_column type=\u00a0\u00bb2_3&Prime;][et_pb_text admin_label=\u00a0\u00bbText\u00a0\u00bb background_layout=\u00a0\u00bblight\u00a0\u00bb text_orientation=\u00a0\u00bbleft\u00a0\u00bb]<\/p>\n<p style=\"font-size: 18px; color: #b4e85c;\"><strong>NOS PARTENAIRES INTERNATIONAUX<\/strong><\/p>\n<p style=\"text-align: justify; color: #b4e85c;\"><strong>PARTENAIRE PRINCIPAL :<\/strong><\/p>\n<p style=\"text-align: justify;\"><strong><em>Je ka barra<\/em> &#8211; Ou\u00e9less\u00e9bougou, Mali<\/strong><\/p>\n<p style=\"text-align: justify;\">Partenaire depuis le tout d\u00e9but, Je ka barra a initi\u00e9 notre activit\u00e9 de jumelages scolaires par correspondance d\u00e8s la premi\u00e8re ann\u00e9e. Le projet actuellement en cours avec ce partenaire est la commercialisation du beurre de karit\u00e9 produit au Mali et mis en march\u00e9 au Qu\u00e9bec selon les principes de l\u2019\u00e9conomie sociale et solidaire.<\/p>\n<p>[\/et_pb_text][et_pb_text admin_label=\u00a0\u00bbText\u00a0\u00bb background_layout=\u00a0\u00bblight\u00a0\u00bb text_orientation=\u00a0\u00bbleft\u00a0\u00bb]<\/p>\n<p style=\"text-align: justify; color: #b4e85c;\"><strong>PARTENAIRES DU PROJET D&rsquo;ATELIERS JEUNESSE PANGAYA :<\/strong><\/p>\n<p>[\/et_pb_text][et_pb_accordion admin_label=\u00a0\u00bbAccordion\u00a0\u00bb][et_pb_accordion_item title=\u00a0\u00bbGroupe Succ\u00e8s sans fronti\u00e8re &#8211; Cotounou, B\u00e9nin\u00a0\u00bb]<\/p>\n<p style=\"text-align: justify;\">Le <em>Groupe Succ\u00e8s Sans Fronti\u00e8re<\/em> est une organisation dynamique qui transmet les techniques d&rsquo;enseignement \u00e0 des groupes de jeunes, et poss\u00e8de une expertise dans le domaine des TIC et des r\u00e9alisations audiovisuelles et cin\u00e9matographiques. L&rsquo;accueil de nombreux stagiaires \u00e9trangers a permis \u00e0 ce partenaire de diversifier ces champs de comp\u00e9tence et certains de ses membres formateurs se sont sp\u00e9cifiquement concentr\u00e9s sur la production m\u00e9diatique. Cela sera un atout pour l&rsquo;\u00e9laboration des ateliers de formation en multim\u00e9dia qui s&rsquo;adresseront aux charg\u00e9s de projet et aux jeunes animateurs.<\/p>\n<p>[\/et_pb_accordion_item][et_pb_accordion_item title=\u00a0\u00bbClub francophone pour le d\u00e9veloppement &#8211; Sofia, Bulgarie\u00a0\u00bb]<\/p>\n<p style=\"text-align: justify;\">Le Club francophone pour le d\u00e9veloppement a \u00e9t\u00e9 fond\u00e9 par des \u00e9tudiants et mobilise les communaut\u00e9s dans le d\u00e9veloppement des relations interculturelles par le biais de conf\u00e9rences et de d\u00e9bats organis\u00e9s avec des jeunes de diff\u00e9rentes origines sur les plans r\u00e9gional, national et international. Le club dispose donc de comp\u00e9tences requises dans la coordination d&rsquo;activit\u00e9s engageant plusieurs communaut\u00e9s et s&rsquo;av\u00e8re l&rsquo;une des principales organisations faisant la promotion de la langue fran\u00e7aise en Bulgarie. En plus de repr\u00e9senter une fen\u00eatre unique sur les r\u00e9alit\u00e9s g\u00e9n\u00e9ralement peu connues des pays d&rsquo;Europe de l&rsquo;Est, ce partenaire pourra partager sur son exp\u00e9rience de promotion de la langue fran\u00e7aise afin d&rsquo;optimiser la port\u00e9e de nos activit\u00e9s de diffusion.<\/p>\n<p>[\/et_pb_accordion_item][et_pb_accordion_item title=\u00a0\u00bbPlan\u00e8te Culture &#8211; Ouagadougou, Burkina Faso\u00a0\u00bb]<\/p>\n<p style=\"text-align: justify;\">Plan\u00e8te Culture est une organisation \u0153uvrant dans le domaine de la diffusion culturelle par la c\u00e9l\u00e9bration de la cr\u00e9ativit\u00e9 artistique, des coutumes et cultures propres aux communaut\u00e9s locales. Son exp\u00e9rience en terme de promotion de la richesse de la pluralit\u00e9 des modes d&rsquo;expression culturelle sera un atout pour le \u00a0projet en \u00a0permettant une plus grande diversit\u00e9 dans le traitement qui sera fait des th\u00e9matiques abord\u00e9es, ce qui viendra enrichir l&rsquo;exp\u00e9rience des visiteurs du portail Web.<\/p>\n<p>[\/et_pb_accordion_item][et_pb_accordion_item title=\u00a0\u00bbGroupe Madia &#8211; Yaound\u00e9, Cameroun\u00a0\u00bb]<\/p>\n<p style=\"text-align: justify;\">Cette organisation a orient\u00e9 son expertise dans la vulgarisation de l&rsquo;outil informatique dans le but d&rsquo;en faciliter l&rsquo;acc\u00e8s aux communaut\u00e9s locales. L&rsquo;organisation regroupe des membres experts dans le domaine des TIC qui sauront partager leur expertise largement reconnue localement pour contribuer activement \u00e0 la construction du portail Web, tout en assurant son d\u00e9veloppement et sa mise \u00e0 jour constante pour le maintenir \u00e0 la fine pointe des derni\u00e8res technologies libres disponibles.<\/p>\n<p>[\/et_pb_accordion_item][et_pb_accordion_item title=\u00a0\u00bbCEL Jeunes &#8211; Lom\u00e9, Togo\u00a0\u00bb]<\/p>\n<p style=\"text-align: justify;\">Culture Education Loisir Jeunes (CEL-JEUNES) est un organisme fond\u00e9 par des jeunes et pour des jeunes, ce groupe a d\u00e9velopp\u00e9 des comp\u00e9tences dans le domaine du graphisme et de la r\u00e9alisation de sites web, ainsi que dans la mobilisation de groupes de jeunes pour la promotion et la d\u00e9fense de causes sociales. Son exp\u00e9rience plus particuli\u00e8re en r\u00e9alisation d&rsquo;activit\u00e9s qui ont su mobiliser un grand nombre de jeunes hors du cadre scolaire sera un atout pour contribuer au succ\u00e8s de nos activit\u00e9s de diffusion publique de contenu multim\u00e9dia.<\/p>\n<p>[\/et_pb_accordion_item][\/et_pb_accordion][\/et_pb_column][et_pb_column type=\u00a0\u00bb1_3&Prime;][et_pb_image admin_label=\u00a0\u00bbImage\u00a0\u00bb src=\u00a0\u00bbhttp:\/\/iciela.org\/karite\/wp-content\/uploads\/2014\/01\/B\u00e9nin.jpg\u00a0\u00bb show_in_lightbox=\u00a0\u00bbon\u00a0\u00bb url_new_window=\u00a0\u00bboff\u00a0\u00bb animation=\u00a0\u00bbleft\u00a0\u00bb \/][et_pb_image admin_label=\u00a0\u00bbImage\u00a0\u00bb src=\u00a0\u00bbhttp:\/\/iciela.org\/karite\/wp-content\/uploads\/2014\/01\/Bulgarie.jpg\u00a0\u00bb show_in_lightbox=\u00a0\u00bbon\u00a0\u00bb url_new_window=\u00a0\u00bboff\u00a0\u00bb animation=\u00a0\u00bbleft\u00a0\u00bb \/][et_pb_image admin_label=\u00a0\u00bbImage\u00a0\u00bb src=\u00a0\u00bbhttp:\/\/iciela.org\/karite\/wp-content\/uploads\/2014\/01\/Burkina-Faso.jpg\u00a0\u00bb show_in_lightbox=\u00a0\u00bbon\u00a0\u00bb url_new_window=\u00a0\u00bboff\u00a0\u00bb animation=\u00a0\u00bbleft\u00a0\u00bb \/][et_pb_image admin_label=\u00a0\u00bbImage\u00a0\u00bb src=\u00a0\u00bbhttp:\/\/iciela.org\/karite\/wp-content\/uploads\/2014\/01\/Cameroun.jpg\u00a0\u00bb show_in_lightbox=\u00a0\u00bbon\u00a0\u00bb url_new_window=\u00a0\u00bboff\u00a0\u00bb animation=\u00a0\u00bbleft\u00a0\u00bb \/][et_pb_image admin_label=\u00a0\u00bbImage\u00a0\u00bb src=\u00a0\u00bbhttp:\/\/iciela.org\/karite\/wp-content\/uploads\/2014\/01\/paystogo.jpg\u00a0\u00bb show_in_lightbox=\u00a0\u00bbon\u00a0\u00bb url_new_window=\u00a0\u00bboff\u00a0\u00bb animation=\u00a0\u00bbleft\u00a0\u00bb \/][\/et_pb_column][\/et_pb_row][et_pb_row][et_pb_column type=\u00a0\u00bb4_4&Prime;][et_pb_testimonial admin_label=\u00a0\u00bbTestimonial\u00a0\u00bb url_new_window=\u00a0\u00bboff\u00a0\u00bb quote_icon=\u00a0\u00bbon\u00a0\u00bb use_background_color=\u00a0\u00bbon\u00a0\u00bb background_color=\u00a0\u00bb#b4e85c\u00a0\u00bb background_layout=\u00a0\u00bblight\u00a0\u00bb text_orientation=\u00a0\u00bbleft\u00a0\u00bb]<\/p>\n<p style=\"text-align: justify;\">Nos activit\u00e9s impliquent une collaboration \u00e9troite avec nos partenaires, pr\u00e9sentement situ\u00e9s au Mali. Bien que nous t\u00e2chions de collaborer \u00e0 distance par le biais de t\u00e9l\u00e9conf\u00e9rences, il demeure essentiel de tenir des s\u00e9ances de travail ensemble.<\/p>\n<p style=\"text-align: justify;\">C&rsquo;est pourquoi des d\u00e9l\u00e9gations de lci\u00e9la se sont rendues au Mali \u00e0 de nombreuses reprises depuis le d\u00e9but de nos activit\u00e9s. \u00c0\u00a0chaque occasion, nos coop\u00e9rants prennent part \u00e0 des rencontres avec les membres de notre association partenaire afin d&rsquo;\u00e9changer sur des questions de fond ainsi que sur le d\u00e9veloppement de nos activit\u00e9s. Ce travail est essentiel si nous souhaitons maintenir des rapports \u00e9troits avec nos partenaires.<\/p>\n<p style=\"text-align: justify;\">Il vous est possible de prendre part \u00e0 de telles d\u00e9l\u00e9gations et vous rendre directement \u00e0 Ou\u00e9less\u00e9bougou, chez nos partenaires maliens. Depuis les d\u00e9buts de lci\u00e9la, une d\u00e9l\u00e9gation s&rsquo;est rendue au Mali aux six mois environ.<\/p>\n<p>[\/et_pb_testimonial][\/et_pb_column][\/et_pb_row][\/et_pb_section][et_pb_section fullwidth=\u00a0\u00bboff\u00a0\u00bb specialty=\u00a0\u00bboff\u00a0\u00bb background_image=\u00a0\u00bbhttp:\/\/iciela.org\/karite\/wp-content\/uploads\/2014\/08\/Fond-2.jpg\u00a0\u00bb background_color=\u00a0\u00bb#ffffff\u00a0\u00bb inner_shadow=\u00a0\u00bboff\u00a0\u00bb parallax=\u00a0\u00bboff\u00a0\u00bb parallax_method=\u00a0\u00bbcss\u00a0\u00bb][et_pb_row][et_pb_column type=\u00a0\u00bb4_4&Prime;][et_pb_text admin_label=\u00a0\u00bbText\u00a0\u00bb background_layout=\u00a0\u00bblight\u00a0\u00bb text_orientation=\u00a0\u00bbleft\u00a0\u00bb \/][\/et_pb_column][\/et_pb_row][\/et_pb_section]<\/p>\n","protected":false},"excerpt":{"rendered":"<p>[et_pb_section fullwidth=\u00a0\u00bboff\u00a0\u00bb specialty=\u00a0\u00bboff\u00a0\u00bb background_image=\u00a0\u00bbhttp:\/\/iciela.org\/karite\/wp-content\/uploads\/2014\/08\/Fond-2.jpg\u00a0\u00bb background_color=\u00a0\u00bb#ffffff\u00a0\u00bb inner_shadow=\u00a0\u00bboff\u00a0\u00bb parallax=\u00a0\u00bboff\u00a0\u00bb parallax_method=\u00a0\u00bbcss\u00a0\u00bb][et_pb_row][et_pb_column type=\u00a0\u00bb4_4&Prime;][et_pb_text admin_label=\u00a0\u00bbText\u00a0\u00bb background_layout=\u00a0\u00bblight\u00a0\u00bb text_orientation=\u00a0\u00bbleft\u00a0\u00bb] ICI\u00c9LA \/ PARTENAIRES \/ PARTENAIRES INTERNATIONAUX [\/et_pb_text][\/et_pb_column][\/et_pb_row][\/et_pb_section][et_pb_section fullwidth=\u00a0\u00bboff\u00a0\u00bb specialty=\u00a0\u00bboff\u00a0\u00bb][et_pb_row][et_pb_column type=\u00a0\u00bb2_3&Prime;][et_pb_text admin_label=\u00a0\u00bbText\u00a0\u00bb background_layout=\u00a0\u00bblight\u00a0\u00bb text_orientation=\u00a0\u00bbleft\u00a0\u00bb] NOS PARTENAIRES INTERNATIONAUX PARTENAIRE PRINCIPAL : Je ka barra &#8211; Ou\u00e9less\u00e9bougou, Mali Partenaire depuis le tout d\u00e9but, Je ka barra a initi\u00e9 notre activit\u00e9 de jumelages scolaires par correspondance d\u00e8s [&hellip;]<\/p>\n","protected":false},"author":2,"featured_media":0,"parent":0,"menu_order":0,"comment_status":"open","ping_status":"open","template":"","meta":{"footnotes":""},"class_list":["post-40","page","type-page","status-publish","hentry"],"yoast_head":"<!-- This site is optimized with the Yoast SEO plugin v27.4 - https:\/\/yoast.com\/product\/yoast-seo-wordpress\/ -->\n<title>Partenaires internationaux - Ici\u00e9la<\/title>\n<meta name=\"robots\" content=\"index, follow, max-snippet:-1, max-image-preview:large, max-video-preview:-1\" \/>\n<link rel=\"canonical\" href=\"https:\/\/iciela.org\/karite\/?page_id=40\" \/>\n<meta property=\"og:locale\" content=\"fr_FR\" \/>\n<meta property=\"og:type\" content=\"article\" \/>\n<meta property=\"og:title\" content=\"Partenaires internationaux - Ici\u00e9la\" \/>\n<meta property=\"og:description\" content=\"[et_pb_section fullwidth=\u00a0\u00bboff\u00a0\u00bb specialty=\u00a0\u00bboff\u00a0\u00bb background_image=\u00a0\u00bbhttp:\/\/iciela.org\/karite\/wp-content\/uploads\/2014\/08\/Fond-2.jpg\u00a0\u00bb background_color=\u00a0\u00bb#ffffff\u00a0\u00bb inner_shadow=\u00a0\u00bboff\u00a0\u00bb parallax=\u00a0\u00bboff\u00a0\u00bb parallax_method=\u00a0\u00bbcss\u00a0\u00bb][et_pb_row][et_pb_column type=\u00a0\u00bb4_4&Prime;][et_pb_text admin_label=\u00a0\u00bbText\u00a0\u00bb background_layout=\u00a0\u00bblight\u00a0\u00bb text_orientation=\u00a0\u00bbleft\u00a0\u00bb] ICI\u00c9LA \/ PARTENAIRES \/ PARTENAIRES INTERNATIONAUX [\/et_pb_text][\/et_pb_column][\/et_pb_row][\/et_pb_section][et_pb_section fullwidth=\u00a0\u00bboff\u00a0\u00bb specialty=\u00a0\u00bboff\u00a0\u00bb][et_pb_row][et_pb_column type=\u00a0\u00bb2_3&Prime;][et_pb_text admin_label=\u00a0\u00bbText\u00a0\u00bb background_layout=\u00a0\u00bblight\u00a0\u00bb text_orientation=\u00a0\u00bbleft\u00a0\u00bb] NOS PARTENAIRES INTERNATIONAUX PARTENAIRE PRINCIPAL : Je ka barra &#8211; Ou\u00e9less\u00e9bougou, Mali Partenaire depuis le tout d\u00e9but, Je ka barra a initi\u00e9 notre activit\u00e9 de jumelages scolaires par correspondance d\u00e8s [&hellip;]\" \/>\n<meta property=\"og:url\" content=\"https:\/\/iciela.org\/karite\/?page_id=40\" \/>\n<meta property=\"og:site_name\" content=\"Ici\u00e9la\" \/>\n<meta property=\"article:modified_time\" content=\"2014-10-15T19:54:57+00:00\" \/>\n<meta name=\"twitter:label1\" content=\"Dur\u00e9e de lecture estim\u00e9e\" \/>\n\t<meta name=\"twitter:data1\" content=\"6 minutes\" \/>\n<script type=\"application\/ld+json\" class=\"yoast-schema-graph\">{\"@context\":\"https:\\\/\\\/schema.org\",\"@graph\":[{\"@type\":\"WebPage\",\"@id\":\"https:\\\/\\\/iciela.org\\\/karite\\\/?page_id=40\",\"url\":\"https:\\\/\\\/iciela.org\\\/karite\\\/?page_id=40\",\"name\":\"Partenaires internationaux - Ici\u00e9la\",\"isPartOf\":{\"@id\":\"https:\\\/\\\/iciela.org\\\/karite\\\/#website\"},\"datePublished\":\"2014-01-13T18:22:15+00:00\",\"dateModified\":\"2014-10-15T19:54:57+00:00\",\"breadcrumb\":{\"@id\":\"https:\\\/\\\/iciela.org\\\/karite\\\/?page_id=40#breadcrumb\"},\"inLanguage\":\"fr-FR\",\"potentialAction\":[{\"@type\":\"ReadAction\",\"target\":[\"https:\\\/\\\/iciela.org\\\/karite\\\/?page_id=40\"]}]},{\"@type\":\"BreadcrumbList\",\"@id\":\"https:\\\/\\\/iciela.org\\\/karite\\\/?page_id=40#breadcrumb\",\"itemListElement\":[{\"@type\":\"ListItem\",\"position\":1,\"name\":\"Accueil\",\"item\":\"https:\\\/\\\/iciela.org\\\/karite\\\/\"},{\"@type\":\"ListItem\",\"position\":2,\"name\":\"Partenaires internationaux\"}]},{\"@type\":\"WebSite\",\"@id\":\"https:\\\/\\\/iciela.org\\\/karite\\\/#website\",\"url\":\"https:\\\/\\\/iciela.org\\\/karite\\\/\",\"name\":\"Ici\u00e9la\",\"description\":\"\u00c9changer. Comprendre. Agir\u2026 ensemble !\",\"potentialAction\":[{\"@type\":\"SearchAction\",\"target\":{\"@type\":\"EntryPoint\",\"urlTemplate\":\"https:\\\/\\\/iciela.org\\\/karite\\\/?s={search_term_string}\"},\"query-input\":{\"@type\":\"PropertyValueSpecification\",\"valueRequired\":true,\"valueName\":\"search_term_string\"}}],\"inLanguage\":\"fr-FR\"}]}<\/script>\n<!-- \/ Yoast SEO plugin. -->","yoast_head_json":{"title":"Partenaires internationaux - Ici\u00e9la","robots":{"index":"index","follow":"follow","max-snippet":"max-snippet:-1","max-image-preview":"max-image-preview:large","max-video-preview":"max-video-preview:-1"},"canonical":"https:\/\/iciela.org\/karite\/?page_id=40","og_locale":"fr_FR","og_type":"article","og_title":"Partenaires internationaux - Ici\u00e9la","og_description":"[et_pb_section fullwidth=\u00a0\u00bboff\u00a0\u00bb specialty=\u00a0\u00bboff\u00a0\u00bb background_image=\u00a0\u00bbhttp:\/\/iciela.org\/karite\/wp-content\/uploads\/2014\/08\/Fond-2.jpg\u00a0\u00bb background_color=\u00a0\u00bb#ffffff\u00a0\u00bb inner_shadow=\u00a0\u00bboff\u00a0\u00bb parallax=\u00a0\u00bboff\u00a0\u00bb parallax_method=\u00a0\u00bbcss\u00a0\u00bb][et_pb_row][et_pb_column type=\u00a0\u00bb4_4&Prime;][et_pb_text admin_label=\u00a0\u00bbText\u00a0\u00bb background_layout=\u00a0\u00bblight\u00a0\u00bb text_orientation=\u00a0\u00bbleft\u00a0\u00bb] ICI\u00c9LA \/ PARTENAIRES \/ PARTENAIRES INTERNATIONAUX [\/et_pb_text][\/et_pb_column][\/et_pb_row][\/et_pb_section][et_pb_section fullwidth=\u00a0\u00bboff\u00a0\u00bb specialty=\u00a0\u00bboff\u00a0\u00bb][et_pb_row][et_pb_column type=\u00a0\u00bb2_3&Prime;][et_pb_text admin_label=\u00a0\u00bbText\u00a0\u00bb background_layout=\u00a0\u00bblight\u00a0\u00bb text_orientation=\u00a0\u00bbleft\u00a0\u00bb] NOS PARTENAIRES INTERNATIONAUX PARTENAIRE PRINCIPAL : Je ka barra &#8211; Ou\u00e9less\u00e9bougou, Mali Partenaire depuis le tout d\u00e9but, Je ka barra a initi\u00e9 notre activit\u00e9 de jumelages scolaires par correspondance d\u00e8s [&hellip;]","og_url":"https:\/\/iciela.org\/karite\/?page_id=40","og_site_name":"Ici\u00e9la","article_modified_time":"2014-10-15T19:54:57+00:00","twitter_misc":{"Dur\u00e9e de lecture estim\u00e9e":"6 minutes"},"schema":{"@context":"https:\/\/schema.org","@graph":[{"@type":"WebPage","@id":"https:\/\/iciela.org\/karite\/?page_id=40","url":"https:\/\/iciela.org\/karite\/?page_id=40","name":"Partenaires internationaux - Ici\u00e9la","isPartOf":{"@id":"https:\/\/iciela.org\/karite\/#website"},"datePublished":"2014-01-13T18:22:15+00:00","dateModified":"2014-10-15T19:54:57+00:00","breadcrumb":{"@id":"https:\/\/iciela.org\/karite\/?page_id=40#breadcrumb"},"inLanguage":"fr-FR","potentialAction":[{"@type":"ReadAction","target":["https:\/\/iciela.org\/karite\/?page_id=40"]}]},{"@type":"BreadcrumbList","@id":"https:\/\/iciela.org\/karite\/?page_id=40#breadcrumb","itemListElement":[{"@type":"ListItem","position":1,"name":"Accueil","item":"https:\/\/iciela.org\/karite\/"},{"@type":"ListItem","position":2,"name":"Partenaires internationaux"}]},{"@type":"WebSite","@id":"https:\/\/iciela.org\/karite\/#website","url":"https:\/\/iciela.org\/karite\/","name":"Ici\u00e9la","description":"\u00c9changer. Comprendre. Agir\u2026 ensemble !","potentialAction":[{"@type":"SearchAction","target":{"@type":"EntryPoint","urlTemplate":"https:\/\/iciela.org\/karite\/?s={search_term_string}"},"query-input":{"@type":"PropertyValueSpecification","valueRequired":true,"valueName":"search_term_string"}}],"inLanguage":"fr-FR"}]}},"_links":{"self":[{"href":"https:\/\/iciela.org\/karite\/index.php?rest_route=\/wp\/v2\/pages\/40","targetHints":{"allow":["GET"]}}],"collection":[{"href":"https:\/\/iciela.org\/karite\/index.php?rest_route=\/wp\/v2\/pages"}],"about":[{"href":"https:\/\/iciela.org\/karite\/index.php?rest_route=\/wp\/v2\/types\/page"}],"author":[{"embeddable":true,"href":"https:\/\/iciela.org\/karite\/index.php?rest_route=\/wp\/v2\/users\/2"}],"replies":[{"embeddable":true,"href":"https:\/\/iciela.org\/karite\/index.php?rest_route=%2Fwp%2Fv2%2Fcomments&post=40"}],"version-history":[{"count":29,"href":"https:\/\/iciela.org\/karite\/index.php?rest_route=\/wp\/v2\/pages\/40\/revisions"}],"predecessor-version":[{"id":1721,"href":"https:\/\/iciela.org\/karite\/index.php?rest_route=\/wp\/v2\/pages\/40\/revisions\/1721"}],"wp:attachment":[{"href":"https:\/\/iciela.org\/karite\/index.php?rest_route=%2Fwp%2Fv2%2Fmedia&parent=40"}],"curies":[{"name":"wp","href":"https:\/\/api.w.org\/{rel}","templated":true}]}}