{"id":33,"date":"2014-01-13T19:03:42","date_gmt":"2014-01-13T18:03:42","guid":{"rendered":"http:\/\/iciela.org\/karite\/?page_id=33"},"modified":"2017-02-07T12:59:54","modified_gmt":"2017-02-07T17:59:54","slug":"projets-deconomie-solidaire","status":"publish","type":"page","link":"https:\/\/iciela.org\/karite\/?page_id=33","title":{"rendered":"\u00c9conomie solidaire"},"content":{"rendered":"<p>[et_pb_section fullwidth=\u00a0\u00bboff\u00a0\u00bb specialty=\u00a0\u00bboff\u00a0\u00bb background_image=\u00a0\u00bbhttp:\/\/iciela.org\/karite\/wp-content\/uploads\/2014\/08\/Fond-2.jpg\u00a0\u00bb inner_shadow=\u00a0\u00bboff\u00a0\u00bb parallax=\u00a0\u00bboff\u00a0\u00bb parallax_method=\u00a0\u00bbcss\u00a0\u00bb][et_pb_row][et_pb_column type=\u00a0\u00bb4_4&Prime;][et_pb_text admin_label=\u00a0\u00bbText\u00a0\u00bb background_layout=\u00a0\u00bblight\u00a0\u00bb text_orientation=\u00a0\u00bbleft\u00a0\u00bb]<\/p>\n<p style=\"text-align: center; font-size: 18px;\"><span style=\"color: #ffffff;\"><strong>ICI\u00c9LA \/ ACTIVIT\u00c9S ET PROJETS \/ PROJETS D&rsquo;\u00c9CONOMIE SOLIDAIRE<\/strong><\/span><\/p>\n<p>[\/et_pb_text][\/et_pb_column][\/et_pb_row][\/et_pb_section][et_pb_section fullwidth=\u00a0\u00bboff\u00a0\u00bb specialty=\u00a0\u00bboff\u00a0\u00bb][et_pb_row][et_pb_column type=\u00a0\u00bb2_3&Prime;][et_pb_text admin_label=\u00a0\u00bbText\u00a0\u00bb background_layout=\u00a0\u00bblight\u00a0\u00bb text_orientation=\u00a0\u00bbleft\u00a0\u00bb]<\/p>\n<p style=\"font-size: 18px; color: #b4e85c; text-align: justify;\"><strong>PROJETS D&rsquo;\u00c9CONOMIE SOLIDAIRE<\/strong><\/p>\n<p style=\"text-align: justify;\">L\u2019\u00e9conomie solidaire a\u00a0une finalit\u00e9 d\u2019int\u00e9r\u00eat collectif. Elle vise \u00e0 mettre en oeuvre des projets respectueux de l\u2019environnement et \u00e0 contribuer \u00e0 la coh\u00e9sion sociale et \u00e0 la r\u00e9duction des in\u00e9galit\u00e9s. Sa gouvernance est d\u00e9mocratique, ce qui signifie qu\u2019elle place les hommes et les femmes du projet au coeur du processus de d\u00e9cision. Elle se caract\u00e9rise \u00e9galement par un ancrage territorial et une mobilisation citoyenne, elle a pour objectif de faire des citoyens des contributeurs aussi bien que des b\u00e9n\u00e9ficiaires du progr\u00e8s \u00e9conomique, social et \u00e9cologique. Ici\u00e9la souhaite d\u00e9velopper des\u00a0initiatives fond\u00e9es sur les principes de l\u2019\u00e9conomie solidaire et qui visent l\u2019\u00e9mergence d\u2019une culture de paix en misant sur un mod\u00e8le \u00e9conomique plus inclusif et \u00e9quitable. Le but est\u00a0notamment de permettre \u00e0 nos partenaires internationaux d\u2019auto-financer leur participation aux activit\u00e9s interculturelles.<\/p>\n<p style=\"color: #b4e85c; text-align: justify;\"><strong>AVANTAGES :<\/strong><\/p>\n<ul style=\"text-align: justify;\">\n<li>cr\u00e9e des emplois et g\u00e9n\u00e8re des revenus qui sont ensuite r\u00e9investis dans des initiatives de d\u00e9veloppement communautaire ;<\/li>\n<li>g\u00e9n\u00e8re des retomb\u00e9es tant ici que chez nos partenaires.<\/li>\n<\/ul>\n<p style=\"color: #b4e85c; text-align: justify;\"><strong>D\u00c9MARCHE \u00c9DUCATIVE :<\/strong><\/p>\n<ul style=\"text-align: justify;\">\n<li>mise en pratique d\u2019un mod\u00e8le d\u2019\u00e9mancipation socio\u00e9conomique ;<\/li>\n<li>engagement concret aupr\u00e8s des partenaires selon les valeurs et les principes d&rsquo;Ici\u00e9la.<\/li>\n<\/ul>\n<p>\u00c0 l&rsquo;heure actuelle, Ici\u00e9la n&rsquo;a r\u00e9ellement d\u00e9velopp\u00e9 qu&rsquo;un seul projet d&rsquo;\u00e9conomie solidaire, celui de la vente du beurre de karit\u00e9 produit par des membres de notre groupe de partenaires du Mali.<\/p>\n<p>[\/et_pb_text][\/et_pb_column][et_pb_column type=\u00a0\u00bb1_3&Prime;][et_pb_text admin_label=\u00a0\u00bbText\u00a0\u00bb background_layout=\u00a0\u00bblight\u00a0\u00bb text_orientation=\u00a0\u00bbleft\u00a0\u00bb]<\/p>\n<p style=\"text-align: center;\"><strong>PRINCIPES DE BASE DE L&rsquo;\u00c9CONOMIE SOLIDAIRE<\/strong><\/p>\n<p>[\/et_pb_text][et_pb_blurb admin_label=\u00a0\u00bbBlurb\u00a0\u00bb title=\u00a0\u00bbFinalit\u00e9 d&rsquo;int\u00e9r\u00eat collectif\u00a0\u00bb url_new_window=\u00a0\u00bboff\u00a0\u00bb use_icon=\u00a0\u00bbon\u00a0\u00bb font_icon=\u00a0\u00bb1&Prime; icon_color=\u00a0\u00bb#b4e85c\u00a0\u00bb use_circle=\u00a0\u00bboff\u00a0\u00bb circle_color=\u00a0\u00bb#b4e85c\u00a0\u00bb use_circle_border=\u00a0\u00bboff\u00a0\u00bb circle_border_color=\u00a0\u00bb#b4e85c\u00a0\u00bb icon_placement=\u00a0\u00bbleft\u00a0\u00bb animation=\u00a0\u00bbtop\u00a0\u00bb background_layout=\u00a0\u00bblight\u00a0\u00bb text_orientation=\u00a0\u00bbcenter\u00a0\u00bb \/][et_pb_blurb admin_label=\u00a0\u00bbBlurb\u00a0\u00bb title=\u00a0\u00bbProjets respectueux\u00a0\u00bb url_new_window=\u00a0\u00bboff\u00a0\u00bb use_icon=\u00a0\u00bbon\u00a0\u00bb font_icon=\u00a0\u00bb\ue030\u00a0\u00bb icon_color=\u00a0\u00bb#b4e85c\u00a0\u00bb use_circle=\u00a0\u00bboff\u00a0\u00bb circle_color=\u00a0\u00bb#b4e85c\u00a0\u00bb use_circle_border=\u00a0\u00bboff\u00a0\u00bb circle_border_color=\u00a0\u00bb#b4e85c\u00a0\u00bb icon_placement=\u00a0\u00bbleft\u00a0\u00bb animation=\u00a0\u00bbtop\u00a0\u00bb background_layout=\u00a0\u00bblight\u00a0\u00bb text_orientation=\u00a0\u00bbcenter\u00a0\u00bb \/][et_pb_blurb admin_label=\u00a0\u00bbBlurb\u00a0\u00bb title=\u00a0\u00bbGouvernance d\u00e9mocratique\u00a0\u00bb url_new_window=\u00a0\u00bboff\u00a0\u00bb use_icon=\u00a0\u00bbon\u00a0\u00bb font_icon=\u00a0\u00bb\ue0e3\u00a0\u00bb icon_color=\u00a0\u00bb#b4e85c\u00a0\u00bb use_circle=\u00a0\u00bboff\u00a0\u00bb circle_color=\u00a0\u00bb#b4e85c\u00a0\u00bb use_circle_border=\u00a0\u00bboff\u00a0\u00bb circle_border_color=\u00a0\u00bb#b4e85c\u00a0\u00bb icon_placement=\u00a0\u00bbleft\u00a0\u00bb animation=\u00a0\u00bbtop\u00a0\u00bb background_layout=\u00a0\u00bblight\u00a0\u00bb text_orientation=\u00a0\u00bbcenter\u00a0\u00bb \/][et_pb_blurb admin_label=\u00a0\u00bbBlurb\u00a0\u00bb title=\u00a0\u00bbAncrage territorial\u00a0\u00bb url_new_window=\u00a0\u00bboff\u00a0\u00bb use_icon=\u00a0\u00bbon\u00a0\u00bb font_icon=\u00a0\u00bb\ue01d\u00a0\u00bb icon_color=\u00a0\u00bb#b4e85c\u00a0\u00bb use_circle=\u00a0\u00bboff\u00a0\u00bb circle_color=\u00a0\u00bb#b4e85c\u00a0\u00bb use_circle_border=\u00a0\u00bboff\u00a0\u00bb circle_border_color=\u00a0\u00bb#b4e85c\u00a0\u00bb icon_placement=\u00a0\u00bbleft\u00a0\u00bb animation=\u00a0\u00bbtop\u00a0\u00bb background_layout=\u00a0\u00bblight\u00a0\u00bb text_orientation=\u00a0\u00bbcenter\u00a0\u00bb \/][et_pb_blurb admin_label=\u00a0\u00bbBlurb\u00a0\u00bb title=\u00a0\u00bbMobilisation citoyenne\u00a0\u00bb url_new_window=\u00a0\u00bboff\u00a0\u00bb use_icon=\u00a0\u00bbon\u00a0\u00bb font_icon=\u00a0\u00bb\ue02a\u00a0\u00bb icon_color=\u00a0\u00bb#b4e85c\u00a0\u00bb use_circle=\u00a0\u00bboff\u00a0\u00bb circle_color=\u00a0\u00bb#b4e85c\u00a0\u00bb use_circle_border=\u00a0\u00bboff\u00a0\u00bb circle_border_color=\u00a0\u00bb#b4e85c\u00a0\u00bb icon_placement=\u00a0\u00bbleft\u00a0\u00bb animation=\u00a0\u00bbtop\u00a0\u00bb background_layout=\u00a0\u00bblight\u00a0\u00bb text_orientation=\u00a0\u00bbcenter\u00a0\u00bb \/][et_pb_blurb admin_label=\u00a0\u00bbBlurb\u00a0\u00bb title=\u00a0\u00bbCollabore aux projets d&rsquo;\u00e9conomie solidaire !\u00a0\u00bb url_new_window=\u00a0\u00bbon\u00a0\u00bb use_icon=\u00a0\u00bbon\u00a0\u00bb font_icon=\u00a0\u00bb\ue0ed\u00a0\u00bb icon_color=\u00a0\u00bb#ffffff\u00a0\u00bb use_circle=\u00a0\u00bbon\u00a0\u00bb circle_color=\u00a0\u00bb#b4e85c\u00a0\u00bb use_circle_border=\u00a0\u00bboff\u00a0\u00bb circle_border_color=\u00a0\u00bb#b4e85c\u00a0\u00bb icon_placement=\u00a0\u00bbtop\u00a0\u00bb animation=\u00a0\u00bbtop\u00a0\u00bb background_layout=\u00a0\u00bblight\u00a0\u00bb text_orientation=\u00a0\u00bbcenter\u00a0\u00bb url=\u00a0\u00bbhttp:\/\/iciela.org\/karite\/?page_id=1443&Prime;]<\/p>\n<p>Tu es fascin\u00e9 par l&rsquo;\u00e9conomie solidaire et tu as envie de prendre part \u00e0 son d\u00e9veloppement ? Implique-toi dans notre comit\u00e9 d\u00e9di\u00e9 !<\/p>\n<p>[\/et_pb_blurb][\/et_pb_column][\/et_pb_row][\/et_pb_section][et_pb_section fullwidth=\u00a0\u00bboff\u00a0\u00bb specialty=\u00a0\u00bboff\u00a0\u00bb background_image=\u00a0\u00bbhttp:\/\/iciela.org\/karite\/wp-content\/uploads\/2014\/08\/Fond-2.jpg\u00a0\u00bb inner_shadow=\u00a0\u00bboff\u00a0\u00bb parallax=\u00a0\u00bboff\u00a0\u00bb parallax_method=\u00a0\u00bbcss\u00a0\u00bb][et_pb_row][et_pb_column type=\u00a0\u00bb4_4&Prime;][et_pb_text admin_label=\u00a0\u00bbText\u00a0\u00bb background_layout=\u00a0\u00bblight\u00a0\u00bb text_orientation=\u00a0\u00bbleft\u00a0\u00bb \/][\/et_pb_column][\/et_pb_row][\/et_pb_section]<\/p>\n","protected":false},"excerpt":{"rendered":"<p>[et_pb_section fullwidth=\u00a0\u00bboff\u00a0\u00bb specialty=\u00a0\u00bboff\u00a0\u00bb background_image=\u00a0\u00bbhttp:\/\/iciela.org\/karite\/wp-content\/uploads\/2014\/08\/Fond-2.jpg\u00a0\u00bb inner_shadow=\u00a0\u00bboff\u00a0\u00bb parallax=\u00a0\u00bboff\u00a0\u00bb parallax_method=\u00a0\u00bbcss\u00a0\u00bb][et_pb_row][et_pb_column type=\u00a0\u00bb4_4&Prime;][et_pb_text admin_label=\u00a0\u00bbText\u00a0\u00bb background_layout=\u00a0\u00bblight\u00a0\u00bb text_orientation=\u00a0\u00bbleft\u00a0\u00bb] ICI\u00c9LA \/ ACTIVIT\u00c9S ET PROJETS \/ PROJETS D&rsquo;\u00c9CONOMIE SOLIDAIRE [\/et_pb_text][\/et_pb_column][\/et_pb_row][\/et_pb_section][et_pb_section fullwidth=\u00a0\u00bboff\u00a0\u00bb specialty=\u00a0\u00bboff\u00a0\u00bb][et_pb_row][et_pb_column type=\u00a0\u00bb2_3&Prime;][et_pb_text admin_label=\u00a0\u00bbText\u00a0\u00bb background_layout=\u00a0\u00bblight\u00a0\u00bb text_orientation=\u00a0\u00bbleft\u00a0\u00bb] PROJETS D&rsquo;\u00c9CONOMIE SOLIDAIRE L\u2019\u00e9conomie solidaire a\u00a0une finalit\u00e9 d\u2019int\u00e9r\u00eat collectif. Elle vise \u00e0 mettre en oeuvre des projets respectueux de l\u2019environnement et \u00e0 contribuer \u00e0 la coh\u00e9sion sociale et [&hellip;]<\/p>\n","protected":false},"author":2,"featured_media":0,"parent":0,"menu_order":0,"comment_status":"open","ping_status":"open","template":"","meta":{"footnotes":""},"class_list":["post-33","page","type-page","status-publish","hentry"],"yoast_head":"<!-- This site is optimized with the Yoast SEO plugin v27.4 - https:\/\/yoast.com\/product\/yoast-seo-wordpress\/ -->\n<title>\u00c9conomie solidaire - Ici\u00e9la<\/title>\n<meta name=\"robots\" content=\"index, follow, max-snippet:-1, max-image-preview:large, max-video-preview:-1\" \/>\n<link rel=\"canonical\" href=\"https:\/\/iciela.org\/karite\/?page_id=33\" \/>\n<meta property=\"og:locale\" content=\"fr_FR\" \/>\n<meta property=\"og:type\" content=\"article\" \/>\n<meta property=\"og:title\" content=\"\u00c9conomie solidaire - Ici\u00e9la\" \/>\n<meta property=\"og:description\" content=\"[et_pb_section fullwidth=\u00a0\u00bboff\u00a0\u00bb specialty=\u00a0\u00bboff\u00a0\u00bb background_image=\u00a0\u00bbhttp:\/\/iciela.org\/karite\/wp-content\/uploads\/2014\/08\/Fond-2.jpg\u00a0\u00bb inner_shadow=\u00a0\u00bboff\u00a0\u00bb parallax=\u00a0\u00bboff\u00a0\u00bb parallax_method=\u00a0\u00bbcss\u00a0\u00bb][et_pb_row][et_pb_column type=\u00a0\u00bb4_4&Prime;][et_pb_text admin_label=\u00a0\u00bbText\u00a0\u00bb background_layout=\u00a0\u00bblight\u00a0\u00bb text_orientation=\u00a0\u00bbleft\u00a0\u00bb] ICI\u00c9LA \/ ACTIVIT\u00c9S ET PROJETS \/ PROJETS D&rsquo;\u00c9CONOMIE SOLIDAIRE [\/et_pb_text][\/et_pb_column][\/et_pb_row][\/et_pb_section][et_pb_section fullwidth=\u00a0\u00bboff\u00a0\u00bb specialty=\u00a0\u00bboff\u00a0\u00bb][et_pb_row][et_pb_column type=\u00a0\u00bb2_3&Prime;][et_pb_text admin_label=\u00a0\u00bbText\u00a0\u00bb background_layout=\u00a0\u00bblight\u00a0\u00bb text_orientation=\u00a0\u00bbleft\u00a0\u00bb] PROJETS D&rsquo;\u00c9CONOMIE SOLIDAIRE L\u2019\u00e9conomie solidaire a\u00a0une finalit\u00e9 d\u2019int\u00e9r\u00eat collectif. Elle vise \u00e0 mettre en oeuvre des projets respectueux de l\u2019environnement et \u00e0 contribuer \u00e0 la coh\u00e9sion sociale et [&hellip;]\" \/>\n<meta property=\"og:url\" content=\"https:\/\/iciela.org\/karite\/?page_id=33\" \/>\n<meta property=\"og:site_name\" content=\"Ici\u00e9la\" \/>\n<meta property=\"article:modified_time\" content=\"2017-02-07T17:59:54+00:00\" \/>\n<meta name=\"twitter:label1\" content=\"Dur\u00e9e de lecture estim\u00e9e\" \/>\n\t<meta name=\"twitter:data1\" content=\"4 minutes\" \/>\n<script type=\"application\/ld+json\" class=\"yoast-schema-graph\">{\"@context\":\"https:\\\/\\\/schema.org\",\"@graph\":[{\"@type\":\"WebPage\",\"@id\":\"https:\\\/\\\/iciela.org\\\/karite\\\/?page_id=33\",\"url\":\"https:\\\/\\\/iciela.org\\\/karite\\\/?page_id=33\",\"name\":\"\u00c9conomie solidaire - Ici\u00e9la\",\"isPartOf\":{\"@id\":\"https:\\\/\\\/iciela.org\\\/karite\\\/#website\"},\"datePublished\":\"2014-01-13T18:03:42+00:00\",\"dateModified\":\"2017-02-07T17:59:54+00:00\",\"breadcrumb\":{\"@id\":\"https:\\\/\\\/iciela.org\\\/karite\\\/?page_id=33#breadcrumb\"},\"inLanguage\":\"fr-FR\",\"potentialAction\":[{\"@type\":\"ReadAction\",\"target\":[\"https:\\\/\\\/iciela.org\\\/karite\\\/?page_id=33\"]}]},{\"@type\":\"BreadcrumbList\",\"@id\":\"https:\\\/\\\/iciela.org\\\/karite\\\/?page_id=33#breadcrumb\",\"itemListElement\":[{\"@type\":\"ListItem\",\"position\":1,\"name\":\"Accueil\",\"item\":\"https:\\\/\\\/iciela.org\\\/karite\\\/\"},{\"@type\":\"ListItem\",\"position\":2,\"name\":\"\u00c9conomie solidaire\"}]},{\"@type\":\"WebSite\",\"@id\":\"https:\\\/\\\/iciela.org\\\/karite\\\/#website\",\"url\":\"https:\\\/\\\/iciela.org\\\/karite\\\/\",\"name\":\"Ici\u00e9la\",\"description\":\"\u00c9changer. Comprendre. Agir\u2026 ensemble !\",\"potentialAction\":[{\"@type\":\"SearchAction\",\"target\":{\"@type\":\"EntryPoint\",\"urlTemplate\":\"https:\\\/\\\/iciela.org\\\/karite\\\/?s={search_term_string}\"},\"query-input\":{\"@type\":\"PropertyValueSpecification\",\"valueRequired\":true,\"valueName\":\"search_term_string\"}}],\"inLanguage\":\"fr-FR\"}]}<\/script>\n<!-- \/ Yoast SEO plugin. -->","yoast_head_json":{"title":"\u00c9conomie solidaire - Ici\u00e9la","robots":{"index":"index","follow":"follow","max-snippet":"max-snippet:-1","max-image-preview":"max-image-preview:large","max-video-preview":"max-video-preview:-1"},"canonical":"https:\/\/iciela.org\/karite\/?page_id=33","og_locale":"fr_FR","og_type":"article","og_title":"\u00c9conomie solidaire - Ici\u00e9la","og_description":"[et_pb_section fullwidth=\u00a0\u00bboff\u00a0\u00bb specialty=\u00a0\u00bboff\u00a0\u00bb background_image=\u00a0\u00bbhttp:\/\/iciela.org\/karite\/wp-content\/uploads\/2014\/08\/Fond-2.jpg\u00a0\u00bb inner_shadow=\u00a0\u00bboff\u00a0\u00bb parallax=\u00a0\u00bboff\u00a0\u00bb parallax_method=\u00a0\u00bbcss\u00a0\u00bb][et_pb_row][et_pb_column type=\u00a0\u00bb4_4&Prime;][et_pb_text admin_label=\u00a0\u00bbText\u00a0\u00bb background_layout=\u00a0\u00bblight\u00a0\u00bb text_orientation=\u00a0\u00bbleft\u00a0\u00bb] ICI\u00c9LA \/ ACTIVIT\u00c9S ET PROJETS \/ PROJETS D&rsquo;\u00c9CONOMIE SOLIDAIRE [\/et_pb_text][\/et_pb_column][\/et_pb_row][\/et_pb_section][et_pb_section fullwidth=\u00a0\u00bboff\u00a0\u00bb specialty=\u00a0\u00bboff\u00a0\u00bb][et_pb_row][et_pb_column type=\u00a0\u00bb2_3&Prime;][et_pb_text admin_label=\u00a0\u00bbText\u00a0\u00bb background_layout=\u00a0\u00bblight\u00a0\u00bb text_orientation=\u00a0\u00bbleft\u00a0\u00bb] PROJETS D&rsquo;\u00c9CONOMIE SOLIDAIRE L\u2019\u00e9conomie solidaire a\u00a0une finalit\u00e9 d\u2019int\u00e9r\u00eat collectif. Elle vise \u00e0 mettre en oeuvre des projets respectueux de l\u2019environnement et \u00e0 contribuer \u00e0 la coh\u00e9sion sociale et [&hellip;]","og_url":"https:\/\/iciela.org\/karite\/?page_id=33","og_site_name":"Ici\u00e9la","article_modified_time":"2017-02-07T17:59:54+00:00","twitter_misc":{"Dur\u00e9e de lecture estim\u00e9e":"4 minutes"},"schema":{"@context":"https:\/\/schema.org","@graph":[{"@type":"WebPage","@id":"https:\/\/iciela.org\/karite\/?page_id=33","url":"https:\/\/iciela.org\/karite\/?page_id=33","name":"\u00c9conomie solidaire - Ici\u00e9la","isPartOf":{"@id":"https:\/\/iciela.org\/karite\/#website"},"datePublished":"2014-01-13T18:03:42+00:00","dateModified":"2017-02-07T17:59:54+00:00","breadcrumb":{"@id":"https:\/\/iciela.org\/karite\/?page_id=33#breadcrumb"},"inLanguage":"fr-FR","potentialAction":[{"@type":"ReadAction","target":["https:\/\/iciela.org\/karite\/?page_id=33"]}]},{"@type":"BreadcrumbList","@id":"https:\/\/iciela.org\/karite\/?page_id=33#breadcrumb","itemListElement":[{"@type":"ListItem","position":1,"name":"Accueil","item":"https:\/\/iciela.org\/karite\/"},{"@type":"ListItem","position":2,"name":"\u00c9conomie solidaire"}]},{"@type":"WebSite","@id":"https:\/\/iciela.org\/karite\/#website","url":"https:\/\/iciela.org\/karite\/","name":"Ici\u00e9la","description":"\u00c9changer. Comprendre. Agir\u2026 ensemble !","potentialAction":[{"@type":"SearchAction","target":{"@type":"EntryPoint","urlTemplate":"https:\/\/iciela.org\/karite\/?s={search_term_string}"},"query-input":{"@type":"PropertyValueSpecification","valueRequired":true,"valueName":"search_term_string"}}],"inLanguage":"fr-FR"}]}},"_links":{"self":[{"href":"https:\/\/iciela.org\/karite\/index.php?rest_route=\/wp\/v2\/pages\/33","targetHints":{"allow":["GET"]}}],"collection":[{"href":"https:\/\/iciela.org\/karite\/index.php?rest_route=\/wp\/v2\/pages"}],"about":[{"href":"https:\/\/iciela.org\/karite\/index.php?rest_route=\/wp\/v2\/types\/page"}],"author":[{"embeddable":true,"href":"https:\/\/iciela.org\/karite\/index.php?rest_route=\/wp\/v2\/users\/2"}],"replies":[{"embeddable":true,"href":"https:\/\/iciela.org\/karite\/index.php?rest_route=%2Fwp%2Fv2%2Fcomments&post=33"}],"version-history":[{"count":28,"href":"https:\/\/iciela.org\/karite\/index.php?rest_route=\/wp\/v2\/pages\/33\/revisions"}],"predecessor-version":[{"id":1548,"href":"https:\/\/iciela.org\/karite\/index.php?rest_route=\/wp\/v2\/pages\/33\/revisions\/1548"}],"wp:attachment":[{"href":"https:\/\/iciela.org\/karite\/index.php?rest_route=%2Fwp%2Fv2%2Fmedia&parent=33"}],"curies":[{"name":"wp","href":"https:\/\/api.w.org\/{rel}","templated":true}]}}