{"id":27,"date":"2014-01-13T18:59:23","date_gmt":"2014-01-13T17:59:23","guid":{"rendered":"http:\/\/iciela.org\/karite\/?page_id=27"},"modified":"2017-02-07T13:00:14","modified_gmt":"2017-02-07T18:00:14","slug":"evenements-publics","status":"publish","type":"page","link":"https:\/\/iciela.org\/karite\/?page_id=27","title":{"rendered":"\u00c9v\u00e8nements publics"},"content":{"rendered":"<p>[et_pb_section fullwidth=\u00a0\u00bboff\u00a0\u00bb specialty=\u00a0\u00bboff\u00a0\u00bb background_image=\u00a0\u00bbhttp:\/\/iciela.org\/karite\/wp-content\/uploads\/2014\/08\/Fond-2.jpg\u00a0\u00bb inner_shadow=\u00a0\u00bboff\u00a0\u00bb parallax=\u00a0\u00bboff\u00a0\u00bb parallax_method=\u00a0\u00bbcss\u00a0\u00bb][et_pb_row][et_pb_column type=\u00a0\u00bb4_4&Prime;][et_pb_text admin_label=\u00a0\u00bbText\u00a0\u00bb background_layout=\u00a0\u00bblight\u00a0\u00bb text_orientation=\u00a0\u00bbleft\u00a0\u00bb]<\/p>\n<p style=\"text-align: center; font-size: 18px;\"><strong><span style=\"color: #ffffff;\">ICI\u00c9LA \/ ACTIVIT\u00c9S ET PROJETS \/ \u00c9V\u00c8NEMENTS PUBLICS<\/span><\/strong><\/p>\n<p>[\/et_pb_text][\/et_pb_column][\/et_pb_row][\/et_pb_section][et_pb_section fullwidth=\u00a0\u00bboff\u00a0\u00bb specialty=\u00a0\u00bbon\u00a0\u00bb][et_pb_column type=\u00a0\u00bb2_3&Prime; specialty_columns=\u00a0\u00bb2&Prime;][et_pb_row_inner][et_pb_column_inner type=\u00a0\u00bb4_4&Prime;][et_pb_text admin_label=\u00a0\u00bbText\u00a0\u00bb background_layout=\u00a0\u00bblight\u00a0\u00bb text_orientation=\u00a0\u00bbleft\u00a0\u00bb]<\/p>\n<p style=\"color: #b4e85c; font-size: 18px;\"><strong>\u00c9V\u00c8NEMENTS PUBLICS<\/strong><\/p>\n<p style=\"text-align: justify;\">Ici\u00e9la organise \u00e0 l&rsquo;occasion des rassemblements citoyens visant \u00e0 promouvoir le dialogue interculturel et \u00e0 faire conna\u00eetre nos initiatives dans le domaine. Que ce soient des soir\u00e9es, des soupers ou d&rsquo;autres types d&rsquo;\u00e9v\u00e8nements, il est toujours question d&rsquo;activit\u00e9s d&rsquo;\u00e9changes, de discussions et de diffusion du contenu multim\u00e9dia produit par les jeunes dans le cadre des ateliers jeunesse du projet Pangaya.<\/p>\n<p>[\/et_pb_text][et_pb_testimonial admin_label=\u00a0\u00bbTestimonial\u00a0\u00bb url_new_window=\u00a0\u00bboff\u00a0\u00bb quote_icon=\u00a0\u00bbon\u00a0\u00bb use_background_color=\u00a0\u00bbon\u00a0\u00bb background_layout=\u00a0\u00bblight\u00a0\u00bb text_orientation=\u00a0\u00bbcenter\u00a0\u00bb background_color=\u00a0\u00bb#f2f2f2&Prime;]<\/p>\n<p style=\"text-align: center;\">Le but principal est d&rsquo;ouvrir le dialogue avec un plus large public sur l&rsquo;ensemble des th\u00e9matiques abord\u00e9es dans le cadre du projet Pangaya et d&rsquo;offrir une plus grande visibilit\u00e9 aux oeuvres produites par les jeunes en plus de permettre une appropriation de leurs conceptions des enjeux.<\/p>\n<p>[\/et_pb_testimonial][et_pb_text admin_label=\u00a0\u00bbText\u00a0\u00bb background_layout=\u00a0\u00bblight\u00a0\u00bb text_orientation=\u00a0\u00bbleft\u00a0\u00bb]<\/p>\n<p style=\"text-align: justify;\">Participer \u00e0 ces activit\u00e9s est un bon moment pour rencontrer d&rsquo;autres citoyens qui ont des int\u00e9r\u00eats similaires aux v\u00f4tres. C&rsquo;est \u00e9galement l&rsquo;occasion de porter la voix des jeunes aupr\u00e8s d&rsquo;un public plus large afin qu&rsquo;ils se fassent entendre. Lors de ces rencontres, nous favorisons les \u00e9changes et les d\u00e9bats afin de favoriser une meilleure\u00a0compr\u00e9hension des autres cultures et des enjeux auxquels nous sommes tous confront\u00e9s.<\/p>\n<p>[\/et_pb_text][\/et_pb_column_inner][\/et_pb_row_inner][et_pb_row_inner][et_pb_column_inner type=\u00a0\u00bb1_2&Prime;][et_pb_blurb admin_label=\u00a0\u00bbBlurb\u00a0\u00bb title=\u00a0\u00bbDeviens organisateur d&rsquo;\u00e9v\u00e8nements ! \u00a0\u00bb url=\u00a0\u00bbhttp:\/\/iciela.org\/karite\/?page_id=1456&Prime; url_new_window=\u00a0\u00bbon\u00a0\u00bb use_icon=\u00a0\u00bbon\u00a0\u00bb font_icon=\u00a0\u00bb\ue035\u00a0\u00bb icon_color=\u00a0\u00bb#ffffff\u00a0\u00bb use_circle=\u00a0\u00bbon\u00a0\u00bb circle_color=\u00a0\u00bb#b4e85c\u00a0\u00bb use_circle_border=\u00a0\u00bboff\u00a0\u00bb circle_border_color=\u00a0\u00bb#b4e85c\u00a0\u00bb icon_placement=\u00a0\u00bbtop\u00a0\u00bb animation=\u00a0\u00bbtop\u00a0\u00bb background_layout=\u00a0\u00bblight\u00a0\u00bb text_orientation=\u00a0\u00bbcenter\u00a0\u00bb]<\/p>\n<p>Tu as une bonne exp\u00e9rience en organisation d&rsquo;\u00e9v\u00e8nements et une bonne connaissance du milieu culturel ? Implique-toi en tant qu&rsquo;organisateur d&rsquo;\u00e9v\u00e8nements\u00a0!<\/p>\n<p>[\/et_pb_blurb][\/et_pb_column_inner][et_pb_column_inner type=\u00a0\u00bb1_2&Prime;][et_pb_blurb admin_label=\u00a0\u00bbBlurb\u00a0\u00bb title=\u00a0\u00bbDeviens sp\u00e9cialiste des communications ! \u00a0\u00bb url=\u00a0\u00bbhttp:\/\/iciela.org\/karite\/?page_id=1427&Prime; url_new_window=\u00a0\u00bbon\u00a0\u00bb use_icon=\u00a0\u00bbon\u00a0\u00bb font_icon=\u00a0\u00bbv\u00a0\u00bb icon_color=\u00a0\u00bb#ffffff\u00a0\u00bb use_circle=\u00a0\u00bbon\u00a0\u00bb circle_color=\u00a0\u00bb#b4e85c\u00a0\u00bb use_circle_border=\u00a0\u00bboff\u00a0\u00bb circle_border_color=\u00a0\u00bb#b4e85c\u00a0\u00bb icon_placement=\u00a0\u00bbtop\u00a0\u00bb animation=\u00a0\u00bbtop\u00a0\u00bb background_layout=\u00a0\u00bblight\u00a0\u00bb text_orientation=\u00a0\u00bbcenter\u00a0\u00bb]<\/p>\n<p>Tu aimes faire de la promotion d&rsquo;\u00e9v\u00e8nements ou de projets et les r\u00e9seaux sociaux n&rsquo;ont pas de secret pour toi\u00a0? Implique-toi dans notre comit\u00e9 des communications !<\/p>\n<p>[\/et_pb_blurb][\/et_pb_column_inner][\/et_pb_row_inner][\/et_pb_column][et_pb_column type=\u00a0\u00bb1_3&Prime;][et_pb_slider admin_label=\u00a0\u00bbSlider\u00a0\u00bb show_arrows=\u00a0\u00bbon\u00a0\u00bb show_pagination=\u00a0\u00bbon\u00a0\u00bb auto=\u00a0\u00bboff\u00a0\u00bb parallax=\u00a0\u00bboff\u00a0\u00bb][et_pb_slide heading=\u00a0\u00bb10\u00c8ME ANNIVERSAIRE\u00a0\u00bb alignment=\u00a0\u00bbcenter\u00a0\u00bb background_layout=\u00a0\u00bbdark\u00a0\u00bb background_color=\u00a0\u00bb#b4e85c\u00a0\u00bb]<\/p>\n<p>Dans le cadre du 10\u00e8me anniversaire d&rsquo;Ici\u00e9la, plusieurs \u00e9v\u00e8nements publics seront organis\u00e9s tout au long de l&rsquo;ann\u00e9e afin de c\u00e9l\u00e9brer.<\/p>\n<p style=\"font-size: 16px;\"><strong>Fais d\u00e9filer pour connaitre la programmation !<\/strong><\/p>\n<p>[\/et_pb_slide][et_pb_slide heading=\u00a0\u00bbSOIR\u00c9E INTERCULTURELLE\u00a0\u00bb button_text=\u00a0\u00bbEn savoir plus\u00a0\u00bb button_link=\u00a0\u00bbhttp:\/\/iciela.org\/karite\/?page_id=374&Prime; background_color=\u00a0\u00bb#b4e85c\u00a0\u00bb alignment=\u00a0\u00bbcenter\u00a0\u00bb background_layout=\u00a0\u00bbdark\u00a0\u00bb]<\/p>\n<p>En novembre, joins-toi \u00e0 nous lors d&rsquo;une soir\u00e9e festive sous le th\u00e8me de l&rsquo;interculturalit\u00e9 avec au programme de l&rsquo;animation, des vid\u00e9os et des invit\u00e9s sp\u00e9ciaux !<\/p>\n<p>[\/et_pb_slide][et_pb_slide heading=\u00a0\u00bbCONCOURS VID\u00c9O\u00a0\u00bb button_text=\u00a0\u00bbEn savoir plus\u00a0\u00bb button_link=\u00a0\u00bbhttp:\/\/iciela.org\/karite\/?page_id=374&Prime; background_color=\u00a0\u00bb#b4e85c\u00a0\u00bb alignment=\u00a0\u00bbcenter\u00a0\u00bb background_layout=\u00a0\u00bbdark\u00a0\u00bb]<\/p>\n<p>En janvier, un concours vid\u00e9o sur un th\u00e8me pr\u00e9cis sera lanc\u00e9 afin de faire participer le grand public au projet Pangaya. Le gagnant se verra bien s\u00fbr r\u00e9compens\u00e9 !<\/p>\n<p>[\/et_pb_slide][et_pb_slide heading=\u00a0\u00bbKINOLAB CITOYEN\u00a0\u00bb button_text=\u00a0\u00bbEn savoir plus\u00a0\u00bb button_link=\u00a0\u00bbhttp:\/\/iciela.org\/karite\/?page_id=374&Prime; background_color=\u00a0\u00bb#b4e85c\u00a0\u00bb alignment=\u00a0\u00bbcenter\u00a0\u00bb background_layout=\u00a0\u00bbdark\u00a0\u00bb]<\/p>\n<p>Pour la semaine de rel\u00e2che, nous\u00a0invitons les jeunes au KinoLab Citoyen. Au programme, la r\u00e9alisation d&rsquo;une vid\u00e9o collective qui\u00a0sera ensuite pr\u00e9sent\u00e9e aux d\u00e9cideurs\u00a0locaux\u00a0!<\/p>\n<p>[\/et_pb_slide][et_pb_slide heading=\u00a0\u00bbCONSULTATION JEUNESSE SUR L&rsquo;IMPLICATION\u00a0\u00bb button_text=\u00a0\u00bbEn savoir plus\u00a0\u00bb button_link=\u00a0\u00bbhttp:\/\/iciela.org\/karite\/?page_id=374&Prime; background_color=\u00a0\u00bb#b4e85c\u00a0\u00bb alignment=\u00a0\u00bbcenter\u00a0\u00bb background_layout=\u00a0\u00bbdark\u00a0\u00bb]<\/p>\n<p>En\u00a0avril, nous\u00a0souhaitons avoir l&rsquo;avis\u00a0des jeunes en ce qui concerne l&rsquo;implication communautaire et les meilleurs moyens pour les encourager\u00a0\u00e0 le faire.<\/p>\n<p>[\/et_pb_slide][et_pb_slide heading=\u00a0\u00bbCOLLOQUE SUR L&rsquo;\u00c9DUCATION INTERCULTURELLE\u00a0\u00bb button_text=\u00a0\u00bbEn savoir plus\u00a0\u00bb button_link=\u00a0\u00bbhttp:\/\/iciela.org\/karite\/?page_id=374&Prime; background_color=\u00a0\u00bb#b4e85c\u00a0\u00bb alignment=\u00a0\u00bbcenter\u00a0\u00bb background_layout=\u00a0\u00bbdark\u00a0\u00bb]<\/p>\n<p>Au mois de mai, participe \u00e0 notre colloque sur l&rsquo;\u00e9ducation culturelle afin de comprendre ce que nous proposons comme solutions pour am\u00e9liorer le dialogue interculturel !<\/p>\n<p>[\/et_pb_slide][et_pb_slide heading=\u00a0\u00bbSOIR\u00c9E DES B\u00c9N\u00c9VOLES\u00a0\u00bb button_text=\u00a0\u00bbEn savoir plus\u00a0\u00bb button_link=\u00a0\u00bbhttp:\/\/iciela.org\/karite\/?page_id=374&Prime; background_color=\u00a0\u00bb#b4e85c\u00a0\u00bb alignment=\u00a0\u00bbcenter\u00a0\u00bb background_layout=\u00a0\u00bbdark\u00a0\u00bb]<\/p>\n<p>En juin, viens applaudir avec nous nos\u00a0b\u00e9n\u00e9voles qui travaillent d&rsquo;arrache-pied et qui donnent sans compter pour une cause qui leur tient \u00e0 coeur.<\/p>\n<p>[\/et_pb_slide][et_pb_slide heading=\u00a0\u00bbLANCEMENT DES PRODUITS KARIT\u00c9\u00a0\u00bb button_text=\u00a0\u00bbEn savoir plus\u00a0\u00bb button_link=\u00a0\u00bbhttp:\/\/iciela.org\/karite\/?page_id=374&Prime; background_color=\u00a0\u00bb#b4e85c\u00a0\u00bb alignment=\u00a0\u00bbcenter\u00a0\u00bb background_layout=\u00a0\u00bbdark\u00a0\u00bb]<\/p>\n<p>\u00c0 la fin juin, viens assister au lancement des produits de karit\u00e9 faits \u00e0 partir du beurre de karit\u00e9 100% naturel fabriqu\u00e9 par un regroupement de femmes du Mali.<\/p>\n<p>[\/et_pb_slide][\/et_pb_slider][\/et_pb_column][\/et_pb_section][et_pb_section fullwidth=\u00a0\u00bboff\u00a0\u00bb specialty=\u00a0\u00bboff\u00a0\u00bb background_image=\u00a0\u00bbhttp:\/\/iciela.org\/karite\/wp-content\/uploads\/2014\/08\/Fond-2.jpg\u00a0\u00bb inner_shadow=\u00a0\u00bboff\u00a0\u00bb parallax=\u00a0\u00bboff\u00a0\u00bb parallax_method=\u00a0\u00bbcss\u00a0\u00bb][et_pb_row][et_pb_column type=\u00a0\u00bb4_4&Prime;][et_pb_text admin_label=\u00a0\u00bbText\u00a0\u00bb background_layout=\u00a0\u00bblight\u00a0\u00bb text_orientation=\u00a0\u00bbleft\u00a0\u00bb \/][\/et_pb_column][\/et_pb_row][\/et_pb_section]<\/p>\n","protected":false},"excerpt":{"rendered":"<p>[et_pb_section fullwidth=\u00a0\u00bboff\u00a0\u00bb specialty=\u00a0\u00bboff\u00a0\u00bb background_image=\u00a0\u00bbhttp:\/\/iciela.org\/karite\/wp-content\/uploads\/2014\/08\/Fond-2.jpg\u00a0\u00bb inner_shadow=\u00a0\u00bboff\u00a0\u00bb parallax=\u00a0\u00bboff\u00a0\u00bb parallax_method=\u00a0\u00bbcss\u00a0\u00bb][et_pb_row][et_pb_column type=\u00a0\u00bb4_4&Prime;][et_pb_text admin_label=\u00a0\u00bbText\u00a0\u00bb background_layout=\u00a0\u00bblight\u00a0\u00bb text_orientation=\u00a0\u00bbleft\u00a0\u00bb] ICI\u00c9LA \/ ACTIVIT\u00c9S ET PROJETS \/ \u00c9V\u00c8NEMENTS PUBLICS [\/et_pb_text][\/et_pb_column][\/et_pb_row][\/et_pb_section][et_pb_section fullwidth=\u00a0\u00bboff\u00a0\u00bb specialty=\u00a0\u00bbon\u00a0\u00bb][et_pb_column type=\u00a0\u00bb2_3&Prime; specialty_columns=\u00a0\u00bb2&Prime;][et_pb_row_inner][et_pb_column_inner type=\u00a0\u00bb4_4&Prime;][et_pb_text admin_label=\u00a0\u00bbText\u00a0\u00bb background_layout=\u00a0\u00bblight\u00a0\u00bb text_orientation=\u00a0\u00bbleft\u00a0\u00bb] \u00c9V\u00c8NEMENTS PUBLICS Ici\u00e9la organise \u00e0 l&rsquo;occasion des rassemblements citoyens visant \u00e0 promouvoir le dialogue interculturel et \u00e0 faire conna\u00eetre nos initiatives dans le domaine. Que ce soient [&hellip;]<\/p>\n","protected":false},"author":2,"featured_media":0,"parent":0,"menu_order":0,"comment_status":"open","ping_status":"open","template":"","meta":{"footnotes":""},"class_list":["post-27","page","type-page","status-publish","hentry"],"yoast_head":"<!-- This site is optimized with the Yoast SEO plugin v27.4 - https:\/\/yoast.com\/product\/yoast-seo-wordpress\/ -->\n<title>\u00c9v\u00e8nements publics - Ici\u00e9la<\/title>\n<meta name=\"robots\" content=\"index, follow, max-snippet:-1, max-image-preview:large, max-video-preview:-1\" \/>\n<link rel=\"canonical\" href=\"https:\/\/iciela.org\/karite\/?page_id=27\" \/>\n<meta property=\"og:locale\" content=\"fr_FR\" \/>\n<meta property=\"og:type\" content=\"article\" \/>\n<meta property=\"og:title\" content=\"\u00c9v\u00e8nements publics - Ici\u00e9la\" \/>\n<meta property=\"og:description\" content=\"[et_pb_section fullwidth=\u00a0\u00bboff\u00a0\u00bb specialty=\u00a0\u00bboff\u00a0\u00bb background_image=\u00a0\u00bbhttp:\/\/iciela.org\/karite\/wp-content\/uploads\/2014\/08\/Fond-2.jpg\u00a0\u00bb inner_shadow=\u00a0\u00bboff\u00a0\u00bb parallax=\u00a0\u00bboff\u00a0\u00bb parallax_method=\u00a0\u00bbcss\u00a0\u00bb][et_pb_row][et_pb_column type=\u00a0\u00bb4_4&Prime;][et_pb_text admin_label=\u00a0\u00bbText\u00a0\u00bb background_layout=\u00a0\u00bblight\u00a0\u00bb text_orientation=\u00a0\u00bbleft\u00a0\u00bb] ICI\u00c9LA \/ ACTIVIT\u00c9S ET PROJETS \/ \u00c9V\u00c8NEMENTS PUBLICS [\/et_pb_text][\/et_pb_column][\/et_pb_row][\/et_pb_section][et_pb_section fullwidth=\u00a0\u00bboff\u00a0\u00bb specialty=\u00a0\u00bbon\u00a0\u00bb][et_pb_column type=\u00a0\u00bb2_3&Prime; specialty_columns=\u00a0\u00bb2&Prime;][et_pb_row_inner][et_pb_column_inner type=\u00a0\u00bb4_4&Prime;][et_pb_text admin_label=\u00a0\u00bbText\u00a0\u00bb background_layout=\u00a0\u00bblight\u00a0\u00bb text_orientation=\u00a0\u00bbleft\u00a0\u00bb] \u00c9V\u00c8NEMENTS PUBLICS Ici\u00e9la organise \u00e0 l&rsquo;occasion des rassemblements citoyens visant \u00e0 promouvoir le dialogue interculturel et \u00e0 faire conna\u00eetre nos initiatives dans le domaine. Que ce soient [&hellip;]\" \/>\n<meta property=\"og:url\" content=\"https:\/\/iciela.org\/karite\/?page_id=27\" \/>\n<meta property=\"og:site_name\" content=\"Ici\u00e9la\" \/>\n<meta property=\"article:modified_time\" content=\"2017-02-07T18:00:14+00:00\" \/>\n<meta name=\"twitter:label1\" content=\"Dur\u00e9e de lecture estim\u00e9e\" \/>\n\t<meta name=\"twitter:data1\" content=\"6 minutes\" \/>\n<script type=\"application\/ld+json\" class=\"yoast-schema-graph\">{\"@context\":\"https:\\\/\\\/schema.org\",\"@graph\":[{\"@type\":\"WebPage\",\"@id\":\"https:\\\/\\\/iciela.org\\\/karite\\\/?page_id=27\",\"url\":\"https:\\\/\\\/iciela.org\\\/karite\\\/?page_id=27\",\"name\":\"\u00c9v\u00e8nements publics - Ici\u00e9la\",\"isPartOf\":{\"@id\":\"https:\\\/\\\/iciela.org\\\/karite\\\/#website\"},\"datePublished\":\"2014-01-13T17:59:23+00:00\",\"dateModified\":\"2017-02-07T18:00:14+00:00\",\"breadcrumb\":{\"@id\":\"https:\\\/\\\/iciela.org\\\/karite\\\/?page_id=27#breadcrumb\"},\"inLanguage\":\"fr-FR\",\"potentialAction\":[{\"@type\":\"ReadAction\",\"target\":[\"https:\\\/\\\/iciela.org\\\/karite\\\/?page_id=27\"]}]},{\"@type\":\"BreadcrumbList\",\"@id\":\"https:\\\/\\\/iciela.org\\\/karite\\\/?page_id=27#breadcrumb\",\"itemListElement\":[{\"@type\":\"ListItem\",\"position\":1,\"name\":\"Accueil\",\"item\":\"https:\\\/\\\/iciela.org\\\/karite\\\/\"},{\"@type\":\"ListItem\",\"position\":2,\"name\":\"\u00c9v\u00e8nements publics\"}]},{\"@type\":\"WebSite\",\"@id\":\"https:\\\/\\\/iciela.org\\\/karite\\\/#website\",\"url\":\"https:\\\/\\\/iciela.org\\\/karite\\\/\",\"name\":\"Ici\u00e9la\",\"description\":\"\u00c9changer. Comprendre. Agir\u2026 ensemble !\",\"potentialAction\":[{\"@type\":\"SearchAction\",\"target\":{\"@type\":\"EntryPoint\",\"urlTemplate\":\"https:\\\/\\\/iciela.org\\\/karite\\\/?s={search_term_string}\"},\"query-input\":{\"@type\":\"PropertyValueSpecification\",\"valueRequired\":true,\"valueName\":\"search_term_string\"}}],\"inLanguage\":\"fr-FR\"}]}<\/script>\n<!-- \/ Yoast SEO plugin. -->","yoast_head_json":{"title":"\u00c9v\u00e8nements publics - Ici\u00e9la","robots":{"index":"index","follow":"follow","max-snippet":"max-snippet:-1","max-image-preview":"max-image-preview:large","max-video-preview":"max-video-preview:-1"},"canonical":"https:\/\/iciela.org\/karite\/?page_id=27","og_locale":"fr_FR","og_type":"article","og_title":"\u00c9v\u00e8nements publics - Ici\u00e9la","og_description":"[et_pb_section fullwidth=\u00a0\u00bboff\u00a0\u00bb specialty=\u00a0\u00bboff\u00a0\u00bb background_image=\u00a0\u00bbhttp:\/\/iciela.org\/karite\/wp-content\/uploads\/2014\/08\/Fond-2.jpg\u00a0\u00bb inner_shadow=\u00a0\u00bboff\u00a0\u00bb parallax=\u00a0\u00bboff\u00a0\u00bb parallax_method=\u00a0\u00bbcss\u00a0\u00bb][et_pb_row][et_pb_column type=\u00a0\u00bb4_4&Prime;][et_pb_text admin_label=\u00a0\u00bbText\u00a0\u00bb background_layout=\u00a0\u00bblight\u00a0\u00bb text_orientation=\u00a0\u00bbleft\u00a0\u00bb] ICI\u00c9LA \/ ACTIVIT\u00c9S ET PROJETS \/ \u00c9V\u00c8NEMENTS PUBLICS [\/et_pb_text][\/et_pb_column][\/et_pb_row][\/et_pb_section][et_pb_section fullwidth=\u00a0\u00bboff\u00a0\u00bb specialty=\u00a0\u00bbon\u00a0\u00bb][et_pb_column type=\u00a0\u00bb2_3&Prime; specialty_columns=\u00a0\u00bb2&Prime;][et_pb_row_inner][et_pb_column_inner type=\u00a0\u00bb4_4&Prime;][et_pb_text admin_label=\u00a0\u00bbText\u00a0\u00bb background_layout=\u00a0\u00bblight\u00a0\u00bb text_orientation=\u00a0\u00bbleft\u00a0\u00bb] \u00c9V\u00c8NEMENTS PUBLICS Ici\u00e9la organise \u00e0 l&rsquo;occasion des rassemblements citoyens visant \u00e0 promouvoir le dialogue interculturel et \u00e0 faire conna\u00eetre nos initiatives dans le domaine. Que ce soient [&hellip;]","og_url":"https:\/\/iciela.org\/karite\/?page_id=27","og_site_name":"Ici\u00e9la","article_modified_time":"2017-02-07T18:00:14+00:00","twitter_misc":{"Dur\u00e9e de lecture estim\u00e9e":"6 minutes"},"schema":{"@context":"https:\/\/schema.org","@graph":[{"@type":"WebPage","@id":"https:\/\/iciela.org\/karite\/?page_id=27","url":"https:\/\/iciela.org\/karite\/?page_id=27","name":"\u00c9v\u00e8nements publics - Ici\u00e9la","isPartOf":{"@id":"https:\/\/iciela.org\/karite\/#website"},"datePublished":"2014-01-13T17:59:23+00:00","dateModified":"2017-02-07T18:00:14+00:00","breadcrumb":{"@id":"https:\/\/iciela.org\/karite\/?page_id=27#breadcrumb"},"inLanguage":"fr-FR","potentialAction":[{"@type":"ReadAction","target":["https:\/\/iciela.org\/karite\/?page_id=27"]}]},{"@type":"BreadcrumbList","@id":"https:\/\/iciela.org\/karite\/?page_id=27#breadcrumb","itemListElement":[{"@type":"ListItem","position":1,"name":"Accueil","item":"https:\/\/iciela.org\/karite\/"},{"@type":"ListItem","position":2,"name":"\u00c9v\u00e8nements publics"}]},{"@type":"WebSite","@id":"https:\/\/iciela.org\/karite\/#website","url":"https:\/\/iciela.org\/karite\/","name":"Ici\u00e9la","description":"\u00c9changer. Comprendre. Agir\u2026 ensemble !","potentialAction":[{"@type":"SearchAction","target":{"@type":"EntryPoint","urlTemplate":"https:\/\/iciela.org\/karite\/?s={search_term_string}"},"query-input":{"@type":"PropertyValueSpecification","valueRequired":true,"valueName":"search_term_string"}}],"inLanguage":"fr-FR"}]}},"_links":{"self":[{"href":"https:\/\/iciela.org\/karite\/index.php?rest_route=\/wp\/v2\/pages\/27","targetHints":{"allow":["GET"]}}],"collection":[{"href":"https:\/\/iciela.org\/karite\/index.php?rest_route=\/wp\/v2\/pages"}],"about":[{"href":"https:\/\/iciela.org\/karite\/index.php?rest_route=\/wp\/v2\/types\/page"}],"author":[{"embeddable":true,"href":"https:\/\/iciela.org\/karite\/index.php?rest_route=\/wp\/v2\/users\/2"}],"replies":[{"embeddable":true,"href":"https:\/\/iciela.org\/karite\/index.php?rest_route=%2Fwp%2Fv2%2Fcomments&post=27"}],"version-history":[{"count":146,"href":"https:\/\/iciela.org\/karite\/index.php?rest_route=\/wp\/v2\/pages\/27\/revisions"}],"predecessor-version":[{"id":1531,"href":"https:\/\/iciela.org\/karite\/index.php?rest_route=\/wp\/v2\/pages\/27\/revisions\/1531"}],"wp:attachment":[{"href":"https:\/\/iciela.org\/karite\/index.php?rest_route=%2Fwp%2Fv2%2Fmedia&parent=27"}],"curies":[{"name":"wp","href":"https:\/\/api.w.org\/{rel}","templated":true}]}}