{"id":25,"date":"2014-01-13T18:56:58","date_gmt":"2014-01-13T17:56:58","guid":{"rendered":"http:\/\/iciela.org\/karite\/?page_id=25"},"modified":"2017-02-07T12:57:49","modified_gmt":"2017-02-07T17:57:49","slug":"ateliers-scolaires","status":"publish","type":"page","link":"https:\/\/iciela.org\/karite\/?page_id=25","title":{"rendered":"Ateliers jeunesse"},"content":{"rendered":"<p>[et_pb_section fullwidth=\u00a0\u00bboff\u00a0\u00bb specialty=\u00a0\u00bboff\u00a0\u00bb background_image=\u00a0\u00bbhttp:\/\/iciela.org\/karite\/wp-content\/uploads\/2014\/08\/Fond-2.jpg\u00a0\u00bb inner_shadow=\u00a0\u00bboff\u00a0\u00bb parallax=\u00a0\u00bboff\u00a0\u00bb parallax_method=\u00a0\u00bbcss\u00a0\u00bb][et_pb_row][et_pb_column type=\u00a0\u00bb4_4&Prime;][et_pb_text admin_label=\u00a0\u00bbText\u00a0\u00bb background_layout=\u00a0\u00bblight\u00a0\u00bb text_orientation=\u00a0\u00bbleft\u00a0\u00bb]<\/p>\n<p style=\"text-align: center; font-size: 18px;\"><span style=\"color: #ffffff;\"><strong>ICI\u00c9LA \/ ACTIVIT\u00c9S ET PROJETS \/ ATELIERS JEUNESSE<\/strong><\/span><\/p>\n<p>[\/et_pb_text][\/et_pb_column][\/et_pb_row][\/et_pb_section][et_pb_section fullwidth=\u00a0\u00bboff\u00a0\u00bb specialty=\u00a0\u00bboff\u00a0\u00bb][et_pb_row][et_pb_column type=\u00a0\u00bb2_3&Prime;][et_pb_text admin_label=\u00a0\u00bbText\u00a0\u00bb background_layout=\u00a0\u00bblight\u00a0\u00bb text_orientation=\u00a0\u00bbleft\u00a0\u00bb]<\/p>\n<p style=\"font-size: 18px; color: #b4e85c;\"><strong>ATELIERS\u00a0JEUNESSE<\/strong><\/p>\n<p style=\"text-align: justify;\">Les ateliers jeunesse visent \u00e0\u00a0stimuler la r\u00e9flexion et le dialogue \u00e0 l&rsquo;\u00e9gard de solutions\u00a0concr\u00e8tes aux enjeux partag\u00e9s. Ici\u00e9la a d\u00e9velopp\u00e9 un programme d&rsquo;ateliers,\u00a0conjointement avec les organismes partenaires du projet\u00a0bas\u00e9s dans cinq autres pays, afin d&rsquo;approfondir avec les\u00a0jeunes certains enjeux communs avec d&rsquo;autres cultures. Lors de ces ateliers, des capsules vid\u00e9os sont produites avec les jeunes afin qu&rsquo;ils s&rsquo;expriment sur\u00a0leur conception du monde, de sa diversit\u00e9\u00a0et qu&rsquo;ils partagent leur quotidien, notamment \u00e0 l&rsquo;\u00e9gard de ces th\u00e9matiques.<\/p>\n<p>[\/et_pb_text][et_pb_testimonial admin_label=\u00a0\u00bbTestimonial\u00a0\u00bb url_new_window=\u00a0\u00bboff\u00a0\u00bb quote_icon=\u00a0\u00bbon\u00a0\u00bb use_background_color=\u00a0\u00bbon\u00a0\u00bb background_color=\u00a0\u00bb#f5f5f5&Prime; background_layout=\u00a0\u00bblight\u00a0\u00bb text_orientation=\u00a0\u00bbleft\u00a0\u00bb]<\/p>\n<p style=\"text-align: center;\"><strong>QUEL EST LE BUT PRINCIPAL DE CES ATELIERS ?<\/strong><\/p>\n<p style=\"text-align: center;\">Le but principal des ateliers jeunesse est de\u00a0permettre aux jeunes\u00a0de constater que les diff\u00e9rents peuples ont finalement des fa\u00e7ons semblables d&rsquo;aborder les m\u00eames enjeux. Cela leur permet de comprendre que m\u00eame si nous ne vivons pas sur le m\u00eame continent, nous sommes tous des citoyens du monde et nous avons tous les m\u00eames responsabilit\u00e9s envers notre plan\u00e8te et nos soci\u00e9t\u00e9s, que ce soit au niveau de la pr\u00e9servation de l&rsquo;environnement et des ressources naturelles ou encore\u00a0de la participation citoyenne.<\/p>\n<p>[\/et_pb_testimonial][et_pb_text admin_label=\u00a0\u00bbText\u00a0\u00bb background_layout=\u00a0\u00bblight\u00a0\u00bb text_orientation=\u00a0\u00bbleft\u00a0\u00bb]<\/p>\n<p style=\"text-align: justify; color: #b4e85c;\"><strong>LES ATELIERS SONT DIVIS\u00c9S EN 4 VOLETS, POUR UN TOTAL DE 9 S\u00c9ANCES :<\/strong><\/p>\n<p style=\"text-align: justify;\"><strong>1. Exploration d&rsquo;un enjeu\u00a0d\u00e9termin\u00e9 : 2 s\u00e9ances<\/strong><\/p>\n<p style=\"text-align: justify;\">Les animateurs de l&rsquo;atelier discutent avec les jeunes de l&rsquo;enjeu choisi. On l&rsquo;approfondit jusqu&rsquo;\u00e0 ce qu&rsquo;ils soient bien \u00e0 l&rsquo;aise avec tout ce qui en d\u00e9coule. Les animateurs peuvent effectuer ce volet sous forme de vox-pop afin que tous puisse donner son avis et apporter quelque chose \u00e0 la discussion.<\/p>\n<p style=\"text-align: justify;\"><strong>2. Pr\u00e9paration de la capsule vid\u00e9o : 3 s\u00e9ances<\/strong><\/p>\n<p style=\"text-align: justify;\">On \u00e9labore le message que les jeunes veulent faire passer dans leur capsule vid\u00e9o et on identifie les aptitudes qui peuvent \u00eatre mises \u00e0 contribution dans l\u2019\u00e9laboration. On \u00e9crit ensuite le sc\u00e9nario et on distribue ensuite les r\u00f4les afin que chacun participe au tournage. Finalement, on tourne la vid\u00e9o.<\/p>\n<p style=\"text-align: justify;\"><strong>3. Visionnement des vid\u00e9os des partenaires\u00a0: 2 s\u00e9ances<\/strong><\/p>\n<p style=\"text-align: justify;\">Parall\u00e8lement au montage de la vid\u00e9o par les animateurs, on entame le visionnement des vid\u00e9os qu&rsquo;auront tourn\u00e9es les partenaires sur le m\u00eame enjeu. S&rsquo;en suivent des discussions sur les ressemblances et les diff\u00e9rences de point de vue entre eux et les jeunes des autres pays sur le m\u00eame enjeu.<\/p>\n<p style=\"text-align: justify;\"><strong>4. \u00c9valuation des apprentissages : 2 s\u00e9ances<\/strong><\/p>\n<p style=\"text-align: justify;\">Le quatri\u00e8me volet de l&rsquo;atelier est divis\u00e9 en deux parties. La premi\u00e8re est consacr\u00e9e \u00e0 l&rsquo;\u00e9valuation des apprentissages reli\u00e9s \u00e0 la diversit\u00e9 culturelle et au dialogue interculturel. On \u00e9coute ce que les jeunes ont \u00e0 dire sur l&rsquo;exp\u00e9rience qu&rsquo;ils viennent de vivre et ce qu&rsquo;ils en ont retir\u00e9 comme savoirs et connaissances. La deuxi\u00e8me partie est consacr\u00e9e \u00e0 l&rsquo;\u00e9laboration d&rsquo;un projet d&rsquo;engagement citoyen\u00a0pour les jeunes aupr\u00e8s desquels on intervient. On voit avec eux quel geste d&rsquo;engagement citoyen ils pourraient poser afin de leur montrer qu&rsquo;ils peuvent faire la diff\u00e9rence et changer quelque chose, m\u00eame \u00e0 petite \u00e9chelle. On \u00e9labore donc avec eux un plan afin qu&rsquo;ils puissent r\u00e9aliser avec succ\u00e8s l&rsquo;action d\u00e9termin\u00e9e.<\/p>\n<p>[\/et_pb_text][\/et_pb_column][et_pb_column type=\u00a0\u00bb1_3&Prime;][et_pb_slider admin_label=\u00a0\u00bbSlider\u00a0\u00bb show_arrows=\u00a0\u00bbon\u00a0\u00bb show_pagination=\u00a0\u00bbon\u00a0\u00bb auto=\u00a0\u00bboff\u00a0\u00bb parallax=\u00a0\u00bboff\u00a0\u00bb][et_pb_slide heading=\u00a0\u00bbQUELQUES EXEMPLES D&rsquo;ENJEUX POUVANT \u00caTRE TRAIT\u00c9S\u00a0\u00bb background_color=\u00a0\u00bb#b4e85c\u00a0\u00bb alignment=\u00a0\u00bbcenter\u00a0\u00bb background_layout=\u00a0\u00bbdark\u00a0\u00bb button_text=\u00a0\u00bbPar ici ! \u00a0\u00bb button_link=\u00a0\u00bbhttp:\/\/pangaya.tv\/\u00a0\u00bb]<\/p>\n<p><strong>Pour voir les vid\u00e9os d\u00e9j\u00e0 r\u00e9alis\u00e9s sur ces enjeux, rendez-vous sur Pangaya.tv !<\/strong><\/p>\n<div class=\"et_pb_column et_pb_column_1_3 et_pb_column_inner\"><\/div>\n<div class=\"et_pb_column et_pb_column_1_3 et_pb_column_inner\"><\/div>\n<p>[\/et_pb_slide][et_pb_slide heading=\u00a0\u00bbENVIRONNEMENT ET PACIFISME\u00a0\u00bb background_color=\u00a0\u00bb#b4e85c\u00a0\u00bb alignment=\u00a0\u00bbcenter\u00a0\u00bb background_layout=\u00a0\u00bbdark\u00a0\u00bb]<\/p>\n<p style=\"text-align: center;\"><strong>&#8211; Pr\u00e9servation et valorisation des richesses naturelles<\/strong><\/p>\n<p style=\"text-align: center;\"><strong>&#8211; Responsabilisation \u00e0 l&rsquo;\u00e9gard des changements climatiques<\/strong><\/p>\n<p style=\"text-align: center;\"><strong>&#8211; Pr\u00e9vention et r\u00e9solution pacifique des conflits<\/strong><\/p>\n<p style=\"text-align: center;\"><strong>&#8211; D\u00e9fense et promotion des droits de la personne<\/strong><\/p>\n<p>[\/et_pb_slide][et_pb_slide heading=\u00a0\u00bb\u00c9CONOMIE ET SOCI\u00c9T\u00c9\u00a0\u00bb background_color=\u00a0\u00bb#b4e85c\u00a0\u00bb alignment=\u00a0\u00bbcenter\u00a0\u00bb background_layout=\u00a0\u00bbdark\u00a0\u00bb]<\/p>\n<p style=\"text-align: center;\"><strong>&#8211; D\u00e9veloppement \u00e9conomique communautaire<\/strong><\/p>\n<p style=\"text-align: center;\"><strong>&#8211; R\u00e9duction de la pauvret\u00e9<\/strong><\/p>\n<p style=\"text-align: center;\"><strong>&#8211; R\u00e9duction des \u00e9carts entre les communaut\u00e9s<\/strong><\/p>\n<p style=\"text-align: center;\"><strong>&#8211; Nouvelles technologies et soci\u00e9t\u00e9 civile<\/strong><\/p>\n<p>[\/et_pb_slide][et_pb_slide heading=\u00a0\u00bbVIE CITOYENNE \u00a0\u00bb background_color=\u00a0\u00bb#b4e85c\u00a0\u00bb alignment=\u00a0\u00bbcenter\u00a0\u00bb background_layout=\u00a0\u00bbdark\u00a0\u00bb]<\/p>\n<p style=\"text-align: center; color: #b4e85c;\">.<\/p>\n<p style=\"text-align: center;\"><strong>&#8211; Participation citoyenne<\/strong><\/p>\n<p style=\"text-align: center;\"><strong>&#8211; Promotion d&rsquo;une saine sant\u00e9 communautaire<\/strong><\/p>\n<p style=\"text-align: center;\"><strong>&#8211; Gouvernance d\u00e9mocra<\/strong><strong>tique participative<\/strong><\/p>\n<p>[\/et_pb_slide][\/et_pb_slider][et_pb_blurb admin_label=\u00a0\u00bbBlurb\u00a0\u00bb url_new_window=\u00a0\u00bbon\u00a0\u00bb use_icon=\u00a0\u00bbon\u00a0\u00bb font_icon=\u00a0\u00bb\ue01b\u00a0\u00bb icon_color=\u00a0\u00bb#ffffff\u00a0\u00bb use_circle=\u00a0\u00bbon\u00a0\u00bb circle_color=\u00a0\u00bb#b4e85c\u00a0\u00bb use_circle_border=\u00a0\u00bboff\u00a0\u00bb circle_border_color=\u00a0\u00bb#b4e85c\u00a0\u00bb icon_placement=\u00a0\u00bbtop\u00a0\u00bb animation=\u00a0\u00bbtop\u00a0\u00bb background_layout=\u00a0\u00bblight\u00a0\u00bb text_orientation=\u00a0\u00bbcenter\u00a0\u00bb title=\u00a0\u00bbDeviens animateur !\u00a0\u00bb url=\u00a0\u00bbhttp:\/\/iciela.org\/karite\/?page_id=1389&Prime;]<\/p>\n<p>Tu aimes travailler avec les jeunes, tu tripes sur l&rsquo;interculturel et tu es \u00e0 l&rsquo;aise \u00e0 t&rsquo;exprimer \u00e0 l&rsquo;oral ? N&rsquo;attends pas, deviens animateur d&rsquo;ateliers jeunesse !<\/p>\n<p>[\/et_pb_blurb][et_pb_blurb admin_label=\u00a0\u00bbBlurb\u00a0\u00bb title=\u00a0\u00bbDeviens producteur vid\u00e9o !\u00a0\u00bb url=\u00a0\u00bbhttp:\/\/iciela.org\/karite\/?page_id=1403&Prime; url_new_window=\u00a0\u00bbon\u00a0\u00bb use_icon=\u00a0\u00bbon\u00a0\u00bb font_icon=\u00a0\u00bb\ue024\u00a0\u00bb icon_color=\u00a0\u00bb#ffffff\u00a0\u00bb use_circle=\u00a0\u00bbon\u00a0\u00bb circle_color=\u00a0\u00bb#b4e85c\u00a0\u00bb use_circle_border=\u00a0\u00bboff\u00a0\u00bb circle_border_color=\u00a0\u00bb#b4e85c\u00a0\u00bb icon_placement=\u00a0\u00bbtop\u00a0\u00bb animation=\u00a0\u00bbtop\u00a0\u00bb background_layout=\u00a0\u00bblight\u00a0\u00bb text_orientation=\u00a0\u00bbcenter\u00a0\u00bb]<\/p>\n<p>Tu es \u00e0 l&rsquo;aise avec l&rsquo;\u00e9quipement multim\u00e9dia et tu es un vrai geek qui peut passer des heures devant un ordinateur sans se fatiguer ? Implique-toi dans notre comit\u00e9 de production vid\u00e9o\u00a0!<\/p>\n<p>[\/et_pb_blurb][\/et_pb_column][\/et_pb_row][\/et_pb_section][et_pb_section fullwidth=\u00a0\u00bboff\u00a0\u00bb specialty=\u00a0\u00bboff\u00a0\u00bb background_image=\u00a0\u00bbhttp:\/\/iciela.org\/karite\/wp-content\/uploads\/2014\/08\/Fond-2.jpg\u00a0\u00bb inner_shadow=\u00a0\u00bboff\u00a0\u00bb parallax=\u00a0\u00bboff\u00a0\u00bb parallax_method=\u00a0\u00bbcss\u00a0\u00bb][et_pb_row][et_pb_column type=\u00a0\u00bb4_4&Prime;][et_pb_text admin_label=\u00a0\u00bbText\u00a0\u00bb background_layout=\u00a0\u00bblight\u00a0\u00bb text_orientation=\u00a0\u00bbleft\u00a0\u00bb \/][\/et_pb_column][\/et_pb_row][\/et_pb_section]<\/p>\n","protected":false},"excerpt":{"rendered":"<p>[et_pb_section fullwidth=\u00a0\u00bboff\u00a0\u00bb specialty=\u00a0\u00bboff\u00a0\u00bb background_image=\u00a0\u00bbhttp:\/\/iciela.org\/karite\/wp-content\/uploads\/2014\/08\/Fond-2.jpg\u00a0\u00bb inner_shadow=\u00a0\u00bboff\u00a0\u00bb parallax=\u00a0\u00bboff\u00a0\u00bb parallax_method=\u00a0\u00bbcss\u00a0\u00bb][et_pb_row][et_pb_column type=\u00a0\u00bb4_4&Prime;][et_pb_text admin_label=\u00a0\u00bbText\u00a0\u00bb background_layout=\u00a0\u00bblight\u00a0\u00bb text_orientation=\u00a0\u00bbleft\u00a0\u00bb] ICI\u00c9LA \/ ACTIVIT\u00c9S ET PROJETS \/ ATELIERS JEUNESSE [\/et_pb_text][\/et_pb_column][\/et_pb_row][\/et_pb_section][et_pb_section fullwidth=\u00a0\u00bboff\u00a0\u00bb specialty=\u00a0\u00bboff\u00a0\u00bb][et_pb_row][et_pb_column type=\u00a0\u00bb2_3&Prime;][et_pb_text admin_label=\u00a0\u00bbText\u00a0\u00bb background_layout=\u00a0\u00bblight\u00a0\u00bb text_orientation=\u00a0\u00bbleft\u00a0\u00bb] ATELIERS\u00a0JEUNESSE Les ateliers jeunesse visent \u00e0\u00a0stimuler la r\u00e9flexion et le dialogue \u00e0 l&rsquo;\u00e9gard de solutions\u00a0concr\u00e8tes aux enjeux partag\u00e9s. Ici\u00e9la a d\u00e9velopp\u00e9 un programme d&rsquo;ateliers,\u00a0conjointement avec les organismes partenaires du [&hellip;]<\/p>\n","protected":false},"author":2,"featured_media":0,"parent":23,"menu_order":0,"comment_status":"open","ping_status":"open","template":"","meta":{"footnotes":""},"class_list":["post-25","page","type-page","status-publish","hentry"],"yoast_head":"<!-- This site is optimized with the Yoast SEO plugin v27.4 - https:\/\/yoast.com\/product\/yoast-seo-wordpress\/ -->\n<title>Ateliers jeunesse - Ici\u00e9la<\/title>\n<meta name=\"robots\" content=\"index, follow, max-snippet:-1, max-image-preview:large, max-video-preview:-1\" \/>\n<link rel=\"canonical\" href=\"https:\/\/iciela.org\/karite\/?page_id=25\" \/>\n<meta property=\"og:locale\" content=\"fr_FR\" \/>\n<meta property=\"og:type\" content=\"article\" \/>\n<meta property=\"og:title\" content=\"Ateliers jeunesse - Ici\u00e9la\" \/>\n<meta property=\"og:description\" content=\"[et_pb_section fullwidth=\u00a0\u00bboff\u00a0\u00bb specialty=\u00a0\u00bboff\u00a0\u00bb background_image=\u00a0\u00bbhttp:\/\/iciela.org\/karite\/wp-content\/uploads\/2014\/08\/Fond-2.jpg\u00a0\u00bb inner_shadow=\u00a0\u00bboff\u00a0\u00bb parallax=\u00a0\u00bboff\u00a0\u00bb parallax_method=\u00a0\u00bbcss\u00a0\u00bb][et_pb_row][et_pb_column type=\u00a0\u00bb4_4&Prime;][et_pb_text admin_label=\u00a0\u00bbText\u00a0\u00bb background_layout=\u00a0\u00bblight\u00a0\u00bb text_orientation=\u00a0\u00bbleft\u00a0\u00bb] ICI\u00c9LA \/ ACTIVIT\u00c9S ET PROJETS \/ ATELIERS JEUNESSE [\/et_pb_text][\/et_pb_column][\/et_pb_row][\/et_pb_section][et_pb_section fullwidth=\u00a0\u00bboff\u00a0\u00bb specialty=\u00a0\u00bboff\u00a0\u00bb][et_pb_row][et_pb_column type=\u00a0\u00bb2_3&Prime;][et_pb_text admin_label=\u00a0\u00bbText\u00a0\u00bb background_layout=\u00a0\u00bblight\u00a0\u00bb text_orientation=\u00a0\u00bbleft\u00a0\u00bb] ATELIERS\u00a0JEUNESSE Les ateliers jeunesse visent \u00e0\u00a0stimuler la r\u00e9flexion et le dialogue \u00e0 l&rsquo;\u00e9gard de solutions\u00a0concr\u00e8tes aux enjeux partag\u00e9s. Ici\u00e9la a d\u00e9velopp\u00e9 un programme d&rsquo;ateliers,\u00a0conjointement avec les organismes partenaires du [&hellip;]\" \/>\n<meta property=\"og:url\" content=\"https:\/\/iciela.org\/karite\/?page_id=25\" \/>\n<meta property=\"og:site_name\" content=\"Ici\u00e9la\" \/>\n<meta property=\"article:modified_time\" content=\"2017-02-07T17:57:49+00:00\" \/>\n<meta name=\"twitter:label1\" content=\"Dur\u00e9e de lecture estim\u00e9e\" \/>\n\t<meta name=\"twitter:data1\" content=\"6 minutes\" \/>\n<script type=\"application\/ld+json\" class=\"yoast-schema-graph\">{\"@context\":\"https:\\\/\\\/schema.org\",\"@graph\":[{\"@type\":\"WebPage\",\"@id\":\"https:\\\/\\\/iciela.org\\\/karite\\\/?page_id=25\",\"url\":\"https:\\\/\\\/iciela.org\\\/karite\\\/?page_id=25\",\"name\":\"Ateliers jeunesse - Ici\u00e9la\",\"isPartOf\":{\"@id\":\"https:\\\/\\\/iciela.org\\\/karite\\\/#website\"},\"datePublished\":\"2014-01-13T17:56:58+00:00\",\"dateModified\":\"2017-02-07T17:57:49+00:00\",\"breadcrumb\":{\"@id\":\"https:\\\/\\\/iciela.org\\\/karite\\\/?page_id=25#breadcrumb\"},\"inLanguage\":\"fr-FR\",\"potentialAction\":[{\"@type\":\"ReadAction\",\"target\":[\"https:\\\/\\\/iciela.org\\\/karite\\\/?page_id=25\"]}]},{\"@type\":\"BreadcrumbList\",\"@id\":\"https:\\\/\\\/iciela.org\\\/karite\\\/?page_id=25#breadcrumb\",\"itemListElement\":[{\"@type\":\"ListItem\",\"position\":1,\"name\":\"Accueil\",\"item\":\"https:\\\/\\\/iciela.org\\\/karite\\\/\"},{\"@type\":\"ListItem\",\"position\":2,\"name\":\"Activit\u00e9s et projets\",\"item\":\"https:\\\/\\\/iciela.org\\\/karite\\\/?page_id=23\"},{\"@type\":\"ListItem\",\"position\":3,\"name\":\"Ateliers jeunesse\"}]},{\"@type\":\"WebSite\",\"@id\":\"https:\\\/\\\/iciela.org\\\/karite\\\/#website\",\"url\":\"https:\\\/\\\/iciela.org\\\/karite\\\/\",\"name\":\"Ici\u00e9la\",\"description\":\"\u00c9changer. Comprendre. Agir\u2026 ensemble !\",\"potentialAction\":[{\"@type\":\"SearchAction\",\"target\":{\"@type\":\"EntryPoint\",\"urlTemplate\":\"https:\\\/\\\/iciela.org\\\/karite\\\/?s={search_term_string}\"},\"query-input\":{\"@type\":\"PropertyValueSpecification\",\"valueRequired\":true,\"valueName\":\"search_term_string\"}}],\"inLanguage\":\"fr-FR\"}]}<\/script>\n<!-- \/ Yoast SEO plugin. -->","yoast_head_json":{"title":"Ateliers jeunesse - Ici\u00e9la","robots":{"index":"index","follow":"follow","max-snippet":"max-snippet:-1","max-image-preview":"max-image-preview:large","max-video-preview":"max-video-preview:-1"},"canonical":"https:\/\/iciela.org\/karite\/?page_id=25","og_locale":"fr_FR","og_type":"article","og_title":"Ateliers jeunesse - Ici\u00e9la","og_description":"[et_pb_section fullwidth=\u00a0\u00bboff\u00a0\u00bb specialty=\u00a0\u00bboff\u00a0\u00bb background_image=\u00a0\u00bbhttp:\/\/iciela.org\/karite\/wp-content\/uploads\/2014\/08\/Fond-2.jpg\u00a0\u00bb inner_shadow=\u00a0\u00bboff\u00a0\u00bb parallax=\u00a0\u00bboff\u00a0\u00bb parallax_method=\u00a0\u00bbcss\u00a0\u00bb][et_pb_row][et_pb_column type=\u00a0\u00bb4_4&Prime;][et_pb_text admin_label=\u00a0\u00bbText\u00a0\u00bb background_layout=\u00a0\u00bblight\u00a0\u00bb text_orientation=\u00a0\u00bbleft\u00a0\u00bb] ICI\u00c9LA \/ ACTIVIT\u00c9S ET PROJETS \/ ATELIERS JEUNESSE [\/et_pb_text][\/et_pb_column][\/et_pb_row][\/et_pb_section][et_pb_section fullwidth=\u00a0\u00bboff\u00a0\u00bb specialty=\u00a0\u00bboff\u00a0\u00bb][et_pb_row][et_pb_column type=\u00a0\u00bb2_3&Prime;][et_pb_text admin_label=\u00a0\u00bbText\u00a0\u00bb background_layout=\u00a0\u00bblight\u00a0\u00bb text_orientation=\u00a0\u00bbleft\u00a0\u00bb] ATELIERS\u00a0JEUNESSE Les ateliers jeunesse visent \u00e0\u00a0stimuler la r\u00e9flexion et le dialogue \u00e0 l&rsquo;\u00e9gard de solutions\u00a0concr\u00e8tes aux enjeux partag\u00e9s. Ici\u00e9la a d\u00e9velopp\u00e9 un programme d&rsquo;ateliers,\u00a0conjointement avec les organismes partenaires du [&hellip;]","og_url":"https:\/\/iciela.org\/karite\/?page_id=25","og_site_name":"Ici\u00e9la","article_modified_time":"2017-02-07T17:57:49+00:00","twitter_misc":{"Dur\u00e9e de lecture estim\u00e9e":"6 minutes"},"schema":{"@context":"https:\/\/schema.org","@graph":[{"@type":"WebPage","@id":"https:\/\/iciela.org\/karite\/?page_id=25","url":"https:\/\/iciela.org\/karite\/?page_id=25","name":"Ateliers jeunesse - Ici\u00e9la","isPartOf":{"@id":"https:\/\/iciela.org\/karite\/#website"},"datePublished":"2014-01-13T17:56:58+00:00","dateModified":"2017-02-07T17:57:49+00:00","breadcrumb":{"@id":"https:\/\/iciela.org\/karite\/?page_id=25#breadcrumb"},"inLanguage":"fr-FR","potentialAction":[{"@type":"ReadAction","target":["https:\/\/iciela.org\/karite\/?page_id=25"]}]},{"@type":"BreadcrumbList","@id":"https:\/\/iciela.org\/karite\/?page_id=25#breadcrumb","itemListElement":[{"@type":"ListItem","position":1,"name":"Accueil","item":"https:\/\/iciela.org\/karite\/"},{"@type":"ListItem","position":2,"name":"Activit\u00e9s et projets","item":"https:\/\/iciela.org\/karite\/?page_id=23"},{"@type":"ListItem","position":3,"name":"Ateliers jeunesse"}]},{"@type":"WebSite","@id":"https:\/\/iciela.org\/karite\/#website","url":"https:\/\/iciela.org\/karite\/","name":"Ici\u00e9la","description":"\u00c9changer. Comprendre. Agir\u2026 ensemble !","potentialAction":[{"@type":"SearchAction","target":{"@type":"EntryPoint","urlTemplate":"https:\/\/iciela.org\/karite\/?s={search_term_string}"},"query-input":{"@type":"PropertyValueSpecification","valueRequired":true,"valueName":"search_term_string"}}],"inLanguage":"fr-FR"}]}},"_links":{"self":[{"href":"https:\/\/iciela.org\/karite\/index.php?rest_route=\/wp\/v2\/pages\/25","targetHints":{"allow":["GET"]}}],"collection":[{"href":"https:\/\/iciela.org\/karite\/index.php?rest_route=\/wp\/v2\/pages"}],"about":[{"href":"https:\/\/iciela.org\/karite\/index.php?rest_route=\/wp\/v2\/types\/page"}],"author":[{"embeddable":true,"href":"https:\/\/iciela.org\/karite\/index.php?rest_route=\/wp\/v2\/users\/2"}],"replies":[{"embeddable":true,"href":"https:\/\/iciela.org\/karite\/index.php?rest_route=%2Fwp%2Fv2%2Fcomments&post=25"}],"version-history":[{"count":73,"href":"https:\/\/iciela.org\/karite\/index.php?rest_route=\/wp\/v2\/pages\/25\/revisions"}],"predecessor-version":[{"id":1617,"href":"https:\/\/iciela.org\/karite\/index.php?rest_route=\/wp\/v2\/pages\/25\/revisions\/1617"}],"up":[{"embeddable":true,"href":"https:\/\/iciela.org\/karite\/index.php?rest_route=\/wp\/v2\/pages\/23"}],"wp:attachment":[{"href":"https:\/\/iciela.org\/karite\/index.php?rest_route=%2Fwp%2Fv2%2Fmedia&parent=25"}],"curies":[{"name":"wp","href":"https:\/\/api.w.org\/{rel}","templated":true}]}}