{"id":23,"date":"2014-01-13T18:51:40","date_gmt":"2014-01-13T17:51:40","guid":{"rendered":"http:\/\/iciela.org\/karite\/?page_id=23"},"modified":"2017-02-07T12:57:33","modified_gmt":"2017-02-07T17:57:33","slug":"nos-activites-et-projets","status":"publish","type":"page","link":"https:\/\/iciela.org\/karite\/?page_id=23","title":{"rendered":"Activit\u00e9s et projets"},"content":{"rendered":"<p>[et_pb_section fullwidth=\u00a0\u00bboff\u00a0\u00bb specialty=\u00a0\u00bboff\u00a0\u00bb inner_shadow=\u00a0\u00bboff\u00a0\u00bb parallax=\u00a0\u00bboff\u00a0\u00bb parallax_method=\u00a0\u00bbcss\u00a0\u00bb background_image=\u00a0\u00bbhttp:\/\/iciela.org\/karite\/wp-content\/uploads\/2014\/08\/Fond-2.jpg\u00a0\u00bb][et_pb_row][et_pb_column type=\u00a0\u00bb4_4&Prime;][et_pb_text admin_label=\u00a0\u00bbText\u00a0\u00bb background_layout=\u00a0\u00bblight\u00a0\u00bb text_orientation=\u00a0\u00bbleft\u00a0\u00bb]<\/p>\n<p style=\"text-align: center;\"><span style=\"color: #ffffff; font-size: 18px;\"><strong>ICI\u00c9LA \/ ACTIVIT\u00c9S ET PROJETS<\/strong><\/span><\/p>\n<p>[\/et_pb_text][\/et_pb_column][\/et_pb_row][\/et_pb_section][et_pb_section fullwidth=\u00a0\u00bboff\u00a0\u00bb specialty=\u00a0\u00bboff\u00a0\u00bb][et_pb_row][et_pb_column type=\u00a0\u00bb2_3&Prime;][et_pb_text admin_label=\u00a0\u00bbText\u00a0\u00bb background_layout=\u00a0\u00bblight\u00a0\u00bb text_orientation=\u00a0\u00bbleft\u00a0\u00bb]<\/p>\n<p style=\"text-align: left; font-size: 18px; color: #b4e85c;\"><strong>ACTIVIT\u00c9S ET PROJETS<\/strong><\/p>\n<p style=\"text-align: justify;\">Toutes\u00a0nos activit\u00e9s visent \u00e0 promouvoir une meilleure compr\u00e9hension de nos propres r\u00e9alit\u00e9s et de celles v\u00e9cues par d&rsquo;autres peuples par le biais d&rsquo;activit\u00e9s d&rsquo;\u00e9changes culturels, afin d&rsquo;amener les citoyens \u00e0 agir de fa\u00e7on concr\u00e8te dans le sens d&rsquo;une soci\u00e9t\u00e9 juste, \u00e9quitable, durable, pacifique et respectueuse de la diversit\u00e9.<\/p>\n<p style=\"text-align: left; font-size: 14px; color: #b4e85c;\"><strong>NOS ACTIVIT\u00c9S ET PROJETS SONT R\u00c9PARTIS SELON 4 VOLETS :<\/strong><\/p>\n<p>[\/et_pb_text][et_pb_accordion admin_label=\u00a0\u00bbAccordion\u00a0\u00bb][et_pb_accordion_item title=\u00a0\u00bbProjet Pangaya\u00a0\u00bb]<\/p>\n<p style=\"text-align: justify;\">Le projet Pangaya se divise en 3\u00a0volets : le projet d&rsquo;association, les ateliers jeunesse et la plateforme web interactive.<\/p>\n<p style=\"text-align: justify;\">Le projet d&rsquo;association vise la cr\u00e9ation d&rsquo;une organisation transnationale regroupant plusieurs pays francophones qui souhaitent oeuvrer pour des initiatives et des projets communs sous les th\u00e8mes de la diversit\u00e9 culturelle et de l&rsquo;\u00e9change interculturel.<\/p>\n<p style=\"text-align: justify;\">Les ateliers jeunesse sont organis\u00e9s aupr\u00e8s de groupes de jeunes par chacun des collaborateurs dans les 6 pays participant au projet d&rsquo;association. Ils visent \u00e0 cr\u00e9er avec les jeunes des capsules vid\u00e9os sur des enjeux communs afin qu&rsquo;ils puissent mener une r\u00e9flexion sur ceux-ci\u00a0et initier un dialogue avec les autres peuples pour voir de quelle mani\u00e8re ils abordent ce m\u00eame enjeu. L&rsquo;objectif est donc de partager avec les autres cultures sa fa\u00e7on de voir les choses et de constater que nous ne sommes pas si diff\u00e9rents qu&rsquo;il n&rsquo;y para\u00eet.<\/p>\n<p style=\"text-align: justify;\">La plateforme web interactive est quant \u00e0 elle l&rsquo;espace o\u00f9 nous d\u00e9posons les vid\u00e9os cr\u00e9\u00e9es par les jeunes. Elle permet donc le partage de celles-ci avec les partenaires, mais aussi avec les internautes de mani\u00e8re g\u00e9n\u00e9rale. Des espaces de discussion y sont pr\u00e9sents, ce qui permet \u00e0 tout le monde de s&rsquo;exprimer \u00e0 propos des enjeux qui sont abord\u00e9s lors des ateliers et dans les vid\u00e9os.<\/p>\n<p style=\"text-align: justify;\">Pour plus d&rsquo;information en ce qui a trait au projet Pangaya, rendez-vous <a title=\"Pangaya.tv\" href=\"http:\/\/iciela.org\/karite\/?page_id=238\" target=\"_blank\">ici<\/a>.<\/p>\n<p>[\/et_pb_accordion_item][et_pb_accordion_item title=\u00a0\u00bbAteliers jeunesses\u00a0\u00bb]<\/p>\n<p style=\"text-align: justify;\">Les ateliers que nous d\u00e9veloppons sont principalement adress\u00e9s \u00e0 des groupes de jeunes, que ce soit dans les \u00e9coles ou dans les organismes communautaires. Nous les cr\u00e9ons en lien avec le projet Pangaya\u00a0cit\u00e9 plus haut, qui vise la promotion du dialogue culturel \u00e0 travers la cr\u00e9ation de capsules vid\u00e9os que nous d\u00e9posons sur une plateforme web d\u00e9di\u00e9e, Pangaya.tv.<\/p>\n<p style=\"text-align: justify;\">L&rsquo;objectif des ateliers est de mettre en relations les jeunes de diff\u00e9rents pays en les faisant travailler sur les m\u00eames enjeux, afin qu&rsquo;ils puissent constater que les peuples se ressemblent finalement plus qu&rsquo;ils ne diff\u00e8rent et qu&rsquo;il y ait un rapprochement.<\/p>\n<p style=\"text-align: justify;\">Pour en savoir plus sur les ateliers jeunesses, rendez-vous <a title=\"Ateliers jeunesses\" href=\"http:\/\/iciela.org\/karite\/?page_id=25\" target=\"_blank\">ici<\/a>.<\/p>\n<p>[\/et_pb_accordion_item][et_pb_accordion_item title=\u00a0\u00bb\u00c9v\u00e8nements publics\u00a0\u00bb]<\/p>\n<p style=\"text-align: justify;\">Ici\u00e9la organise \u00e0 l\u2019occasion des rassemblements citoyens visant \u00e0 promouvoir le dialogue interculturel et \u00e0 faire conna\u00eetre nos initiatives dans le domaine. Que ce soient des soir\u00e9es, des soupers ou d\u2019autres types d\u2019\u00e9v\u00e8nements, il est toujours question d\u2019activit\u00e9s d\u2019\u00e9changes, de discussions et de diffusion du contenu multim\u00e9dia produit par les jeunes dans le cadre des ateliers jeunesse du projet Pangaya.<\/p>\n<p style=\"text-align: justify;\">Le but principal est d\u2019ouvrir le dialogue avec un plus large public sur l\u2019ensemble des th\u00e9matiques abord\u00e9es dans le cadre du projet Pangaya et d\u2019offrir une plus grande visibilit\u00e9 aux oeuvres produites par les jeunes en plus de permettre une appropriation de leurs conceptions des enjeux.<\/p>\n<p>[\/et_pb_accordion_item][et_pb_accordion_item title=\u00a0\u00bb\u00c9conomie solidaire\u00a0\u00bb]<\/p>\n<p style=\"text-align: justify;\">L&rsquo;\u00e9conomie solidaire a\u00a0une finalit\u00e9 d&rsquo;int\u00e9r\u00eat collectif. Elle vise \u00e0 mettre en oeuvre des projets respectueux de l&rsquo;environnement et \u00e0 contribuer \u00e0 la r\u00e9duction des in\u00e9galit\u00e9s et \u00e0 la coh\u00e9sion sociale. Sa gouvernance est d\u00e9mocratique, ce qui signifie qu&rsquo;elle place les hommes et les femmes du projet au coeur du processus de d\u00e9cision. Elle se caract\u00e9rise \u00e9galement par un ancrage territorial et une mobilisation citoyenne, elle a pour objectif de faire des citoyens des contributeurs aussi bien que des b\u00e9n\u00e9ficiaires du progr\u00e8s \u00e9conomique, social et \u00e9cologique.<\/p>\n<p style=\"text-align: justify;\">Ici\u00e9la souhaite contribuer \u00e0 l&rsquo;essor de l&rsquo;\u00e9conomie solidaire, c&rsquo;est pourquoi nous nous sommes lanc\u00e9s dans un premier projet, celui de la vente du beurre de karit\u00e9 fabriqu\u00e9 par la coop\u00e9rative malienne de productrices de karit\u00e9 Kofob\u00e9ka.<\/p>\n<p style=\"text-align: justify;\">Pour en apprendre plus sur l&rsquo;int\u00e9r\u00eat d&rsquo;Ici\u00e9la pour l&rsquo;\u00e9conomie solidaire, rendez-vous <a title=\"Projets d\u2019\u00e9conomie solidaire\" href=\"http:\/\/iciela.org\/karite\/?page_id=33\" target=\"_blank\">ici<\/a>.\u00a0Pour en savoir plus \u00e0 propos du projet de vente du beurre de karit\u00e9, rendez-vous <a title=\"Beurre de Karit\u00e9\" href=\"http:\/\/iciela.org\/karite\/?page_id=86\" target=\"_blank\">ici<\/a>.<\/p>\n<p>[\/et_pb_accordion_item][\/et_pb_accordion][\/et_pb_column][et_pb_column type=\u00a0\u00bb1_3&Prime;][et_pb_text admin_label=\u00a0\u00bbText\u00a0\u00bb background_layout=\u00a0\u00bblight\u00a0\u00bb text_orientation=\u00a0\u00bbleft\u00a0\u00bb]<\/p>\n<p style=\"text-align: center; color: #b4e85c;\"><strong>DERNI\u00c8RES ACTUALIT\u00c9S DE NOS ACTIVIT\u00c9S ET PROJETS<\/strong><\/p>\n<p>[\/et_pb_text][et_pb_blog admin_label=\u00a0\u00bbBlog\u00a0\u00bb fullwidth=\u00a0\u00bbon\u00a0\u00bb posts_number=\u00a0\u00bb1&Prime; include_categories=\u00a0\u00bb13,12,6,3&Prime; meta_date=\u00a0\u00bbM j, Y\u00a0\u00bb show_thumbnail=\u00a0\u00bbon\u00a0\u00bb show_content=\u00a0\u00bbon\u00a0\u00bb show_author=\u00a0\u00bboff\u00a0\u00bb show_date=\u00a0\u00bbon\u00a0\u00bb show_categories=\u00a0\u00bboff\u00a0\u00bb show_pagination=\u00a0\u00bboff\u00a0\u00bb background_layout=\u00a0\u00bblight\u00a0\u00bb \/][\/et_pb_column][\/et_pb_row][\/et_pb_section][et_pb_section fullwidth=\u00a0\u00bboff\u00a0\u00bb specialty=\u00a0\u00bboff\u00a0\u00bb inner_shadow=\u00a0\u00bboff\u00a0\u00bb parallax=\u00a0\u00bboff\u00a0\u00bb parallax_method=\u00a0\u00bbcss\u00a0\u00bb background_image=\u00a0\u00bbhttp:\/\/iciela.org\/karite\/wp-content\/uploads\/2014\/08\/Fond-2.jpg\u00a0\u00bb][et_pb_row][et_pb_column type=\u00a0\u00bb4_4&Prime;][et_pb_text admin_label=\u00a0\u00bbText\u00a0\u00bb background_layout=\u00a0\u00bblight\u00a0\u00bb text_orientation=\u00a0\u00bbleft\u00a0\u00bb \/][\/et_pb_column][\/et_pb_row][\/et_pb_section]<\/p>\n","protected":false},"excerpt":{"rendered":"<p>[et_pb_section fullwidth=\u00a0\u00bboff\u00a0\u00bb specialty=\u00a0\u00bboff\u00a0\u00bb inner_shadow=\u00a0\u00bboff\u00a0\u00bb parallax=\u00a0\u00bboff\u00a0\u00bb parallax_method=\u00a0\u00bbcss\u00a0\u00bb background_image=\u00a0\u00bbhttp:\/\/iciela.org\/karite\/wp-content\/uploads\/2014\/08\/Fond-2.jpg\u00a0\u00bb][et_pb_row][et_pb_column type=\u00a0\u00bb4_4&Prime;][et_pb_text admin_label=\u00a0\u00bbText\u00a0\u00bb background_layout=\u00a0\u00bblight\u00a0\u00bb text_orientation=\u00a0\u00bbleft\u00a0\u00bb] ICI\u00c9LA \/ ACTIVIT\u00c9S ET PROJETS [\/et_pb_text][\/et_pb_column][\/et_pb_row][\/et_pb_section][et_pb_section fullwidth=\u00a0\u00bboff\u00a0\u00bb specialty=\u00a0\u00bboff\u00a0\u00bb][et_pb_row][et_pb_column type=\u00a0\u00bb2_3&Prime;][et_pb_text admin_label=\u00a0\u00bbText\u00a0\u00bb background_layout=\u00a0\u00bblight\u00a0\u00bb text_orientation=\u00a0\u00bbleft\u00a0\u00bb] ACTIVIT\u00c9S ET PROJETS Toutes\u00a0nos activit\u00e9s visent \u00e0 promouvoir une meilleure compr\u00e9hension de nos propres r\u00e9alit\u00e9s et de celles v\u00e9cues par d&rsquo;autres peuples par le biais d&rsquo;activit\u00e9s d&rsquo;\u00e9changes culturels, afin d&rsquo;amener les citoyens [&hellip;]<\/p>\n","protected":false},"author":2,"featured_media":0,"parent":0,"menu_order":0,"comment_status":"open","ping_status":"open","template":"","meta":{"footnotes":""},"class_list":["post-23","page","type-page","status-publish","hentry"],"yoast_head":"<!-- This site is optimized with the Yoast SEO plugin v27.4 - https:\/\/yoast.com\/product\/yoast-seo-wordpress\/ -->\n<title>Activit\u00e9s et projets - Ici\u00e9la<\/title>\n<meta name=\"robots\" content=\"index, follow, max-snippet:-1, max-image-preview:large, max-video-preview:-1\" \/>\n<link rel=\"canonical\" href=\"https:\/\/iciela.org\/karite\/?page_id=23\" \/>\n<meta property=\"og:locale\" content=\"fr_FR\" \/>\n<meta property=\"og:type\" content=\"article\" \/>\n<meta property=\"og:title\" content=\"Activit\u00e9s et projets - Ici\u00e9la\" \/>\n<meta property=\"og:description\" content=\"[et_pb_section fullwidth=\u00a0\u00bboff\u00a0\u00bb specialty=\u00a0\u00bboff\u00a0\u00bb inner_shadow=\u00a0\u00bboff\u00a0\u00bb parallax=\u00a0\u00bboff\u00a0\u00bb parallax_method=\u00a0\u00bbcss\u00a0\u00bb background_image=\u00a0\u00bbhttp:\/\/iciela.org\/karite\/wp-content\/uploads\/2014\/08\/Fond-2.jpg\u00a0\u00bb][et_pb_row][et_pb_column type=\u00a0\u00bb4_4&Prime;][et_pb_text admin_label=\u00a0\u00bbText\u00a0\u00bb background_layout=\u00a0\u00bblight\u00a0\u00bb text_orientation=\u00a0\u00bbleft\u00a0\u00bb] ICI\u00c9LA \/ ACTIVIT\u00c9S ET PROJETS [\/et_pb_text][\/et_pb_column][\/et_pb_row][\/et_pb_section][et_pb_section fullwidth=\u00a0\u00bboff\u00a0\u00bb specialty=\u00a0\u00bboff\u00a0\u00bb][et_pb_row][et_pb_column type=\u00a0\u00bb2_3&Prime;][et_pb_text admin_label=\u00a0\u00bbText\u00a0\u00bb background_layout=\u00a0\u00bblight\u00a0\u00bb text_orientation=\u00a0\u00bbleft\u00a0\u00bb] ACTIVIT\u00c9S ET PROJETS Toutes\u00a0nos activit\u00e9s visent \u00e0 promouvoir une meilleure compr\u00e9hension de nos propres r\u00e9alit\u00e9s et de celles v\u00e9cues par d&rsquo;autres peuples par le biais d&rsquo;activit\u00e9s d&rsquo;\u00e9changes culturels, afin d&rsquo;amener les citoyens [&hellip;]\" \/>\n<meta property=\"og:url\" content=\"https:\/\/iciela.org\/karite\/?page_id=23\" \/>\n<meta property=\"og:site_name\" content=\"Ici\u00e9la\" \/>\n<meta property=\"article:modified_time\" content=\"2017-02-07T17:57:33+00:00\" \/>\n<meta name=\"twitter:label1\" content=\"Dur\u00e9e de lecture estim\u00e9e\" \/>\n\t<meta name=\"twitter:data1\" content=\"5 minutes\" \/>\n<script type=\"application\/ld+json\" class=\"yoast-schema-graph\">{\"@context\":\"https:\\\/\\\/schema.org\",\"@graph\":[{\"@type\":\"WebPage\",\"@id\":\"https:\\\/\\\/iciela.org\\\/karite\\\/?page_id=23\",\"url\":\"https:\\\/\\\/iciela.org\\\/karite\\\/?page_id=23\",\"name\":\"Activit\u00e9s et projets - Ici\u00e9la\",\"isPartOf\":{\"@id\":\"https:\\\/\\\/iciela.org\\\/karite\\\/#website\"},\"datePublished\":\"2014-01-13T17:51:40+00:00\",\"dateModified\":\"2017-02-07T17:57:33+00:00\",\"breadcrumb\":{\"@id\":\"https:\\\/\\\/iciela.org\\\/karite\\\/?page_id=23#breadcrumb\"},\"inLanguage\":\"fr-FR\",\"potentialAction\":[{\"@type\":\"ReadAction\",\"target\":[\"https:\\\/\\\/iciela.org\\\/karite\\\/?page_id=23\"]}]},{\"@type\":\"BreadcrumbList\",\"@id\":\"https:\\\/\\\/iciela.org\\\/karite\\\/?page_id=23#breadcrumb\",\"itemListElement\":[{\"@type\":\"ListItem\",\"position\":1,\"name\":\"Accueil\",\"item\":\"https:\\\/\\\/iciela.org\\\/karite\\\/\"},{\"@type\":\"ListItem\",\"position\":2,\"name\":\"Activit\u00e9s et projets\"}]},{\"@type\":\"WebSite\",\"@id\":\"https:\\\/\\\/iciela.org\\\/karite\\\/#website\",\"url\":\"https:\\\/\\\/iciela.org\\\/karite\\\/\",\"name\":\"Ici\u00e9la\",\"description\":\"\u00c9changer. Comprendre. Agir\u2026 ensemble !\",\"potentialAction\":[{\"@type\":\"SearchAction\",\"target\":{\"@type\":\"EntryPoint\",\"urlTemplate\":\"https:\\\/\\\/iciela.org\\\/karite\\\/?s={search_term_string}\"},\"query-input\":{\"@type\":\"PropertyValueSpecification\",\"valueRequired\":true,\"valueName\":\"search_term_string\"}}],\"inLanguage\":\"fr-FR\"}]}<\/script>\n<!-- \/ Yoast SEO plugin. -->","yoast_head_json":{"title":"Activit\u00e9s et projets - Ici\u00e9la","robots":{"index":"index","follow":"follow","max-snippet":"max-snippet:-1","max-image-preview":"max-image-preview:large","max-video-preview":"max-video-preview:-1"},"canonical":"https:\/\/iciela.org\/karite\/?page_id=23","og_locale":"fr_FR","og_type":"article","og_title":"Activit\u00e9s et projets - Ici\u00e9la","og_description":"[et_pb_section fullwidth=\u00a0\u00bboff\u00a0\u00bb specialty=\u00a0\u00bboff\u00a0\u00bb inner_shadow=\u00a0\u00bboff\u00a0\u00bb parallax=\u00a0\u00bboff\u00a0\u00bb parallax_method=\u00a0\u00bbcss\u00a0\u00bb background_image=\u00a0\u00bbhttp:\/\/iciela.org\/karite\/wp-content\/uploads\/2014\/08\/Fond-2.jpg\u00a0\u00bb][et_pb_row][et_pb_column type=\u00a0\u00bb4_4&Prime;][et_pb_text admin_label=\u00a0\u00bbText\u00a0\u00bb background_layout=\u00a0\u00bblight\u00a0\u00bb text_orientation=\u00a0\u00bbleft\u00a0\u00bb] ICI\u00c9LA \/ ACTIVIT\u00c9S ET PROJETS [\/et_pb_text][\/et_pb_column][\/et_pb_row][\/et_pb_section][et_pb_section fullwidth=\u00a0\u00bboff\u00a0\u00bb specialty=\u00a0\u00bboff\u00a0\u00bb][et_pb_row][et_pb_column type=\u00a0\u00bb2_3&Prime;][et_pb_text admin_label=\u00a0\u00bbText\u00a0\u00bb background_layout=\u00a0\u00bblight\u00a0\u00bb text_orientation=\u00a0\u00bbleft\u00a0\u00bb] ACTIVIT\u00c9S ET PROJETS Toutes\u00a0nos activit\u00e9s visent \u00e0 promouvoir une meilleure compr\u00e9hension de nos propres r\u00e9alit\u00e9s et de celles v\u00e9cues par d&rsquo;autres peuples par le biais d&rsquo;activit\u00e9s d&rsquo;\u00e9changes culturels, afin d&rsquo;amener les citoyens [&hellip;]","og_url":"https:\/\/iciela.org\/karite\/?page_id=23","og_site_name":"Ici\u00e9la","article_modified_time":"2017-02-07T17:57:33+00:00","twitter_misc":{"Dur\u00e9e de lecture estim\u00e9e":"5 minutes"},"schema":{"@context":"https:\/\/schema.org","@graph":[{"@type":"WebPage","@id":"https:\/\/iciela.org\/karite\/?page_id=23","url":"https:\/\/iciela.org\/karite\/?page_id=23","name":"Activit\u00e9s et projets - Ici\u00e9la","isPartOf":{"@id":"https:\/\/iciela.org\/karite\/#website"},"datePublished":"2014-01-13T17:51:40+00:00","dateModified":"2017-02-07T17:57:33+00:00","breadcrumb":{"@id":"https:\/\/iciela.org\/karite\/?page_id=23#breadcrumb"},"inLanguage":"fr-FR","potentialAction":[{"@type":"ReadAction","target":["https:\/\/iciela.org\/karite\/?page_id=23"]}]},{"@type":"BreadcrumbList","@id":"https:\/\/iciela.org\/karite\/?page_id=23#breadcrumb","itemListElement":[{"@type":"ListItem","position":1,"name":"Accueil","item":"https:\/\/iciela.org\/karite\/"},{"@type":"ListItem","position":2,"name":"Activit\u00e9s et projets"}]},{"@type":"WebSite","@id":"https:\/\/iciela.org\/karite\/#website","url":"https:\/\/iciela.org\/karite\/","name":"Ici\u00e9la","description":"\u00c9changer. Comprendre. Agir\u2026 ensemble !","potentialAction":[{"@type":"SearchAction","target":{"@type":"EntryPoint","urlTemplate":"https:\/\/iciela.org\/karite\/?s={search_term_string}"},"query-input":{"@type":"PropertyValueSpecification","valueRequired":true,"valueName":"search_term_string"}}],"inLanguage":"fr-FR"}]}},"_links":{"self":[{"href":"https:\/\/iciela.org\/karite\/index.php?rest_route=\/wp\/v2\/pages\/23","targetHints":{"allow":["GET"]}}],"collection":[{"href":"https:\/\/iciela.org\/karite\/index.php?rest_route=\/wp\/v2\/pages"}],"about":[{"href":"https:\/\/iciela.org\/karite\/index.php?rest_route=\/wp\/v2\/types\/page"}],"author":[{"embeddable":true,"href":"https:\/\/iciela.org\/karite\/index.php?rest_route=\/wp\/v2\/users\/2"}],"replies":[{"embeddable":true,"href":"https:\/\/iciela.org\/karite\/index.php?rest_route=%2Fwp%2Fv2%2Fcomments&post=23"}],"version-history":[{"count":96,"href":"https:\/\/iciela.org\/karite\/index.php?rest_route=\/wp\/v2\/pages\/23\/revisions"}],"predecessor-version":[{"id":1647,"href":"https:\/\/iciela.org\/karite\/index.php?rest_route=\/wp\/v2\/pages\/23\/revisions\/1647"}],"wp:attachment":[{"href":"https:\/\/iciela.org\/karite\/index.php?rest_route=%2Fwp%2Fv2%2Fmedia&parent=23"}],"curies":[{"name":"wp","href":"https:\/\/api.w.org\/{rel}","templated":true}]}}