{"id":16,"date":"2014-01-13T18:40:07","date_gmt":"2014-01-13T17:40:07","guid":{"rendered":"http:\/\/iciela.org\/karite\/?page_id=16"},"modified":"2017-02-07T13:00:42","modified_gmt":"2017-02-07T18:00:42","slug":"le-fondateur-et-coordonnateur-jean-sebastien-dufresne","status":"publish","type":"page","link":"https:\/\/iciela.org\/karite\/?page_id=16","title":{"rendered":"Jean-S\u00e9bastien Dufresne &#8211; Fondateur et coordinateur g\u00e9n\u00e9ral"},"content":{"rendered":"<p>[et_pb_section fullwidth=\u00a0\u00bboff\u00a0\u00bb specialty=\u00a0\u00bboff\u00a0\u00bb background_image=\u00a0\u00bbhttp:\/\/iciela.org\/karite\/wp-content\/uploads\/2014\/08\/Fond-2.jpg\u00a0\u00bb inner_shadow=\u00a0\u00bboff\u00a0\u00bb parallax=\u00a0\u00bboff\u00a0\u00bb parallax_method=\u00a0\u00bbcss\u00a0\u00bb][et_pb_row][et_pb_column type=\u00a0\u00bb4_4&Prime;][et_pb_text admin_label=\u00a0\u00bbText\u00a0\u00bb background_layout=\u00a0\u00bblight\u00a0\u00bb text_orientation=\u00a0\u00bbleft\u00a0\u00bb]<\/p>\n<p style=\"text-align: center; font-size: 18px;\"><span style=\"color: #ffffff;\"><strong>ICI\u00c9LA \/ \u00c0 PROPOS \/ JEAN-S\u00c9BASTIEN DUFRESNE &#8211; FONDATEUR ET COORDINATEUR G\u00c9N\u00c9RAL<\/strong><\/span><\/p>\n<p>[\/et_pb_text][\/et_pb_column][\/et_pb_row][\/et_pb_section][et_pb_section fullwidth=\u00a0\u00bboff\u00a0\u00bb specialty=\u00a0\u00bboff\u00a0\u00bb][et_pb_row][et_pb_column type=\u00a0\u00bb4_4&Prime;][et_pb_team_member admin_label=\u00a0\u00bbTeam Member\u00a0\u00bb name=\u00a0\u00bbJean-S\u00e9bastien Dufresne\u00a0\u00bb position=\u00a0\u00bbFondateur et coordinateur g\u00e9n\u00e9ral\u00a0\u00bb image_url=\u00a0\u00bbhttp:\/\/iciela.org\/karite\/wp-content\/uploads\/2014\/01\/Jean-S\u00e9bastien.jpg\u00a0\u00bb animation=\u00a0\u00bbtop\u00a0\u00bb background_layout=\u00a0\u00bblight\u00a0\u00bb facebook_url=\u00a0\u00bbhttps:\/\/www.facebook.com\/jeansdufresne?fref=ts\u00a0\u00bb twitter_url=\u00a0\u00bbhttps:\/\/twitter.com\/jsdufresne\u00a0\u00bb]<\/p>\n<p style=\"text-align: justify;\">Convaincu qu&rsquo;une meilleure compr\u00e9hension entre les peuples entra\u00eene une plus grande solidarit\u00e9, Jean-S\u00e9bastien Dufresne a fond\u00e9, \u00e0 son retour d&rsquo;un s\u00e9jour au Mali dans le cadre d&rsquo;un \u00e9change\u00a0culturel avec Jeunesse Canada Monde, le R\u00e9seau citoyen de solidarit\u00e9 Ici\u00e9la. Depuis 2004, il mobilise des b\u00e9n\u00e9voles afin de promouvoir une soci\u00e9t\u00e9 juste, \u00e9quitable, solidaire et pacifique,\u00a0passant par l&rsquo;organisation et la tenue de diverses activit\u00e9s d&rsquo;\u00e9changes interculturels.<\/p>\n<p style=\"text-align: justify;\">Laur\u00e9at de nombreuses distinctions, dont les prix <em>Hommage-b\u00e9n\u00e9volat Qu\u00e9bec<\/em>, <em>Je prends ma place<\/em> du Secr\u00e9tariat \u00e0 la jeunesse du gouvernement du Qu\u00e9bec et <em>Jefaismapartcoop<\/em> de D\u00e9veloppement\u00a0International Desjardins, il a de plus \u00e9t\u00e9 nomm\u00e9 Personnalit\u00e9 Excellence de l&rsquo;ann\u00e9e 2008 au gala Forces Avenir et Personnalit\u00e9 de la semaine par le quotidien La Presse et le m\u00e9dia national Radio-Canada en octobre 2008. Le Journal de Montr\u00e9al l&rsquo;a aussi pr\u00e9sent\u00e9 au sein du TOP 3o des jeunes de moins de 30 ans pouvant influencer le monde des affaires. Il obtient en 2009 le prix <em>Arista &#8211; Jeune leader sans fronti\u00e8re<\/em> de la Jeune chambre de commerce de Montr\u00e9al.<\/p>\n<p>[\/et_pb_team_member][\/et_pb_column][\/et_pb_row][\/et_pb_section][et_pb_section fullwidth=\u00a0\u00bboff\u00a0\u00bb specialty=\u00a0\u00bboff\u00a0\u00bb background_image=\u00a0\u00bbhttp:\/\/iciela.org\/karite\/wp-content\/uploads\/2014\/08\/Fond-2.jpg\u00a0\u00bb inner_shadow=\u00a0\u00bboff\u00a0\u00bb parallax=\u00a0\u00bboff\u00a0\u00bb parallax_method=\u00a0\u00bbcss\u00a0\u00bb][et_pb_row][et_pb_column type=\u00a0\u00bb4_4&Prime;][et_pb_text admin_label=\u00a0\u00bbText\u00a0\u00bb background_layout=\u00a0\u00bblight\u00a0\u00bb text_orientation=\u00a0\u00bbleft\u00a0\u00bb \/][\/et_pb_column][\/et_pb_row][\/et_pb_section]<\/p>\n","protected":false},"excerpt":{"rendered":"<p>[et_pb_section fullwidth=\u00a0\u00bboff\u00a0\u00bb specialty=\u00a0\u00bboff\u00a0\u00bb background_image=\u00a0\u00bbhttp:\/\/iciela.org\/karite\/wp-content\/uploads\/2014\/08\/Fond-2.jpg\u00a0\u00bb inner_shadow=\u00a0\u00bboff\u00a0\u00bb parallax=\u00a0\u00bboff\u00a0\u00bb parallax_method=\u00a0\u00bbcss\u00a0\u00bb][et_pb_row][et_pb_column type=\u00a0\u00bb4_4&Prime;][et_pb_text admin_label=\u00a0\u00bbText\u00a0\u00bb background_layout=\u00a0\u00bblight\u00a0\u00bb text_orientation=\u00a0\u00bbleft\u00a0\u00bb] ICI\u00c9LA \/ \u00c0 PROPOS \/ JEAN-S\u00c9BASTIEN DUFRESNE &#8211; FONDATEUR ET COORDINATEUR G\u00c9N\u00c9RAL [\/et_pb_text][\/et_pb_column][\/et_pb_row][\/et_pb_section][et_pb_section fullwidth=\u00a0\u00bboff\u00a0\u00bb specialty=\u00a0\u00bboff\u00a0\u00bb][et_pb_row][et_pb_column type=\u00a0\u00bb4_4&Prime;][et_pb_team_member admin_label=\u00a0\u00bbTeam Member\u00a0\u00bb name=\u00a0\u00bbJean-S\u00e9bastien Dufresne\u00a0\u00bb position=\u00a0\u00bbFondateur et coordinateur g\u00e9n\u00e9ral\u00a0\u00bb image_url=\u00a0\u00bbhttp:\/\/iciela.org\/karite\/wp-content\/uploads\/2014\/01\/Jean-S\u00e9bastien.jpg\u00a0\u00bb animation=\u00a0\u00bbtop\u00a0\u00bb background_layout=\u00a0\u00bblight\u00a0\u00bb facebook_url=\u00a0\u00bbhttps:\/\/www.facebook.com\/jeansdufresne?fref=ts\u00a0\u00bb twitter_url=\u00a0\u00bbhttps:\/\/twitter.com\/jsdufresne\u00a0\u00bb] Convaincu qu&rsquo;une meilleure compr\u00e9hension entre les peuples entra\u00eene une plus grande solidarit\u00e9, Jean-S\u00e9bastien Dufresne a [&hellip;]<\/p>\n","protected":false},"author":2,"featured_media":0,"parent":0,"menu_order":0,"comment_status":"open","ping_status":"closed","template":"","meta":{"footnotes":""},"class_list":["post-16","page","type-page","status-publish","hentry"],"yoast_head":"<!-- This site is optimized with the Yoast SEO plugin v27.4 - https:\/\/yoast.com\/product\/yoast-seo-wordpress\/ -->\n<title>Jean-S\u00e9bastien Dufresne - Fondateur et coordinateur g\u00e9n\u00e9ral - Ici\u00e9la<\/title>\n<meta name=\"robots\" content=\"index, follow, max-snippet:-1, max-image-preview:large, max-video-preview:-1\" \/>\n<link rel=\"canonical\" href=\"https:\/\/iciela.org\/karite\/?page_id=16\" \/>\n<meta property=\"og:locale\" content=\"fr_FR\" \/>\n<meta property=\"og:type\" content=\"article\" \/>\n<meta property=\"og:title\" content=\"Jean-S\u00e9bastien Dufresne - Fondateur et coordinateur g\u00e9n\u00e9ral - Ici\u00e9la\" \/>\n<meta property=\"og:description\" content=\"[et_pb_section fullwidth=\u00a0\u00bboff\u00a0\u00bb specialty=\u00a0\u00bboff\u00a0\u00bb background_image=\u00a0\u00bbhttp:\/\/iciela.org\/karite\/wp-content\/uploads\/2014\/08\/Fond-2.jpg\u00a0\u00bb inner_shadow=\u00a0\u00bboff\u00a0\u00bb parallax=\u00a0\u00bboff\u00a0\u00bb parallax_method=\u00a0\u00bbcss\u00a0\u00bb][et_pb_row][et_pb_column type=\u00a0\u00bb4_4&Prime;][et_pb_text admin_label=\u00a0\u00bbText\u00a0\u00bb background_layout=\u00a0\u00bblight\u00a0\u00bb text_orientation=\u00a0\u00bbleft\u00a0\u00bb] ICI\u00c9LA \/ \u00c0 PROPOS \/ JEAN-S\u00c9BASTIEN DUFRESNE &#8211; FONDATEUR ET COORDINATEUR G\u00c9N\u00c9RAL [\/et_pb_text][\/et_pb_column][\/et_pb_row][\/et_pb_section][et_pb_section fullwidth=\u00a0\u00bboff\u00a0\u00bb specialty=\u00a0\u00bboff\u00a0\u00bb][et_pb_row][et_pb_column type=\u00a0\u00bb4_4&Prime;][et_pb_team_member admin_label=\u00a0\u00bbTeam Member\u00a0\u00bb name=\u00a0\u00bbJean-S\u00e9bastien Dufresne\u00a0\u00bb position=\u00a0\u00bbFondateur et coordinateur g\u00e9n\u00e9ral\u00a0\u00bb image_url=\u00a0\u00bbhttp:\/\/iciela.org\/karite\/wp-content\/uploads\/2014\/01\/Jean-S\u00e9bastien.jpg\u00a0\u00bb animation=\u00a0\u00bbtop\u00a0\u00bb background_layout=\u00a0\u00bblight\u00a0\u00bb facebook_url=\u00a0\u00bbhttps:\/\/www.facebook.com\/jeansdufresne?fref=ts\u00a0\u00bb twitter_url=\u00a0\u00bbhttps:\/\/twitter.com\/jsdufresne\u00a0\u00bb] Convaincu qu&rsquo;une meilleure compr\u00e9hension entre les peuples entra\u00eene une plus grande solidarit\u00e9, Jean-S\u00e9bastien Dufresne a [&hellip;]\" \/>\n<meta property=\"og:url\" content=\"https:\/\/iciela.org\/karite\/?page_id=16\" \/>\n<meta property=\"og:site_name\" content=\"Ici\u00e9la\" \/>\n<meta property=\"article:modified_time\" content=\"2017-02-07T18:00:42+00:00\" \/>\n<meta name=\"twitter:label1\" content=\"Dur\u00e9e de lecture estim\u00e9e\" \/>\n\t<meta name=\"twitter:data1\" content=\"2 minutes\" \/>\n<script type=\"application\/ld+json\" class=\"yoast-schema-graph\">{\"@context\":\"https:\\\/\\\/schema.org\",\"@graph\":[{\"@type\":\"WebPage\",\"@id\":\"https:\\\/\\\/iciela.org\\\/karite\\\/?page_id=16\",\"url\":\"https:\\\/\\\/iciela.org\\\/karite\\\/?page_id=16\",\"name\":\"Jean-S\u00e9bastien Dufresne - Fondateur et coordinateur g\u00e9n\u00e9ral - Ici\u00e9la\",\"isPartOf\":{\"@id\":\"https:\\\/\\\/iciela.org\\\/karite\\\/#website\"},\"datePublished\":\"2014-01-13T17:40:07+00:00\",\"dateModified\":\"2017-02-07T18:00:42+00:00\",\"breadcrumb\":{\"@id\":\"https:\\\/\\\/iciela.org\\\/karite\\\/?page_id=16#breadcrumb\"},\"inLanguage\":\"fr-FR\",\"potentialAction\":[{\"@type\":\"ReadAction\",\"target\":[\"https:\\\/\\\/iciela.org\\\/karite\\\/?page_id=16\"]}]},{\"@type\":\"BreadcrumbList\",\"@id\":\"https:\\\/\\\/iciela.org\\\/karite\\\/?page_id=16#breadcrumb\",\"itemListElement\":[{\"@type\":\"ListItem\",\"position\":1,\"name\":\"Accueil\",\"item\":\"https:\\\/\\\/iciela.org\\\/karite\\\/\"},{\"@type\":\"ListItem\",\"position\":2,\"name\":\"Jean-S\u00e9bastien Dufresne &#8211; Fondateur et coordinateur g\u00e9n\u00e9ral\"}]},{\"@type\":\"WebSite\",\"@id\":\"https:\\\/\\\/iciela.org\\\/karite\\\/#website\",\"url\":\"https:\\\/\\\/iciela.org\\\/karite\\\/\",\"name\":\"Ici\u00e9la\",\"description\":\"\u00c9changer. Comprendre. Agir\u2026 ensemble !\",\"potentialAction\":[{\"@type\":\"SearchAction\",\"target\":{\"@type\":\"EntryPoint\",\"urlTemplate\":\"https:\\\/\\\/iciela.org\\\/karite\\\/?s={search_term_string}\"},\"query-input\":{\"@type\":\"PropertyValueSpecification\",\"valueRequired\":true,\"valueName\":\"search_term_string\"}}],\"inLanguage\":\"fr-FR\"}]}<\/script>\n<!-- \/ Yoast SEO plugin. -->","yoast_head_json":{"title":"Jean-S\u00e9bastien Dufresne - Fondateur et coordinateur g\u00e9n\u00e9ral - Ici\u00e9la","robots":{"index":"index","follow":"follow","max-snippet":"max-snippet:-1","max-image-preview":"max-image-preview:large","max-video-preview":"max-video-preview:-1"},"canonical":"https:\/\/iciela.org\/karite\/?page_id=16","og_locale":"fr_FR","og_type":"article","og_title":"Jean-S\u00e9bastien Dufresne - Fondateur et coordinateur g\u00e9n\u00e9ral - Ici\u00e9la","og_description":"[et_pb_section fullwidth=\u00a0\u00bboff\u00a0\u00bb specialty=\u00a0\u00bboff\u00a0\u00bb background_image=\u00a0\u00bbhttp:\/\/iciela.org\/karite\/wp-content\/uploads\/2014\/08\/Fond-2.jpg\u00a0\u00bb inner_shadow=\u00a0\u00bboff\u00a0\u00bb parallax=\u00a0\u00bboff\u00a0\u00bb parallax_method=\u00a0\u00bbcss\u00a0\u00bb][et_pb_row][et_pb_column type=\u00a0\u00bb4_4&Prime;][et_pb_text admin_label=\u00a0\u00bbText\u00a0\u00bb background_layout=\u00a0\u00bblight\u00a0\u00bb text_orientation=\u00a0\u00bbleft\u00a0\u00bb] ICI\u00c9LA \/ \u00c0 PROPOS \/ JEAN-S\u00c9BASTIEN DUFRESNE &#8211; FONDATEUR ET COORDINATEUR G\u00c9N\u00c9RAL [\/et_pb_text][\/et_pb_column][\/et_pb_row][\/et_pb_section][et_pb_section fullwidth=\u00a0\u00bboff\u00a0\u00bb specialty=\u00a0\u00bboff\u00a0\u00bb][et_pb_row][et_pb_column type=\u00a0\u00bb4_4&Prime;][et_pb_team_member admin_label=\u00a0\u00bbTeam Member\u00a0\u00bb name=\u00a0\u00bbJean-S\u00e9bastien Dufresne\u00a0\u00bb position=\u00a0\u00bbFondateur et coordinateur g\u00e9n\u00e9ral\u00a0\u00bb image_url=\u00a0\u00bbhttp:\/\/iciela.org\/karite\/wp-content\/uploads\/2014\/01\/Jean-S\u00e9bastien.jpg\u00a0\u00bb animation=\u00a0\u00bbtop\u00a0\u00bb background_layout=\u00a0\u00bblight\u00a0\u00bb facebook_url=\u00a0\u00bbhttps:\/\/www.facebook.com\/jeansdufresne?fref=ts\u00a0\u00bb twitter_url=\u00a0\u00bbhttps:\/\/twitter.com\/jsdufresne\u00a0\u00bb] Convaincu qu&rsquo;une meilleure compr\u00e9hension entre les peuples entra\u00eene une plus grande solidarit\u00e9, Jean-S\u00e9bastien Dufresne a [&hellip;]","og_url":"https:\/\/iciela.org\/karite\/?page_id=16","og_site_name":"Ici\u00e9la","article_modified_time":"2017-02-07T18:00:42+00:00","twitter_misc":{"Dur\u00e9e de lecture estim\u00e9e":"2 minutes"},"schema":{"@context":"https:\/\/schema.org","@graph":[{"@type":"WebPage","@id":"https:\/\/iciela.org\/karite\/?page_id=16","url":"https:\/\/iciela.org\/karite\/?page_id=16","name":"Jean-S\u00e9bastien Dufresne - Fondateur et coordinateur g\u00e9n\u00e9ral - Ici\u00e9la","isPartOf":{"@id":"https:\/\/iciela.org\/karite\/#website"},"datePublished":"2014-01-13T17:40:07+00:00","dateModified":"2017-02-07T18:00:42+00:00","breadcrumb":{"@id":"https:\/\/iciela.org\/karite\/?page_id=16#breadcrumb"},"inLanguage":"fr-FR","potentialAction":[{"@type":"ReadAction","target":["https:\/\/iciela.org\/karite\/?page_id=16"]}]},{"@type":"BreadcrumbList","@id":"https:\/\/iciela.org\/karite\/?page_id=16#breadcrumb","itemListElement":[{"@type":"ListItem","position":1,"name":"Accueil","item":"https:\/\/iciela.org\/karite\/"},{"@type":"ListItem","position":2,"name":"Jean-S\u00e9bastien Dufresne &#8211; Fondateur et coordinateur g\u00e9n\u00e9ral"}]},{"@type":"WebSite","@id":"https:\/\/iciela.org\/karite\/#website","url":"https:\/\/iciela.org\/karite\/","name":"Ici\u00e9la","description":"\u00c9changer. Comprendre. Agir\u2026 ensemble !","potentialAction":[{"@type":"SearchAction","target":{"@type":"EntryPoint","urlTemplate":"https:\/\/iciela.org\/karite\/?s={search_term_string}"},"query-input":{"@type":"PropertyValueSpecification","valueRequired":true,"valueName":"search_term_string"}}],"inLanguage":"fr-FR"}]}},"_links":{"self":[{"href":"https:\/\/iciela.org\/karite\/index.php?rest_route=\/wp\/v2\/pages\/16","targetHints":{"allow":["GET"]}}],"collection":[{"href":"https:\/\/iciela.org\/karite\/index.php?rest_route=\/wp\/v2\/pages"}],"about":[{"href":"https:\/\/iciela.org\/karite\/index.php?rest_route=\/wp\/v2\/types\/page"}],"author":[{"embeddable":true,"href":"https:\/\/iciela.org\/karite\/index.php?rest_route=\/wp\/v2\/users\/2"}],"replies":[{"embeddable":true,"href":"https:\/\/iciela.org\/karite\/index.php?rest_route=%2Fwp%2Fv2%2Fcomments&post=16"}],"version-history":[{"count":18,"href":"https:\/\/iciela.org\/karite\/index.php?rest_route=\/wp\/v2\/pages\/16\/revisions"}],"predecessor-version":[{"id":1566,"href":"https:\/\/iciela.org\/karite\/index.php?rest_route=\/wp\/v2\/pages\/16\/revisions\/1566"}],"wp:attachment":[{"href":"https:\/\/iciela.org\/karite\/index.php?rest_route=%2Fwp%2Fv2%2Fmedia&parent=16"}],"curies":[{"name":"wp","href":"https:\/\/api.w.org\/{rel}","templated":true}]}}