{"id":1594,"date":"2014-09-25T16:43:25","date_gmt":"2014-09-25T20:43:25","guid":{"rendered":"http:\/\/iciela.org\/karite\/?page_id=1594"},"modified":"2017-02-07T12:59:13","modified_gmt":"2017-02-07T17:59:13","slug":"devenir-partenaire","status":"publish","type":"page","link":"https:\/\/iciela.org\/karite\/?page_id=1594","title":{"rendered":"Comment devenir partenaire ?"},"content":{"rendered":"<p>[et_pb_section background_image=\u00a0\u00bbhttp:\/\/iciela.org\/karite\/wp-content\/uploads\/2014\/08\/Fond-2.jpg\u00a0\u00bb background_color=\u00a0\u00bb#ffffff\u00a0\u00bb inner_shadow=\u00a0\u00bboff\u00a0\u00bb parallax=\u00a0\u00bboff\u00a0\u00bb parallax_method=\u00a0\u00bbcss\u00a0\u00bb][et_pb_row][et_pb_column type=\u00a0\u00bb4_4&Prime;][et_pb_text admin_label=\u00a0\u00bbText\u00a0\u00bb background_layout=\u00a0\u00bblight\u00a0\u00bb text_orientation=\u00a0\u00bbleft\u00a0\u00bb]<\/p>\n<p style=\"text-align: center; font-size: 18px;\"><span style=\"color: #ffffff;\"><strong>ICI\u00c9LA \/ PARTENAIRES \/ COMMENT DEVENIR PARTENAIRE ?<\/strong><\/span><\/p>\n<p>[\/et_pb_text][\/et_pb_column][\/et_pb_row][\/et_pb_section][et_pb_section fullwidth=\u00a0\u00bboff\u00a0\u00bb specialty=\u00a0\u00bboff\u00a0\u00bb][et_pb_row][et_pb_column type=\u00a0\u00bb2_3&Prime;][et_pb_text admin_label=\u00a0\u00bbText\u00a0\u00bb background_layout=\u00a0\u00bblight\u00a0\u00bb text_orientation=\u00a0\u00bbleft\u00a0\u00bb]<\/p>\n<p style=\"text-align: justify; font-size: 18px; color: #b4e85c;\"><strong>COMMENT DEVENIR PARTENAIRE ?<\/strong><\/p>\n<p>[\/et_pb_text][\/et_pb_column][et_pb_column type=\u00a0\u00bb1_3&Prime;][\/et_pb_column][\/et_pb_row][\/et_pb_section][et_pb_section background_image=\u00a0\u00bbhttp:\/\/iciela.org\/karite\/wp-content\/uploads\/2014\/08\/Fond-2.jpg\u00a0\u00bb background_color=\u00a0\u00bb#ffffff\u00a0\u00bb inner_shadow=\u00a0\u00bboff\u00a0\u00bb parallax=\u00a0\u00bboff\u00a0\u00bb parallax_method=\u00a0\u00bbcss\u00a0\u00bb][et_pb_row][et_pb_column type=\u00a0\u00bb4_4&Prime;][et_pb_text admin_label=\u00a0\u00bbText\u00a0\u00bb background_layout=\u00a0\u00bblight\u00a0\u00bb text_orientation=\u00a0\u00bbleft\u00a0\u00bb \/][\/et_pb_column][\/et_pb_row][\/et_pb_section]<\/p>\n","protected":false},"excerpt":{"rendered":"<p>[et_pb_section background_image=\u00a0\u00bbhttp:\/\/iciela.org\/karite\/wp-content\/uploads\/2014\/08\/Fond-2.jpg\u00a0\u00bb background_color=\u00a0\u00bb#ffffff\u00a0\u00bb inner_shadow=\u00a0\u00bboff\u00a0\u00bb parallax=\u00a0\u00bboff\u00a0\u00bb parallax_method=\u00a0\u00bbcss\u00a0\u00bb][et_pb_row][et_pb_column type=\u00a0\u00bb4_4&Prime;][et_pb_text admin_label=\u00a0\u00bbText\u00a0\u00bb background_layout=\u00a0\u00bblight\u00a0\u00bb text_orientation=\u00a0\u00bbleft\u00a0\u00bb] ICI\u00c9LA \/ PARTENAIRES \/ COMMENT DEVENIR PARTENAIRE ? [\/et_pb_text][\/et_pb_column][\/et_pb_row][\/et_pb_section][et_pb_section fullwidth=\u00a0\u00bboff\u00a0\u00bb specialty=\u00a0\u00bboff\u00a0\u00bb][et_pb_row][et_pb_column type=\u00a0\u00bb2_3&Prime;][et_pb_text admin_label=\u00a0\u00bbText\u00a0\u00bb background_layout=\u00a0\u00bblight\u00a0\u00bb text_orientation=\u00a0\u00bbleft\u00a0\u00bb] COMMENT DEVENIR PARTENAIRE ? [\/et_pb_text][\/et_pb_column][et_pb_column type=\u00a0\u00bb1_3&Prime;][\/et_pb_column][\/et_pb_row][\/et_pb_section][et_pb_section background_image=\u00a0\u00bbhttp:\/\/iciela.org\/karite\/wp-content\/uploads\/2014\/08\/Fond-2.jpg\u00a0\u00bb background_color=\u00a0\u00bb#ffffff\u00a0\u00bb inner_shadow=\u00a0\u00bboff\u00a0\u00bb parallax=\u00a0\u00bboff\u00a0\u00bb parallax_method=\u00a0\u00bbcss\u00a0\u00bb][et_pb_row][et_pb_column type=\u00a0\u00bb4_4&Prime;][et_pb_text admin_label=\u00a0\u00bbText\u00a0\u00bb background_layout=\u00a0\u00bblight\u00a0\u00bb text_orientation=\u00a0\u00bbleft\u00a0\u00bb \/][\/et_pb_column][\/et_pb_row][\/et_pb_section]<\/p>\n","protected":false},"author":4,"featured_media":0,"parent":0,"menu_order":0,"comment_status":"open","ping_status":"closed","template":"","meta":{"footnotes":""},"class_list":["post-1594","page","type-page","status-publish","hentry"],"yoast_head":"<!-- This site is optimized with the Yoast SEO plugin v27.4 - https:\/\/yoast.com\/product\/yoast-seo-wordpress\/ -->\n<title>Comment devenir partenaire ? - Ici\u00e9la<\/title>\n<meta name=\"robots\" content=\"index, follow, max-snippet:-1, max-image-preview:large, max-video-preview:-1\" \/>\n<link rel=\"canonical\" href=\"https:\/\/iciela.org\/karite\/?page_id=1594\" \/>\n<meta property=\"og:locale\" content=\"fr_FR\" \/>\n<meta property=\"og:type\" content=\"article\" \/>\n<meta property=\"og:title\" content=\"Comment devenir partenaire ? - Ici\u00e9la\" \/>\n<meta property=\"og:description\" content=\"[et_pb_section background_image=\u00a0\u00bbhttp:\/\/iciela.org\/karite\/wp-content\/uploads\/2014\/08\/Fond-2.jpg\u00a0\u00bb background_color=\u00a0\u00bb#ffffff\u00a0\u00bb inner_shadow=\u00a0\u00bboff\u00a0\u00bb parallax=\u00a0\u00bboff\u00a0\u00bb parallax_method=\u00a0\u00bbcss\u00a0\u00bb][et_pb_row][et_pb_column type=\u00a0\u00bb4_4&Prime;][et_pb_text admin_label=\u00a0\u00bbText\u00a0\u00bb background_layout=\u00a0\u00bblight\u00a0\u00bb text_orientation=\u00a0\u00bbleft\u00a0\u00bb] ICI\u00c9LA \/ PARTENAIRES \/ COMMENT DEVENIR PARTENAIRE ? [\/et_pb_text][\/et_pb_column][\/et_pb_row][\/et_pb_section][et_pb_section fullwidth=\u00a0\u00bboff\u00a0\u00bb specialty=\u00a0\u00bboff\u00a0\u00bb][et_pb_row][et_pb_column type=\u00a0\u00bb2_3&Prime;][et_pb_text admin_label=\u00a0\u00bbText\u00a0\u00bb background_layout=\u00a0\u00bblight\u00a0\u00bb text_orientation=\u00a0\u00bbleft\u00a0\u00bb] COMMENT DEVENIR PARTENAIRE ? [\/et_pb_text][\/et_pb_column][et_pb_column type=\u00a0\u00bb1_3&Prime;][\/et_pb_column][\/et_pb_row][\/et_pb_section][et_pb_section background_image=\u00a0\u00bbhttp:\/\/iciela.org\/karite\/wp-content\/uploads\/2014\/08\/Fond-2.jpg\u00a0\u00bb background_color=\u00a0\u00bb#ffffff\u00a0\u00bb inner_shadow=\u00a0\u00bboff\u00a0\u00bb parallax=\u00a0\u00bboff\u00a0\u00bb parallax_method=\u00a0\u00bbcss\u00a0\u00bb][et_pb_row][et_pb_column type=\u00a0\u00bb4_4&Prime;][et_pb_text admin_label=\u00a0\u00bbText\u00a0\u00bb background_layout=\u00a0\u00bblight\u00a0\u00bb text_orientation=\u00a0\u00bbleft\u00a0\u00bb \/][\/et_pb_column][\/et_pb_row][\/et_pb_section]\" \/>\n<meta property=\"og:url\" content=\"https:\/\/iciela.org\/karite\/?page_id=1594\" \/>\n<meta property=\"og:site_name\" content=\"Ici\u00e9la\" \/>\n<meta property=\"article:modified_time\" content=\"2017-02-07T17:59:13+00:00\" \/>\n<meta name=\"twitter:label1\" content=\"Dur\u00e9e de lecture estim\u00e9e\" \/>\n\t<meta name=\"twitter:data1\" content=\"1 minute\" \/>\n<script type=\"application\/ld+json\" class=\"yoast-schema-graph\">{\"@context\":\"https:\\\/\\\/schema.org\",\"@graph\":[{\"@type\":\"WebPage\",\"@id\":\"https:\\\/\\\/iciela.org\\\/karite\\\/?page_id=1594\",\"url\":\"https:\\\/\\\/iciela.org\\\/karite\\\/?page_id=1594\",\"name\":\"Comment devenir partenaire ? - Ici\u00e9la\",\"isPartOf\":{\"@id\":\"https:\\\/\\\/iciela.org\\\/karite\\\/#website\"},\"datePublished\":\"2014-09-25T20:43:25+00:00\",\"dateModified\":\"2017-02-07T17:59:13+00:00\",\"breadcrumb\":{\"@id\":\"https:\\\/\\\/iciela.org\\\/karite\\\/?page_id=1594#breadcrumb\"},\"inLanguage\":\"fr-FR\",\"potentialAction\":[{\"@type\":\"ReadAction\",\"target\":[\"https:\\\/\\\/iciela.org\\\/karite\\\/?page_id=1594\"]}]},{\"@type\":\"BreadcrumbList\",\"@id\":\"https:\\\/\\\/iciela.org\\\/karite\\\/?page_id=1594#breadcrumb\",\"itemListElement\":[{\"@type\":\"ListItem\",\"position\":1,\"name\":\"Accueil\",\"item\":\"https:\\\/\\\/iciela.org\\\/karite\\\/\"},{\"@type\":\"ListItem\",\"position\":2,\"name\":\"Comment devenir partenaire ?\"}]},{\"@type\":\"WebSite\",\"@id\":\"https:\\\/\\\/iciela.org\\\/karite\\\/#website\",\"url\":\"https:\\\/\\\/iciela.org\\\/karite\\\/\",\"name\":\"Ici\u00e9la\",\"description\":\"\u00c9changer. Comprendre. Agir\u2026 ensemble !\",\"potentialAction\":[{\"@type\":\"SearchAction\",\"target\":{\"@type\":\"EntryPoint\",\"urlTemplate\":\"https:\\\/\\\/iciela.org\\\/karite\\\/?s={search_term_string}\"},\"query-input\":{\"@type\":\"PropertyValueSpecification\",\"valueRequired\":true,\"valueName\":\"search_term_string\"}}],\"inLanguage\":\"fr-FR\"}]}<\/script>\n<!-- \/ Yoast SEO plugin. -->","yoast_head_json":{"title":"Comment devenir partenaire ? - Ici\u00e9la","robots":{"index":"index","follow":"follow","max-snippet":"max-snippet:-1","max-image-preview":"max-image-preview:large","max-video-preview":"max-video-preview:-1"},"canonical":"https:\/\/iciela.org\/karite\/?page_id=1594","og_locale":"fr_FR","og_type":"article","og_title":"Comment devenir partenaire ? - Ici\u00e9la","og_description":"[et_pb_section background_image=\u00a0\u00bbhttp:\/\/iciela.org\/karite\/wp-content\/uploads\/2014\/08\/Fond-2.jpg\u00a0\u00bb background_color=\u00a0\u00bb#ffffff\u00a0\u00bb inner_shadow=\u00a0\u00bboff\u00a0\u00bb parallax=\u00a0\u00bboff\u00a0\u00bb parallax_method=\u00a0\u00bbcss\u00a0\u00bb][et_pb_row][et_pb_column type=\u00a0\u00bb4_4&Prime;][et_pb_text admin_label=\u00a0\u00bbText\u00a0\u00bb background_layout=\u00a0\u00bblight\u00a0\u00bb text_orientation=\u00a0\u00bbleft\u00a0\u00bb] ICI\u00c9LA \/ PARTENAIRES \/ COMMENT DEVENIR PARTENAIRE ? [\/et_pb_text][\/et_pb_column][\/et_pb_row][\/et_pb_section][et_pb_section fullwidth=\u00a0\u00bboff\u00a0\u00bb specialty=\u00a0\u00bboff\u00a0\u00bb][et_pb_row][et_pb_column type=\u00a0\u00bb2_3&Prime;][et_pb_text admin_label=\u00a0\u00bbText\u00a0\u00bb background_layout=\u00a0\u00bblight\u00a0\u00bb text_orientation=\u00a0\u00bbleft\u00a0\u00bb] COMMENT DEVENIR PARTENAIRE ? [\/et_pb_text][\/et_pb_column][et_pb_column type=\u00a0\u00bb1_3&Prime;][\/et_pb_column][\/et_pb_row][\/et_pb_section][et_pb_section background_image=\u00a0\u00bbhttp:\/\/iciela.org\/karite\/wp-content\/uploads\/2014\/08\/Fond-2.jpg\u00a0\u00bb background_color=\u00a0\u00bb#ffffff\u00a0\u00bb inner_shadow=\u00a0\u00bboff\u00a0\u00bb parallax=\u00a0\u00bboff\u00a0\u00bb parallax_method=\u00a0\u00bbcss\u00a0\u00bb][et_pb_row][et_pb_column type=\u00a0\u00bb4_4&Prime;][et_pb_text admin_label=\u00a0\u00bbText\u00a0\u00bb background_layout=\u00a0\u00bblight\u00a0\u00bb text_orientation=\u00a0\u00bbleft\u00a0\u00bb \/][\/et_pb_column][\/et_pb_row][\/et_pb_section]","og_url":"https:\/\/iciela.org\/karite\/?page_id=1594","og_site_name":"Ici\u00e9la","article_modified_time":"2017-02-07T17:59:13+00:00","twitter_misc":{"Dur\u00e9e de lecture estim\u00e9e":"1 minute"},"schema":{"@context":"https:\/\/schema.org","@graph":[{"@type":"WebPage","@id":"https:\/\/iciela.org\/karite\/?page_id=1594","url":"https:\/\/iciela.org\/karite\/?page_id=1594","name":"Comment devenir partenaire ? - Ici\u00e9la","isPartOf":{"@id":"https:\/\/iciela.org\/karite\/#website"},"datePublished":"2014-09-25T20:43:25+00:00","dateModified":"2017-02-07T17:59:13+00:00","breadcrumb":{"@id":"https:\/\/iciela.org\/karite\/?page_id=1594#breadcrumb"},"inLanguage":"fr-FR","potentialAction":[{"@type":"ReadAction","target":["https:\/\/iciela.org\/karite\/?page_id=1594"]}]},{"@type":"BreadcrumbList","@id":"https:\/\/iciela.org\/karite\/?page_id=1594#breadcrumb","itemListElement":[{"@type":"ListItem","position":1,"name":"Accueil","item":"https:\/\/iciela.org\/karite\/"},{"@type":"ListItem","position":2,"name":"Comment devenir partenaire ?"}]},{"@type":"WebSite","@id":"https:\/\/iciela.org\/karite\/#website","url":"https:\/\/iciela.org\/karite\/","name":"Ici\u00e9la","description":"\u00c9changer. Comprendre. Agir\u2026 ensemble !","potentialAction":[{"@type":"SearchAction","target":{"@type":"EntryPoint","urlTemplate":"https:\/\/iciela.org\/karite\/?s={search_term_string}"},"query-input":{"@type":"PropertyValueSpecification","valueRequired":true,"valueName":"search_term_string"}}],"inLanguage":"fr-FR"}]}},"_links":{"self":[{"href":"https:\/\/iciela.org\/karite\/index.php?rest_route=\/wp\/v2\/pages\/1594","targetHints":{"allow":["GET"]}}],"collection":[{"href":"https:\/\/iciela.org\/karite\/index.php?rest_route=\/wp\/v2\/pages"}],"about":[{"href":"https:\/\/iciela.org\/karite\/index.php?rest_route=\/wp\/v2\/types\/page"}],"author":[{"embeddable":true,"href":"https:\/\/iciela.org\/karite\/index.php?rest_route=\/wp\/v2\/users\/4"}],"replies":[{"embeddable":true,"href":"https:\/\/iciela.org\/karite\/index.php?rest_route=%2Fwp%2Fv2%2Fcomments&post=1594"}],"version-history":[{"count":5,"href":"https:\/\/iciela.org\/karite\/index.php?rest_route=\/wp\/v2\/pages\/1594\/revisions"}],"predecessor-version":[{"id":1603,"href":"https:\/\/iciela.org\/karite\/index.php?rest_route=\/wp\/v2\/pages\/1594\/revisions\/1603"}],"wp:attachment":[{"href":"https:\/\/iciela.org\/karite\/index.php?rest_route=%2Fwp%2Fv2%2Fmedia&parent=1594"}],"curies":[{"name":"wp","href":"https:\/\/api.w.org\/{rel}","templated":true}]}}