{"id":1289,"date":"2014-09-22T16:12:02","date_gmt":"2014-09-22T20:12:02","guid":{"rendered":"http:\/\/iciela.org\/karite\/?page_id=1289"},"modified":"2014-10-10T14:35:14","modified_gmt":"2014-10-10T18:35:14","slug":"benevoles","status":"publish","type":"page","link":"https:\/\/iciela.org\/karite\/?page_id=1289","title":{"rendered":"Pourquoi devenir b\u00e9n\u00e9vole ?"},"content":{"rendered":"<p>[et_pb_section background_image=\u00a0\u00bbhttp:\/\/iciela.org\/karite\/wp-content\/uploads\/2014\/08\/Fond-2.jpg\u00a0\u00bb background_color=\u00a0\u00bb#ffffff\u00a0\u00bb inner_shadow=\u00a0\u00bboff\u00a0\u00bb parallax=\u00a0\u00bboff\u00a0\u00bb parallax_method=\u00a0\u00bbcss\u00a0\u00bb][et_pb_row][et_pb_column type=\u00a0\u00bb4_4&Prime;][et_pb_text admin_label=\u00a0\u00bbText\u00a0\u00bb background_layout=\u00a0\u00bblight\u00a0\u00bb text_orientation=\u00a0\u00bbleft\u00a0\u00bb]<\/p>\n<p style=\"font-size: 18px; text-align: center;\"><span style=\"color: #ffffff;\"><strong>ICI\u00c9LA \/\u00a0POURQUOI DEVENIR B\u00c9N\u00c9VOLE ?<\/strong><\/span><\/p>\n<p>[\/et_pb_text][\/et_pb_column][\/et_pb_row][\/et_pb_section][et_pb_section fullwidth=\u00a0\u00bboff\u00a0\u00bb specialty=\u00a0\u00bboff\u00a0\u00bb][et_pb_row][et_pb_column type=\u00a0\u00bb2_3&Prime;][et_pb_text admin_label=\u00a0\u00bbText\u00a0\u00bb background_layout=\u00a0\u00bblight\u00a0\u00bb text_orientation=\u00a0\u00bbleft\u00a0\u00bb]<\/p>\n<p style=\"font-size: 18px; color: #b4e85c; text-align: justify;\"><strong>POURQUOI DEVENIR B\u00c9N\u00c9VOLE ?<\/strong><\/p>\n<p style=\"text-align: justify;\">lci\u00e9la est un regroupement de volontaires de tous les horizons qui r\u00e9alisent des projets collectifs conjointement avec des groupes de divers pays. Tu\u00a0cherche \u00e0 t&rsquo;impliquer dans un organisme qui saura te\u00a0proposer des d\u00e9fis stimulants et t&rsquo;int\u00e9grer activement dans des projets concrets? Joins-toi \u00e0 nous d\u00e8s aujourd\u2019hui !<\/p>\n<p style=\"text-align: justify;\">Chez lci\u00e9la, nous t&rsquo;offrons l\u2019opportunit\u00e9 de poser collectivement des gestes concrets qui auront une port\u00e9e, tant ici que chez nos partenaires internationaux. Des peuples de partout se l\u00e8vent et r\u00e9clament que l\u2019on agisse en solidarit\u00e9 \u00e0 leur \u00e9gard. C\u2019est ce que nous te\u00a0proposons de faire ensemble :<\/p>\n<ul style=\"text-align: justify;\">\n<li style=\"text-align: justify;\">contribuer \u00e0 l\u2019atteinte d\u2019objectifs nobles dans la poursuite d\u2019un id\u00e9al de soci\u00e9t\u00e9 ;<\/li>\n<li style=\"text-align: justify;\">acqu\u00e9rir de nouvelles comp\u00e9tences et partager vos exp\u00e9riences ;<\/li>\n<li style=\"text-align: justify;\">\u00e9tablir des relations avec des partenaires et coll\u00e8gues socialement engag\u00e9s ;<\/li>\n<li style=\"text-align: justify;\">relever des d\u00e9fis stimulants et repousser vos limites personnelles.<\/li>\n<\/ul>\n<p style=\"color: #b4e85c; text-align: justify;\"><strong>QUELS B\u00c9N\u00c9FICES EST-CE QUE JE PEUX EN RETIRER ?<\/strong><\/p>\n<p style=\"text-align: justify;\">Selon ton\u00a0profil et ton\u00a0niveau d&rsquo;exp\u00e9rience en implication communautaire, nous te\u00a0proposons de d\u00e9couvrir ce que nous avons \u00e0 t&rsquo;apporter, tant au niveau personnel que personnel.<\/p>\n<p style=\"color: #b4e85c; text-align: justify;\"><strong>Je suis&#8230;<\/strong><\/p>\n<p>[\/et_pb_text][et_pb_accordion admin_label=\u00a0\u00bbAccordion\u00a0\u00bb][et_pb_accordion_item title=\u00a0\u00bbUn jeune sans exp\u00e9rience d&rsquo;implication\u00a0\u00bb]<\/p>\n<ul>\n<li>Apprends et d\u00e9veloppe tes comp\u00e9tences en mettant la main \u00e0 la p\u00e2te ;<\/li>\n<li>D\u00e9veloppe ton esprit critique, ta confiance et ton leadership ;<\/li>\n<li>Ouvre-toi sur le monde par la mise en pratique du dialogue interculturel ;<\/li>\n<li>C\u00f4toie des gens avec des valeurs et des int\u00e9r\u00eats communs ;<\/li>\n<li>Contribue \u00e0 l\u2019organisation avec tes forces et tes id\u00e9es ;<\/li>\n<li>Implique-toi concr\u00e8tement pour le changement social ;<\/li>\n<li>Apprends \u00e0 travailler en contexte interculturel en \u00e9tant en contact direct avec nos partenaires \u00e0 l\u2019international.<\/li>\n<\/ul>\n<p>[\/et_pb_accordion_item][et_pb_accordion_item title=\u00a0\u00bbUn jeune avec exp\u00e9rience d&rsquo;implication\u00a0\u00bb]<\/p>\n<ul>\n<li>\u00c9volue dans un espace o\u00f9 tu peux contribuer de mani\u00e8re significative et o\u00f9 tes exp\u00e9riences pass\u00e9es sont reconnues ;<\/li>\n<li>Mets \u00e0 contribution\u00a0ta cr\u00e9ativit\u00e9 et ta capacit\u00e9 \u00e0 mettre sur pied des projets ;<\/li>\n<li>B\u00e9n\u00e9ficie d\u2019un cheminement personnalis\u00e9 et adapt\u00e9 selon tes int\u00e9r\u00eats et les comp\u00e9tences que tu cherches \u00e0 d\u00e9velopper ;<\/li>\n<li>Exp\u00e9rimente\u00a0la\u00a0pratique concr\u00e8te du dialogue interculturel ;<\/li>\n<li>C\u00f4toie des gens avec des valeurs et des int\u00e9r\u00eats communs ;<\/li>\n<li>Implique-toi de mani\u00e8re directe et concr\u00e8te pour le changement social ;<\/li>\n<li>Travaille dans un contexte interculturel en \u00e9tant en contact direct avec nos partenaires \u00e0 l\u2019international.<\/li>\n<\/ul>\n<p>[\/et_pb_accordion_item][et_pb_accordion_item title=\u00a0\u00bbUn nouvel arrivant ou un \u00e9tudiant \u00e9tranger\u00a0\u00bb]<\/p>\n<ul>\n<li>B\u00e9n\u00e9ficie d&rsquo;une premi\u00e8re exp\u00e9rience canadienne ;<\/li>\n<li>Partage ta culture avec les autres membres dans un environnement ouvert, accueillant et diversifi\u00e9 ;<\/li>\n<li>Apprends au contact de la culture qu\u00e9b\u00e9coise ;<\/li>\n<li>D\u00e9veloppe un r\u00e9seau social qui te permettra de d&rsquo;int\u00e9grer rapidement ;<\/li>\n<li>Chemine au sein d\u2019une organisation ou tes exp\u00e9riences dans ton pays d\u2019origine sont \u00a0 \u00a0 \u00a0valoris\u00e9es ;<\/li>\n<li>Facilite ton int\u00e9gration et deviens un membre\u00a0engag\u00e9 de ta communaut\u00e9 ;<\/li>\n<li>Apprends \u00e0 travailler dans un contexte interculturel en \u00e9tant en contact direct avec nos partenaires \u00e0 l\u2019international.<\/li>\n<\/ul>\n<p>[\/et_pb_accordion_item][et_pb_accordion_item title=\u00a0\u00bbUne personne qui souhaite s&rsquo;ouvrir sur d&rsquo;autres cultures\u00a0\u00bb]<\/p>\n<ul>\n<li>Apprends \u00e0 travailler en contexte interculturel en \u00e9tant en contact direct avec nos partenaires \u00e0 l\u2019international ;<\/li>\n<li>Ouvre-toi sur le monde par la mise en pratique du dialogue interculturel ;<\/li>\n<li>C\u00f4toie des gens de tous horizons, partage avec eux et apprends d&rsquo;eux ;<\/li>\n<li>Participe au changement social en changeant les mentalit\u00e9s.<\/li>\n<\/ul>\n<p>[\/et_pb_accordion_item][\/et_pb_accordion][\/et_pb_column][et_pb_column type=\u00a0\u00bb1_3&Prime;][\/et_pb_column][\/et_pb_row][\/et_pb_section][et_pb_section background_image=\u00a0\u00bbhttp:\/\/iciela.org\/karite\/wp-content\/uploads\/2014\/08\/Fond-2.jpg\u00a0\u00bb background_color=\u00a0\u00bb#ffffff\u00a0\u00bb inner_shadow=\u00a0\u00bboff\u00a0\u00bb parallax=\u00a0\u00bboff\u00a0\u00bb parallax_method=\u00a0\u00bbcss\u00a0\u00bb][et_pb_row][et_pb_column type=\u00a0\u00bb4_4&Prime;][et_pb_text admin_label=\u00a0\u00bbText\u00a0\u00bb background_layout=\u00a0\u00bblight\u00a0\u00bb text_orientation=\u00a0\u00bbleft\u00a0\u00bb \/][\/et_pb_column][\/et_pb_row][\/et_pb_section]<\/p>\n","protected":false},"excerpt":{"rendered":"<p>[et_pb_section background_image=\u00a0\u00bbhttp:\/\/iciela.org\/karite\/wp-content\/uploads\/2014\/08\/Fond-2.jpg\u00a0\u00bb background_color=\u00a0\u00bb#ffffff\u00a0\u00bb inner_shadow=\u00a0\u00bboff\u00a0\u00bb parallax=\u00a0\u00bboff\u00a0\u00bb parallax_method=\u00a0\u00bbcss\u00a0\u00bb][et_pb_row][et_pb_column type=\u00a0\u00bb4_4&Prime;][et_pb_text admin_label=\u00a0\u00bbText\u00a0\u00bb background_layout=\u00a0\u00bblight\u00a0\u00bb text_orientation=\u00a0\u00bbleft\u00a0\u00bb] ICI\u00c9LA \/\u00a0POURQUOI DEVENIR B\u00c9N\u00c9VOLE ? [\/et_pb_text][\/et_pb_column][\/et_pb_row][\/et_pb_section][et_pb_section fullwidth=\u00a0\u00bboff\u00a0\u00bb specialty=\u00a0\u00bboff\u00a0\u00bb][et_pb_row][et_pb_column type=\u00a0\u00bb2_3&Prime;][et_pb_text admin_label=\u00a0\u00bbText\u00a0\u00bb background_layout=\u00a0\u00bblight\u00a0\u00bb text_orientation=\u00a0\u00bbleft\u00a0\u00bb] POURQUOI DEVENIR B\u00c9N\u00c9VOLE ? lci\u00e9la est un regroupement de volontaires de tous les horizons qui r\u00e9alisent des projets collectifs conjointement avec des groupes de divers pays. Tu\u00a0cherche \u00e0 t&rsquo;impliquer dans un organisme qui [&hellip;]<\/p>\n","protected":false},"author":4,"featured_media":0,"parent":0,"menu_order":0,"comment_status":"open","ping_status":"open","template":"","meta":{"footnotes":""},"class_list":["post-1289","page","type-page","status-publish","hentry"],"yoast_head":"<!-- This site is optimized with the Yoast SEO plugin v27.4 - https:\/\/yoast.com\/product\/yoast-seo-wordpress\/ -->\n<title>Pourquoi devenir b\u00e9n\u00e9vole ?  - Ici\u00e9la<\/title>\n<meta name=\"robots\" content=\"index, follow, max-snippet:-1, max-image-preview:large, max-video-preview:-1\" \/>\n<link rel=\"canonical\" href=\"https:\/\/iciela.org\/karite\/?page_id=1289\" \/>\n<meta property=\"og:locale\" content=\"fr_FR\" \/>\n<meta property=\"og:type\" content=\"article\" \/>\n<meta property=\"og:title\" content=\"Pourquoi devenir b\u00e9n\u00e9vole ?  - Ici\u00e9la\" \/>\n<meta property=\"og:description\" content=\"[et_pb_section background_image=\u00a0\u00bbhttp:\/\/iciela.org\/karite\/wp-content\/uploads\/2014\/08\/Fond-2.jpg\u00a0\u00bb background_color=\u00a0\u00bb#ffffff\u00a0\u00bb inner_shadow=\u00a0\u00bboff\u00a0\u00bb parallax=\u00a0\u00bboff\u00a0\u00bb parallax_method=\u00a0\u00bbcss\u00a0\u00bb][et_pb_row][et_pb_column type=\u00a0\u00bb4_4&Prime;][et_pb_text admin_label=\u00a0\u00bbText\u00a0\u00bb background_layout=\u00a0\u00bblight\u00a0\u00bb text_orientation=\u00a0\u00bbleft\u00a0\u00bb] ICI\u00c9LA \/\u00a0POURQUOI DEVENIR B\u00c9N\u00c9VOLE ? [\/et_pb_text][\/et_pb_column][\/et_pb_row][\/et_pb_section][et_pb_section fullwidth=\u00a0\u00bboff\u00a0\u00bb specialty=\u00a0\u00bboff\u00a0\u00bb][et_pb_row][et_pb_column type=\u00a0\u00bb2_3&Prime;][et_pb_text admin_label=\u00a0\u00bbText\u00a0\u00bb background_layout=\u00a0\u00bblight\u00a0\u00bb text_orientation=\u00a0\u00bbleft\u00a0\u00bb] POURQUOI DEVENIR B\u00c9N\u00c9VOLE ? lci\u00e9la est un regroupement de volontaires de tous les horizons qui r\u00e9alisent des projets collectifs conjointement avec des groupes de divers pays. Tu\u00a0cherche \u00e0 t&rsquo;impliquer dans un organisme qui [&hellip;]\" \/>\n<meta property=\"og:url\" content=\"https:\/\/iciela.org\/karite\/?page_id=1289\" \/>\n<meta property=\"og:site_name\" content=\"Ici\u00e9la\" \/>\n<meta property=\"article:modified_time\" content=\"2014-10-10T18:35:14+00:00\" \/>\n<meta name=\"twitter:label1\" content=\"Dur\u00e9e de lecture estim\u00e9e\" \/>\n\t<meta name=\"twitter:data1\" content=\"4 minutes\" \/>\n<script type=\"application\/ld+json\" class=\"yoast-schema-graph\">{\"@context\":\"https:\\\/\\\/schema.org\",\"@graph\":[{\"@type\":\"WebPage\",\"@id\":\"https:\\\/\\\/iciela.org\\\/karite\\\/?page_id=1289\",\"url\":\"https:\\\/\\\/iciela.org\\\/karite\\\/?page_id=1289\",\"name\":\"Pourquoi devenir b\u00e9n\u00e9vole ? - Ici\u00e9la\",\"isPartOf\":{\"@id\":\"https:\\\/\\\/iciela.org\\\/karite\\\/#website\"},\"datePublished\":\"2014-09-22T20:12:02+00:00\",\"dateModified\":\"2014-10-10T18:35:14+00:00\",\"breadcrumb\":{\"@id\":\"https:\\\/\\\/iciela.org\\\/karite\\\/?page_id=1289#breadcrumb\"},\"inLanguage\":\"fr-FR\",\"potentialAction\":[{\"@type\":\"ReadAction\",\"target\":[\"https:\\\/\\\/iciela.org\\\/karite\\\/?page_id=1289\"]}]},{\"@type\":\"BreadcrumbList\",\"@id\":\"https:\\\/\\\/iciela.org\\\/karite\\\/?page_id=1289#breadcrumb\",\"itemListElement\":[{\"@type\":\"ListItem\",\"position\":1,\"name\":\"Accueil\",\"item\":\"https:\\\/\\\/iciela.org\\\/karite\\\/\"},{\"@type\":\"ListItem\",\"position\":2,\"name\":\"Pourquoi devenir b\u00e9n\u00e9vole ?\"}]},{\"@type\":\"WebSite\",\"@id\":\"https:\\\/\\\/iciela.org\\\/karite\\\/#website\",\"url\":\"https:\\\/\\\/iciela.org\\\/karite\\\/\",\"name\":\"Ici\u00e9la\",\"description\":\"\u00c9changer. Comprendre. Agir\u2026 ensemble !\",\"potentialAction\":[{\"@type\":\"SearchAction\",\"target\":{\"@type\":\"EntryPoint\",\"urlTemplate\":\"https:\\\/\\\/iciela.org\\\/karite\\\/?s={search_term_string}\"},\"query-input\":{\"@type\":\"PropertyValueSpecification\",\"valueRequired\":true,\"valueName\":\"search_term_string\"}}],\"inLanguage\":\"fr-FR\"}]}<\/script>\n<!-- \/ Yoast SEO plugin. -->","yoast_head_json":{"title":"Pourquoi devenir b\u00e9n\u00e9vole ?  - Ici\u00e9la","robots":{"index":"index","follow":"follow","max-snippet":"max-snippet:-1","max-image-preview":"max-image-preview:large","max-video-preview":"max-video-preview:-1"},"canonical":"https:\/\/iciela.org\/karite\/?page_id=1289","og_locale":"fr_FR","og_type":"article","og_title":"Pourquoi devenir b\u00e9n\u00e9vole ?  - Ici\u00e9la","og_description":"[et_pb_section background_image=\u00a0\u00bbhttp:\/\/iciela.org\/karite\/wp-content\/uploads\/2014\/08\/Fond-2.jpg\u00a0\u00bb background_color=\u00a0\u00bb#ffffff\u00a0\u00bb inner_shadow=\u00a0\u00bboff\u00a0\u00bb parallax=\u00a0\u00bboff\u00a0\u00bb parallax_method=\u00a0\u00bbcss\u00a0\u00bb][et_pb_row][et_pb_column type=\u00a0\u00bb4_4&Prime;][et_pb_text admin_label=\u00a0\u00bbText\u00a0\u00bb background_layout=\u00a0\u00bblight\u00a0\u00bb text_orientation=\u00a0\u00bbleft\u00a0\u00bb] ICI\u00c9LA \/\u00a0POURQUOI DEVENIR B\u00c9N\u00c9VOLE ? [\/et_pb_text][\/et_pb_column][\/et_pb_row][\/et_pb_section][et_pb_section fullwidth=\u00a0\u00bboff\u00a0\u00bb specialty=\u00a0\u00bboff\u00a0\u00bb][et_pb_row][et_pb_column type=\u00a0\u00bb2_3&Prime;][et_pb_text admin_label=\u00a0\u00bbText\u00a0\u00bb background_layout=\u00a0\u00bblight\u00a0\u00bb text_orientation=\u00a0\u00bbleft\u00a0\u00bb] POURQUOI DEVENIR B\u00c9N\u00c9VOLE ? lci\u00e9la est un regroupement de volontaires de tous les horizons qui r\u00e9alisent des projets collectifs conjointement avec des groupes de divers pays. Tu\u00a0cherche \u00e0 t&rsquo;impliquer dans un organisme qui [&hellip;]","og_url":"https:\/\/iciela.org\/karite\/?page_id=1289","og_site_name":"Ici\u00e9la","article_modified_time":"2014-10-10T18:35:14+00:00","twitter_misc":{"Dur\u00e9e de lecture estim\u00e9e":"4 minutes"},"schema":{"@context":"https:\/\/schema.org","@graph":[{"@type":"WebPage","@id":"https:\/\/iciela.org\/karite\/?page_id=1289","url":"https:\/\/iciela.org\/karite\/?page_id=1289","name":"Pourquoi devenir b\u00e9n\u00e9vole ? - Ici\u00e9la","isPartOf":{"@id":"https:\/\/iciela.org\/karite\/#website"},"datePublished":"2014-09-22T20:12:02+00:00","dateModified":"2014-10-10T18:35:14+00:00","breadcrumb":{"@id":"https:\/\/iciela.org\/karite\/?page_id=1289#breadcrumb"},"inLanguage":"fr-FR","potentialAction":[{"@type":"ReadAction","target":["https:\/\/iciela.org\/karite\/?page_id=1289"]}]},{"@type":"BreadcrumbList","@id":"https:\/\/iciela.org\/karite\/?page_id=1289#breadcrumb","itemListElement":[{"@type":"ListItem","position":1,"name":"Accueil","item":"https:\/\/iciela.org\/karite\/"},{"@type":"ListItem","position":2,"name":"Pourquoi devenir b\u00e9n\u00e9vole ?"}]},{"@type":"WebSite","@id":"https:\/\/iciela.org\/karite\/#website","url":"https:\/\/iciela.org\/karite\/","name":"Ici\u00e9la","description":"\u00c9changer. Comprendre. Agir\u2026 ensemble !","potentialAction":[{"@type":"SearchAction","target":{"@type":"EntryPoint","urlTemplate":"https:\/\/iciela.org\/karite\/?s={search_term_string}"},"query-input":{"@type":"PropertyValueSpecification","valueRequired":true,"valueName":"search_term_string"}}],"inLanguage":"fr-FR"}]}},"_links":{"self":[{"href":"https:\/\/iciela.org\/karite\/index.php?rest_route=\/wp\/v2\/pages\/1289","targetHints":{"allow":["GET"]}}],"collection":[{"href":"https:\/\/iciela.org\/karite\/index.php?rest_route=\/wp\/v2\/pages"}],"about":[{"href":"https:\/\/iciela.org\/karite\/index.php?rest_route=\/wp\/v2\/types\/page"}],"author":[{"embeddable":true,"href":"https:\/\/iciela.org\/karite\/index.php?rest_route=\/wp\/v2\/users\/4"}],"replies":[{"embeddable":true,"href":"https:\/\/iciela.org\/karite\/index.php?rest_route=%2Fwp%2Fv2%2Fcomments&post=1289"}],"version-history":[{"count":16,"href":"https:\/\/iciela.org\/karite\/index.php?rest_route=\/wp\/v2\/pages\/1289\/revisions"}],"predecessor-version":[{"id":1681,"href":"https:\/\/iciela.org\/karite\/index.php?rest_route=\/wp\/v2\/pages\/1289\/revisions\/1681"}],"wp:attachment":[{"href":"https:\/\/iciela.org\/karite\/index.php?rest_route=%2Fwp%2Fv2%2Fmedia&parent=1289"}],"curies":[{"name":"wp","href":"https:\/\/api.w.org\/{rel}","templated":true}]}}