{"id":12,"date":"2014-01-13T18:34:09","date_gmt":"2014-01-13T17:34:09","guid":{"rendered":"http:\/\/iciela.org\/karite\/?page_id=12"},"modified":"2017-02-07T12:59:32","modified_gmt":"2017-02-07T17:59:32","slug":"la-petite-histoire","status":"publish","type":"page","link":"https:\/\/iciela.org\/karite\/?page_id=12","title":{"rendered":"Histoire et vision"},"content":{"rendered":"<p>[et_pb_section fullwidth=\u00a0\u00bboff\u00a0\u00bb specialty=\u00a0\u00bboff\u00a0\u00bb background_image=\u00a0\u00bbhttp:\/\/iciela.org\/karite\/wp-content\/uploads\/2014\/08\/Fond-2.jpg\u00a0\u00bb inner_shadow=\u00a0\u00bboff\u00a0\u00bb parallax=\u00a0\u00bboff\u00a0\u00bb parallax_method=\u00a0\u00bbcss\u00a0\u00bb][et_pb_row][et_pb_column type=\u00a0\u00bb4_4&Prime;][et_pb_text admin_label=\u00a0\u00bbText\u00a0\u00bb background_layout=\u00a0\u00bblight\u00a0\u00bb text_orientation=\u00a0\u00bbleft\u00a0\u00bb]<\/p>\n<p style=\"text-align: center; font-size: 18px;\"><strong><span style=\"color: #ffffff;\">ICI\u00c9LA \/ \u00c0 PROPOS \/ HISTOIRE ET MISSION<\/span><\/strong><\/p>\n<p>[\/et_pb_text][\/et_pb_column][\/et_pb_row][\/et_pb_section][et_pb_section fullwidth=\u00a0\u00bboff\u00a0\u00bb specialty=\u00a0\u00bboff\u00a0\u00bb][et_pb_row][et_pb_column type=\u00a0\u00bb1_3&Prime;][et_pb_text admin_label=\u00a0\u00bbText\u00a0\u00bb background_layout=\u00a0\u00bblight\u00a0\u00bb text_orientation=\u00a0\u00bbleft\u00a0\u00bb \/][et_pb_blurb admin_label=\u00a0\u00bbBlurb\u00a0\u00bb title=\u00a0\u00bbCr\u00e9ation en 2001&Prime; url_new_window=\u00a0\u00bboff\u00a0\u00bb use_icon=\u00a0\u00bbon\u00a0\u00bb font_icon=\u00a0\u00bb\ue00a\u00a0\u00bb icon_color=\u00a0\u00bb#b4e85c\u00a0\u00bb use_circle=\u00a0\u00bboff\u00a0\u00bb circle_color=\u00a0\u00bb#b4e85c\u00a0\u00bb use_circle_border=\u00a0\u00bboff\u00a0\u00bb circle_border_color=\u00a0\u00bb#b4e85c\u00a0\u00bb icon_placement=\u00a0\u00bbleft\u00a0\u00bb animation=\u00a0\u00bbtop\u00a0\u00bb background_layout=\u00a0\u00bblight\u00a0\u00bb text_orientation=\u00a0\u00bbcenter\u00a0\u00bb \/][et_pb_blurb admin_label=\u00a0\u00bbBlurb\u00a0\u00bb url_new_window=\u00a0\u00bboff\u00a0\u00bb use_icon=\u00a0\u00bbon\u00a0\u00bb font_icon=\u00a0\u00bb\ue0e2\u00a0\u00bb icon_color=\u00a0\u00bb#b4e85c\u00a0\u00bb use_circle=\u00a0\u00bboff\u00a0\u00bb circle_color=\u00a0\u00bb#b4e85c\u00a0\u00bb use_circle_border=\u00a0\u00bboff\u00a0\u00bb circle_border_color=\u00a0\u00bb#b4e85c\u00a0\u00bb icon_placement=\u00a0\u00bbleft\u00a0\u00bb animation=\u00a0\u00bbtop\u00a0\u00bb background_layout=\u00a0\u00bblight\u00a0\u00bb text_orientation=\u00a0\u00bbcenter\u00a0\u00bb title=\u00a0\u00bbMouvement de solidarit\u00e9\u00a0\u00bb \/][et_pb_blurb admin_label=\u00a0\u00bbBlurb\u00a0\u00bb title=\u00a0\u00bbCompr\u00e9hension des r\u00e9alit\u00e9s culturelles\u00a0\u00bb url_new_window=\u00a0\u00bboff\u00a0\u00bb use_icon=\u00a0\u00bbon\u00a0\u00bb font_icon=\u00a0\u00bb\ue038\u00a0\u00bb icon_color=\u00a0\u00bb#b4e85c\u00a0\u00bb use_circle=\u00a0\u00bboff\u00a0\u00bb circle_color=\u00a0\u00bb#b4e85c\u00a0\u00bb use_circle_border=\u00a0\u00bboff\u00a0\u00bb circle_border_color=\u00a0\u00bb#b4e85c\u00a0\u00bb icon_placement=\u00a0\u00bbleft\u00a0\u00bb animation=\u00a0\u00bbtop\u00a0\u00bb background_layout=\u00a0\u00bblight\u00a0\u00bb text_orientation=\u00a0\u00bbcenter\u00a0\u00bb \/][et_pb_blurb admin_label=\u00a0\u00bbBlurb\u00a0\u00bb title=\u00a0\u00bbSoci\u00e9t\u00e9 juste, durable, \u00e9quitable et pacifique\u00a0\u00bb url_new_window=\u00a0\u00bboff\u00a0\u00bb use_icon=\u00a0\u00bbon\u00a0\u00bb font_icon=\u00a0\u00bb\ue030\u00a0\u00bb icon_color=\u00a0\u00bb#b4e85c\u00a0\u00bb use_circle=\u00a0\u00bboff\u00a0\u00bb circle_color=\u00a0\u00bb#b4e85c\u00a0\u00bb use_circle_border=\u00a0\u00bboff\u00a0\u00bb circle_border_color=\u00a0\u00bb#b4e85c\u00a0\u00bb icon_placement=\u00a0\u00bbleft\u00a0\u00bb animation=\u00a0\u00bbtop\u00a0\u00bb background_layout=\u00a0\u00bblight\u00a0\u00bb text_orientation=\u00a0\u00bbcenter\u00a0\u00bb \/][et_pb_blurb admin_label=\u00a0\u00bbBlurb\u00a0\u00bb title=\u00a0\u00bbRapprochement entre les peuples\u00a0\u00bb url_new_window=\u00a0\u00bboff\u00a0\u00bb use_icon=\u00a0\u00bbon\u00a0\u00bb font_icon=\u00a0\u00bb\/\u00a0\u00bb icon_color=\u00a0\u00bb#b4e85c\u00a0\u00bb use_circle=\u00a0\u00bboff\u00a0\u00bb circle_color=\u00a0\u00bb#b4e85c\u00a0\u00bb use_circle_border=\u00a0\u00bboff\u00a0\u00bb circle_border_color=\u00a0\u00bb#b4e85c\u00a0\u00bb icon_placement=\u00a0\u00bbleft\u00a0\u00bb animation=\u00a0\u00bbtop\u00a0\u00bb background_layout=\u00a0\u00bblight\u00a0\u00bb text_orientation=\u00a0\u00bbcenter\u00a0\u00bb \/][et_pb_blurb admin_label=\u00a0\u00bbBlurb\u00a0\u00bb title=\u00a0\u00bbAplanir les in\u00e9galit\u00e9s sociales\u00a0\u00bb url_new_window=\u00a0\u00bboff\u00a0\u00bb use_icon=\u00a0\u00bbon\u00a0\u00bb font_icon=\u00a0\u00bbO\u00a0\u00bb icon_color=\u00a0\u00bb#b4e85c\u00a0\u00bb use_circle=\u00a0\u00bboff\u00a0\u00bb circle_color=\u00a0\u00bb#b4e85c\u00a0\u00bb use_circle_border=\u00a0\u00bboff\u00a0\u00bb circle_border_color=\u00a0\u00bb#b4e85c\u00a0\u00bb icon_placement=\u00a0\u00bbleft\u00a0\u00bb animation=\u00a0\u00bbtop\u00a0\u00bb background_layout=\u00a0\u00bblight\u00a0\u00bb text_orientation=\u00a0\u00bbcenter\u00a0\u00bb \/][et_pb_blurb admin_label=\u00a0\u00bbBlurb\u00a0\u00bb title=\u00a0\u00bbEngagement citoyen\u00a0\u00bb url_new_window=\u00a0\u00bboff\u00a0\u00bb use_icon=\u00a0\u00bbon\u00a0\u00bb font_icon=\u00a0\u00bbZ\u00a0\u00bb icon_color=\u00a0\u00bb#b4e85c\u00a0\u00bb use_circle=\u00a0\u00bboff\u00a0\u00bb circle_color=\u00a0\u00bb#b4e85c\u00a0\u00bb use_circle_border=\u00a0\u00bboff\u00a0\u00bb circle_border_color=\u00a0\u00bb#b4e85c\u00a0\u00bb icon_placement=\u00a0\u00bbleft\u00a0\u00bb animation=\u00a0\u00bbtop\u00a0\u00bb background_layout=\u00a0\u00bblight\u00a0\u00bb text_orientation=\u00a0\u00bbcenter\u00a0\u00bb \/][\/et_pb_column][et_pb_column type=\u00a0\u00bb2_3&Prime;][et_pb_text admin_label=\u00a0\u00bbText\u00a0\u00bb background_layout=\u00a0\u00bblight\u00a0\u00bb text_orientation=\u00a0\u00bbleft\u00a0\u00bb]<\/p>\n<p style=\"text-align: justify; font-size: 18px; color: #b4e85c;\"><strong>NOTRE HISTOIRE<\/strong><\/p>\n<p style=\"text-align: justify;\">L\u2019id\u00e9e du R\u00e9seau citoyen de solidarit\u00e9 Ici\u00e9la est venue en 2001 concr\u00e9tiser la volont\u00e9 collective d&rsquo;un groupe de jeunes d\u00e9termin\u00e9s \u00e0 cr\u00e9er un mouvement de solidarit\u00e9 entre les peuples et citoyens de diverses origines. Un mouvement qui viserait \u00e0 promouvoir la compr\u00e9hension mutuelle par le dialogue interculturel. Les premi\u00e8res activit\u00e9s ont \u00e9t\u00e9 men\u00e9es conjointement par un groupe de jeunes b\u00e9n\u00e9voles de Montr\u00e9al et une association villageoise de Ou\u00e9l\u00e9ssebougou, au Mali. Depuis, des \u00e9changes et partages entre communaut\u00e9s de divers pays mettent des citoyens de Montr\u00e9al en relations directes avec les communaut\u00e9s d\u2019origine de nos nouveaux arrivants, facilitant ainsi la compr\u00e9hension de leurs r\u00e9alit\u00e9s culturelles.<\/p>\n<p style=\"text-align: justify; font-size: 18px; color: #b4e85c;\"><strong>NOTRE VISION<\/strong><\/p>\n<p style=\"text-align: justify;\">La vision de notre organisme est celle d\u2019une soci\u00e9t\u00e9 juste, durable, \u00e9quitable et pacifique, dont les citoyens participent activement aux rapprochements humains entre les peuples et les cultures, sont conscients des r\u00e9alit\u00e9s propres \u00e0 chacun et veillent conjointement \u00e0 aplanir les in\u00e9galit\u00e9s sociales, tant localement que globalement. Notre mission est de favoriser l\u2019engagement citoyen, particuli\u00e8rement aupr\u00e8s des jeunes, dans la promotion du dialogue interculturel afin de contribuer \u00e0 b\u00e2tir une soci\u00e9t\u00e9 solidaire, inclusive et pacifique.<\/p>\n<p>[\/et_pb_text][\/et_pb_column][\/et_pb_row][\/et_pb_section][et_pb_section fullwidth=\u00a0\u00bboff\u00a0\u00bb specialty=\u00a0\u00bboff\u00a0\u00bb][et_pb_row][et_pb_column type=\u00a0\u00bb4_4&Prime;][et_pb_gallery admin_label=\u00a0\u00bbGallery\u00a0\u00bb gallery_ids=\u00a0\u00bb903,898,899,900,894,901,902&Prime; fullwidth=\u00a0\u00bbon\u00a0\u00bb posts_number=\u00a0\u00bb7&Prime; show_title_and_caption=\u00a0\u00bboff\u00a0\u00bb show_pagination=\u00a0\u00bboff\u00a0\u00bb background_layout=\u00a0\u00bblight\u00a0\u00bb \/][\/et_pb_column][\/et_pb_row][\/et_pb_section][et_pb_section fullwidth=\u00a0\u00bboff\u00a0\u00bb specialty=\u00a0\u00bboff\u00a0\u00bb background_image=\u00a0\u00bbhttp:\/\/iciela.org\/karite\/wp-content\/uploads\/2014\/08\/Fond-2.jpg\u00a0\u00bb inner_shadow=\u00a0\u00bboff\u00a0\u00bb parallax=\u00a0\u00bboff\u00a0\u00bb parallax_method=\u00a0\u00bbcss\u00a0\u00bb][et_pb_row][et_pb_column type=\u00a0\u00bb4_4&Prime;][et_pb_text admin_label=\u00a0\u00bbText\u00a0\u00bb background_layout=\u00a0\u00bblight\u00a0\u00bb text_orientation=\u00a0\u00bbleft\u00a0\u00bb \/][\/et_pb_column][\/et_pb_row][\/et_pb_section]<\/p>\n","protected":false},"excerpt":{"rendered":"<p>[et_pb_section fullwidth=\u00a0\u00bboff\u00a0\u00bb specialty=\u00a0\u00bboff\u00a0\u00bb background_image=\u00a0\u00bbhttp:\/\/iciela.org\/karite\/wp-content\/uploads\/2014\/08\/Fond-2.jpg\u00a0\u00bb inner_shadow=\u00a0\u00bboff\u00a0\u00bb parallax=\u00a0\u00bboff\u00a0\u00bb parallax_method=\u00a0\u00bbcss\u00a0\u00bb][et_pb_row][et_pb_column type=\u00a0\u00bb4_4&Prime;][et_pb_text admin_label=\u00a0\u00bbText\u00a0\u00bb background_layout=\u00a0\u00bblight\u00a0\u00bb text_orientation=\u00a0\u00bbleft\u00a0\u00bb] ICI\u00c9LA \/ \u00c0 PROPOS \/ HISTOIRE ET MISSION [\/et_pb_text][\/et_pb_column][\/et_pb_row][\/et_pb_section][et_pb_section fullwidth=\u00a0\u00bboff\u00a0\u00bb specialty=\u00a0\u00bboff\u00a0\u00bb][et_pb_row][et_pb_column type=\u00a0\u00bb1_3&Prime;][et_pb_text admin_label=\u00a0\u00bbText\u00a0\u00bb background_layout=\u00a0\u00bblight\u00a0\u00bb text_orientation=\u00a0\u00bbleft\u00a0\u00bb \/][et_pb_blurb admin_label=\u00a0\u00bbBlurb\u00a0\u00bb title=\u00a0\u00bbCr\u00e9ation en 2001&Prime; url_new_window=\u00a0\u00bboff\u00a0\u00bb use_icon=\u00a0\u00bbon\u00a0\u00bb font_icon=\u00a0\u00bb\ue00a\u00a0\u00bb icon_color=\u00a0\u00bb#b4e85c\u00a0\u00bb use_circle=\u00a0\u00bboff\u00a0\u00bb circle_color=\u00a0\u00bb#b4e85c\u00a0\u00bb use_circle_border=\u00a0\u00bboff\u00a0\u00bb circle_border_color=\u00a0\u00bb#b4e85c\u00a0\u00bb icon_placement=\u00a0\u00bbleft\u00a0\u00bb animation=\u00a0\u00bbtop\u00a0\u00bb background_layout=\u00a0\u00bblight\u00a0\u00bb text_orientation=\u00a0\u00bbcenter\u00a0\u00bb \/][et_pb_blurb admin_label=\u00a0\u00bbBlurb\u00a0\u00bb url_new_window=\u00a0\u00bboff\u00a0\u00bb use_icon=\u00a0\u00bbon\u00a0\u00bb font_icon=\u00a0\u00bb\ue0e2\u00a0\u00bb icon_color=\u00a0\u00bb#b4e85c\u00a0\u00bb use_circle=\u00a0\u00bboff\u00a0\u00bb circle_color=\u00a0\u00bb#b4e85c\u00a0\u00bb use_circle_border=\u00a0\u00bboff\u00a0\u00bb circle_border_color=\u00a0\u00bb#b4e85c\u00a0\u00bb icon_placement=\u00a0\u00bbleft\u00a0\u00bb animation=\u00a0\u00bbtop\u00a0\u00bb [&hellip;]<\/p>\n","protected":false},"author":2,"featured_media":0,"parent":0,"menu_order":0,"comment_status":"open","ping_status":"closed","template":"","meta":{"footnotes":""},"class_list":["post-12","page","type-page","status-publish","hentry"],"yoast_head":"<!-- This site is optimized with the Yoast SEO plugin v27.4 - https:\/\/yoast.com\/product\/yoast-seo-wordpress\/ -->\n<title>Histoire et vision - Ici\u00e9la<\/title>\n<meta name=\"robots\" content=\"index, follow, max-snippet:-1, max-image-preview:large, max-video-preview:-1\" \/>\n<link rel=\"canonical\" href=\"https:\/\/iciela.org\/karite\/?page_id=12\" \/>\n<meta property=\"og:locale\" content=\"fr_FR\" \/>\n<meta property=\"og:type\" content=\"article\" \/>\n<meta property=\"og:title\" content=\"Histoire et vision - Ici\u00e9la\" \/>\n<meta property=\"og:description\" content=\"[et_pb_section fullwidth=\u00a0\u00bboff\u00a0\u00bb specialty=\u00a0\u00bboff\u00a0\u00bb background_image=\u00a0\u00bbhttp:\/\/iciela.org\/karite\/wp-content\/uploads\/2014\/08\/Fond-2.jpg\u00a0\u00bb inner_shadow=\u00a0\u00bboff\u00a0\u00bb parallax=\u00a0\u00bboff\u00a0\u00bb parallax_method=\u00a0\u00bbcss\u00a0\u00bb][et_pb_row][et_pb_column type=\u00a0\u00bb4_4&Prime;][et_pb_text admin_label=\u00a0\u00bbText\u00a0\u00bb background_layout=\u00a0\u00bblight\u00a0\u00bb text_orientation=\u00a0\u00bbleft\u00a0\u00bb] ICI\u00c9LA \/ \u00c0 PROPOS \/ HISTOIRE ET MISSION [\/et_pb_text][\/et_pb_column][\/et_pb_row][\/et_pb_section][et_pb_section fullwidth=\u00a0\u00bboff\u00a0\u00bb specialty=\u00a0\u00bboff\u00a0\u00bb][et_pb_row][et_pb_column type=\u00a0\u00bb1_3&Prime;][et_pb_text admin_label=\u00a0\u00bbText\u00a0\u00bb background_layout=\u00a0\u00bblight\u00a0\u00bb text_orientation=\u00a0\u00bbleft\u00a0\u00bb \/][et_pb_blurb admin_label=\u00a0\u00bbBlurb\u00a0\u00bb title=\u00a0\u00bbCr\u00e9ation en 2001&Prime; url_new_window=\u00a0\u00bboff\u00a0\u00bb use_icon=\u00a0\u00bbon\u00a0\u00bb font_icon=\u00a0\u00bb\ue00a\u00a0\u00bb icon_color=\u00a0\u00bb#b4e85c\u00a0\u00bb use_circle=\u00a0\u00bboff\u00a0\u00bb circle_color=\u00a0\u00bb#b4e85c\u00a0\u00bb use_circle_border=\u00a0\u00bboff\u00a0\u00bb circle_border_color=\u00a0\u00bb#b4e85c\u00a0\u00bb icon_placement=\u00a0\u00bbleft\u00a0\u00bb animation=\u00a0\u00bbtop\u00a0\u00bb background_layout=\u00a0\u00bblight\u00a0\u00bb text_orientation=\u00a0\u00bbcenter\u00a0\u00bb \/][et_pb_blurb admin_label=\u00a0\u00bbBlurb\u00a0\u00bb url_new_window=\u00a0\u00bboff\u00a0\u00bb use_icon=\u00a0\u00bbon\u00a0\u00bb font_icon=\u00a0\u00bb\ue0e2\u00a0\u00bb icon_color=\u00a0\u00bb#b4e85c\u00a0\u00bb use_circle=\u00a0\u00bboff\u00a0\u00bb circle_color=\u00a0\u00bb#b4e85c\u00a0\u00bb use_circle_border=\u00a0\u00bboff\u00a0\u00bb circle_border_color=\u00a0\u00bb#b4e85c\u00a0\u00bb icon_placement=\u00a0\u00bbleft\u00a0\u00bb animation=\u00a0\u00bbtop\u00a0\u00bb [&hellip;]\" \/>\n<meta property=\"og:url\" content=\"https:\/\/iciela.org\/karite\/?page_id=12\" \/>\n<meta property=\"og:site_name\" content=\"Ici\u00e9la\" \/>\n<meta property=\"article:modified_time\" content=\"2017-02-07T17:59:32+00:00\" \/>\n<meta name=\"twitter:label1\" content=\"Dur\u00e9e de lecture estim\u00e9e\" \/>\n\t<meta name=\"twitter:data1\" content=\"4 minutes\" \/>\n<script type=\"application\/ld+json\" class=\"yoast-schema-graph\">{\"@context\":\"https:\\\/\\\/schema.org\",\"@graph\":[{\"@type\":\"WebPage\",\"@id\":\"https:\\\/\\\/iciela.org\\\/karite\\\/?page_id=12\",\"url\":\"https:\\\/\\\/iciela.org\\\/karite\\\/?page_id=12\",\"name\":\"Histoire et vision - Ici\u00e9la\",\"isPartOf\":{\"@id\":\"https:\\\/\\\/iciela.org\\\/karite\\\/#website\"},\"datePublished\":\"2014-01-13T17:34:09+00:00\",\"dateModified\":\"2017-02-07T17:59:32+00:00\",\"breadcrumb\":{\"@id\":\"https:\\\/\\\/iciela.org\\\/karite\\\/?page_id=12#breadcrumb\"},\"inLanguage\":\"fr-FR\",\"potentialAction\":[{\"@type\":\"ReadAction\",\"target\":[\"https:\\\/\\\/iciela.org\\\/karite\\\/?page_id=12\"]}]},{\"@type\":\"BreadcrumbList\",\"@id\":\"https:\\\/\\\/iciela.org\\\/karite\\\/?page_id=12#breadcrumb\",\"itemListElement\":[{\"@type\":\"ListItem\",\"position\":1,\"name\":\"Accueil\",\"item\":\"https:\\\/\\\/iciela.org\\\/karite\\\/\"},{\"@type\":\"ListItem\",\"position\":2,\"name\":\"Histoire et vision\"}]},{\"@type\":\"WebSite\",\"@id\":\"https:\\\/\\\/iciela.org\\\/karite\\\/#website\",\"url\":\"https:\\\/\\\/iciela.org\\\/karite\\\/\",\"name\":\"Ici\u00e9la\",\"description\":\"\u00c9changer. Comprendre. Agir\u2026 ensemble !\",\"potentialAction\":[{\"@type\":\"SearchAction\",\"target\":{\"@type\":\"EntryPoint\",\"urlTemplate\":\"https:\\\/\\\/iciela.org\\\/karite\\\/?s={search_term_string}\"},\"query-input\":{\"@type\":\"PropertyValueSpecification\",\"valueRequired\":true,\"valueName\":\"search_term_string\"}}],\"inLanguage\":\"fr-FR\"}]}<\/script>\n<!-- \/ Yoast SEO plugin. -->","yoast_head_json":{"title":"Histoire et vision - Ici\u00e9la","robots":{"index":"index","follow":"follow","max-snippet":"max-snippet:-1","max-image-preview":"max-image-preview:large","max-video-preview":"max-video-preview:-1"},"canonical":"https:\/\/iciela.org\/karite\/?page_id=12","og_locale":"fr_FR","og_type":"article","og_title":"Histoire et vision - Ici\u00e9la","og_description":"[et_pb_section fullwidth=\u00a0\u00bboff\u00a0\u00bb specialty=\u00a0\u00bboff\u00a0\u00bb background_image=\u00a0\u00bbhttp:\/\/iciela.org\/karite\/wp-content\/uploads\/2014\/08\/Fond-2.jpg\u00a0\u00bb inner_shadow=\u00a0\u00bboff\u00a0\u00bb parallax=\u00a0\u00bboff\u00a0\u00bb parallax_method=\u00a0\u00bbcss\u00a0\u00bb][et_pb_row][et_pb_column type=\u00a0\u00bb4_4&Prime;][et_pb_text admin_label=\u00a0\u00bbText\u00a0\u00bb background_layout=\u00a0\u00bblight\u00a0\u00bb text_orientation=\u00a0\u00bbleft\u00a0\u00bb] ICI\u00c9LA \/ \u00c0 PROPOS \/ HISTOIRE ET MISSION [\/et_pb_text][\/et_pb_column][\/et_pb_row][\/et_pb_section][et_pb_section fullwidth=\u00a0\u00bboff\u00a0\u00bb specialty=\u00a0\u00bboff\u00a0\u00bb][et_pb_row][et_pb_column type=\u00a0\u00bb1_3&Prime;][et_pb_text admin_label=\u00a0\u00bbText\u00a0\u00bb background_layout=\u00a0\u00bblight\u00a0\u00bb text_orientation=\u00a0\u00bbleft\u00a0\u00bb \/][et_pb_blurb admin_label=\u00a0\u00bbBlurb\u00a0\u00bb title=\u00a0\u00bbCr\u00e9ation en 2001&Prime; url_new_window=\u00a0\u00bboff\u00a0\u00bb use_icon=\u00a0\u00bbon\u00a0\u00bb font_icon=\u00a0\u00bb\ue00a\u00a0\u00bb icon_color=\u00a0\u00bb#b4e85c\u00a0\u00bb use_circle=\u00a0\u00bboff\u00a0\u00bb circle_color=\u00a0\u00bb#b4e85c\u00a0\u00bb use_circle_border=\u00a0\u00bboff\u00a0\u00bb circle_border_color=\u00a0\u00bb#b4e85c\u00a0\u00bb icon_placement=\u00a0\u00bbleft\u00a0\u00bb animation=\u00a0\u00bbtop\u00a0\u00bb background_layout=\u00a0\u00bblight\u00a0\u00bb text_orientation=\u00a0\u00bbcenter\u00a0\u00bb \/][et_pb_blurb admin_label=\u00a0\u00bbBlurb\u00a0\u00bb url_new_window=\u00a0\u00bboff\u00a0\u00bb use_icon=\u00a0\u00bbon\u00a0\u00bb font_icon=\u00a0\u00bb\ue0e2\u00a0\u00bb icon_color=\u00a0\u00bb#b4e85c\u00a0\u00bb use_circle=\u00a0\u00bboff\u00a0\u00bb circle_color=\u00a0\u00bb#b4e85c\u00a0\u00bb use_circle_border=\u00a0\u00bboff\u00a0\u00bb circle_border_color=\u00a0\u00bb#b4e85c\u00a0\u00bb icon_placement=\u00a0\u00bbleft\u00a0\u00bb animation=\u00a0\u00bbtop\u00a0\u00bb [&hellip;]","og_url":"https:\/\/iciela.org\/karite\/?page_id=12","og_site_name":"Ici\u00e9la","article_modified_time":"2017-02-07T17:59:32+00:00","twitter_misc":{"Dur\u00e9e de lecture estim\u00e9e":"4 minutes"},"schema":{"@context":"https:\/\/schema.org","@graph":[{"@type":"WebPage","@id":"https:\/\/iciela.org\/karite\/?page_id=12","url":"https:\/\/iciela.org\/karite\/?page_id=12","name":"Histoire et vision - Ici\u00e9la","isPartOf":{"@id":"https:\/\/iciela.org\/karite\/#website"},"datePublished":"2014-01-13T17:34:09+00:00","dateModified":"2017-02-07T17:59:32+00:00","breadcrumb":{"@id":"https:\/\/iciela.org\/karite\/?page_id=12#breadcrumb"},"inLanguage":"fr-FR","potentialAction":[{"@type":"ReadAction","target":["https:\/\/iciela.org\/karite\/?page_id=12"]}]},{"@type":"BreadcrumbList","@id":"https:\/\/iciela.org\/karite\/?page_id=12#breadcrumb","itemListElement":[{"@type":"ListItem","position":1,"name":"Accueil","item":"https:\/\/iciela.org\/karite\/"},{"@type":"ListItem","position":2,"name":"Histoire et vision"}]},{"@type":"WebSite","@id":"https:\/\/iciela.org\/karite\/#website","url":"https:\/\/iciela.org\/karite\/","name":"Ici\u00e9la","description":"\u00c9changer. Comprendre. Agir\u2026 ensemble !","potentialAction":[{"@type":"SearchAction","target":{"@type":"EntryPoint","urlTemplate":"https:\/\/iciela.org\/karite\/?s={search_term_string}"},"query-input":{"@type":"PropertyValueSpecification","valueRequired":true,"valueName":"search_term_string"}}],"inLanguage":"fr-FR"}]}},"_links":{"self":[{"href":"https:\/\/iciela.org\/karite\/index.php?rest_route=\/wp\/v2\/pages\/12","targetHints":{"allow":["GET"]}}],"collection":[{"href":"https:\/\/iciela.org\/karite\/index.php?rest_route=\/wp\/v2\/pages"}],"about":[{"href":"https:\/\/iciela.org\/karite\/index.php?rest_route=\/wp\/v2\/types\/page"}],"author":[{"embeddable":true,"href":"https:\/\/iciela.org\/karite\/index.php?rest_route=\/wp\/v2\/users\/2"}],"replies":[{"embeddable":true,"href":"https:\/\/iciela.org\/karite\/index.php?rest_route=%2Fwp%2Fv2%2Fcomments&post=12"}],"version-history":[{"count":69,"href":"https:\/\/iciela.org\/karite\/index.php?rest_route=\/wp\/v2\/pages\/12\/revisions"}],"predecessor-version":[{"id":1085,"href":"https:\/\/iciela.org\/karite\/index.php?rest_route=\/wp\/v2\/pages\/12\/revisions\/1085"}],"wp:attachment":[{"href":"https:\/\/iciela.org\/karite\/index.php?rest_route=%2Fwp%2Fv2%2Fmedia&parent=12"}],"curies":[{"name":"wp","href":"https:\/\/api.w.org\/{rel}","templated":true}]}}