{"id":1439,"date":"2014-09-23T14:18:29","date_gmt":"2014-09-23T18:18:29","guid":{"rendered":"http:\/\/iciela.org\/karite\/?page_id=1439"},"modified":"2014-09-24T16:30:48","modified_gmt":"2014-09-24T20:30:48","slug":"preposes-recherche-partenariats","status":"publish","type":"page","link":"http:\/\/iciela.org\/karite\/?page_id=1439","title":{"rendered":"Pr\u00e9pos\u00e9s \u00e0 la recherche de partenariats"},"content":{"rendered":"<p>[et_pb_section fullwidth=\u00a0\u00bboff\u00a0\u00bb specialty=\u00a0\u00bboff\u00a0\u00bb background_image=\u00a0\u00bbhttp:\/\/iciela.org\/karite\/wp-content\/uploads\/2014\/08\/Fond-2.jpg\u00a0\u00bb background_color=\u00a0\u00bb#ffffff\u00a0\u00bb inner_shadow=\u00a0\u00bboff\u00a0\u00bb parallax=\u00a0\u00bboff\u00a0\u00bb parallax_method=\u00a0\u00bbcss\u00a0\u00bb][et_pb_row][et_pb_column type=\u00a0\u00bb4_4&Prime;][et_pb_text admin_label=\u00a0\u00bbText\u00a0\u00bb background_layout=\u00a0\u00bblight\u00a0\u00bb text_orientation=\u00a0\u00bbleft\u00a0\u00bb]<\/p>\n<p style=\"text-align: center; font-size: 18px;\"><span style=\"color: #ffffff;\"><strong>OFFRES DE B\u00c9N\u00c9VOLAT \/\u00a0PR\u00c9POS\u00c9S \u00c0 LA RECHERCHE DE PARTENARIATS<\/strong><\/span><\/p>\n<p>[\/et_pb_text][\/et_pb_column][\/et_pb_row][\/et_pb_section][et_pb_section fullwidth=\u00a0\u00bboff\u00a0\u00bb specialty=\u00a0\u00bbon\u00a0\u00bb][et_pb_column type=\u00a0\u00bb2_3&Prime; specialty_columns=\u00a0\u00bb2&Prime;][et_pb_row_inner][et_pb_column_inner type=\u00a0\u00bb4_4&Prime;][et_pb_text admin_label=\u00a0\u00bbText\u00a0\u00bb background_layout=\u00a0\u00bblight\u00a0\u00bb text_orientation=\u00a0\u00bbleft\u00a0\u00bb]<\/p>\n<p style=\"color: #b4e85c; font-size: 18px; text-align: justify;\"><strong>PR\u00c9POS\u00c9S \u00c0 LA RECHERCHE DE PARTENARIATS<\/strong><\/p>\n<p style=\"text-align: justify;\">Nous recherchons des b\u00e9n\u00e9voles dynamiques et s\u00e9rieux\u00a0pour identifier des partenaires locaux et internationaux et prendre contact avec eux. Les personnes recherch\u00e9es doivent avoir d\u2019excellentes aptitudes de communication et une aisance pour approcher les partenaires. Dans le cadre du projet Pangaya, des institutions scolaires et des organismes communautaires locaux devront \u00eatre approch\u00e9s pour prendre part au projet. \u00c0 l\u2019international, une prise de contact devra \u00eatre amorc\u00e9e avec les organismes ayant manifest\u00e9 leur int\u00e9r\u00eat \u00e0 prendre part au projet Pangaya. En lien avec le projet de commercialisation du beurre de karit\u00e9 produit par notre partenaire au Mali, des distributeurs locaux potentiels devront \u00e9galement \u00eatre contact\u00e9s.<\/p>\n<p>[\/et_pb_text][\/et_pb_column_inner][\/et_pb_row_inner][et_pb_row_inner][et_pb_column_inner type=\u00a0\u00bb1_2&Prime;][et_pb_blurb admin_label=\u00a0\u00bbBlurb\u00a0\u00bb url_new_window=\u00a0\u00bboff\u00a0\u00bb use_icon=\u00a0\u00bbon\u00a0\u00bb font_icon=\u00a0\u00bb\ue026\u00a0\u00bb icon_color=\u00a0\u00bb#b4e85c\u00a0\u00bb use_circle=\u00a0\u00bboff\u00a0\u00bb circle_color=\u00a0\u00bb#b4e85c\u00a0\u00bb use_circle_border=\u00a0\u00bboff\u00a0\u00bb circle_border_color=\u00a0\u00bb#b4e85c\u00a0\u00bb icon_placement=\u00a0\u00bbtop\u00a0\u00bb animation=\u00a0\u00bbtop\u00a0\u00bb background_layout=\u00a0\u00bblight\u00a0\u00bb text_orientation=\u00a0\u00bbcenter\u00a0\u00bb url=\u00a0\u00bbhttp:\/\/iciela.org\/karite\/?page_id=1286&Prime;]<\/p>\n<p><strong>En savoir plus sur les partenaires<\/strong><\/p>\n<p>[\/et_pb_blurb][\/et_pb_column_inner][et_pb_column_inner type=\u00a0\u00bb1_2&Prime;][et_pb_blurb admin_label=\u00a0\u00bbBlurb\u00a0\u00bb url_new_window=\u00a0\u00bbon\u00a0\u00bb use_icon=\u00a0\u00bbon\u00a0\u00bb font_icon=\u00a0\u00bb\ue01c\u00a0\u00bb icon_color=\u00a0\u00bb#b4e85c\u00a0\u00bb use_circle=\u00a0\u00bboff\u00a0\u00bb circle_color=\u00a0\u00bb#b4e85c\u00a0\u00bb use_circle_border=\u00a0\u00bboff\u00a0\u00bb circle_border_color=\u00a0\u00bb#b4e85c\u00a0\u00bb icon_placement=\u00a0\u00bbtop\u00a0\u00bb animation=\u00a0\u00bbtop\u00a0\u00bb background_layout=\u00a0\u00bblight\u00a0\u00bb text_orientation=\u00a0\u00bbcenter\u00a0\u00bb url=\u00a0\u00bbhttp:\/\/iciela.org\/karite\/?page_id=238&Prime;]<\/p>\n<p><strong>En savoir plus sur le projet Pangaya<\/strong><\/p>\n<p>[\/et_pb_blurb][\/et_pb_column_inner][\/et_pb_row_inner][et_pb_row_inner][et_pb_column_inner type=\u00a0\u00bb4_4&Prime;][et_pb_text admin_label=\u00a0\u00bbText\u00a0\u00bb background_layout=\u00a0\u00bblight\u00a0\u00bb text_orientation=\u00a0\u00bbleft\u00a0\u00bb]<\/p>\n<p style=\"text-align: justify;\">Tu\u00a0es int\u00e9ress\u00e9 \u00e0 rejoindre notre \u00e9quipe de recherche de partenariats\u00a0? Contacte-nous par mail au info@iciela.org, il nous fera plaisir de te rencontrer afin d\u2019\u00e9valuer ensemble les possibilit\u00e9s qui pourraient s\u2019offrir \u00e0 toi !<\/p>\n<p>Cette offre ne te correspond pas ? Consulte la liste de nos comit\u00e9s ainsi que nos autres offres de b\u00e9n\u00e9volat <a title=\"Devenir b\u00e9n\u00e9vole\" href=\"http:\/\/iciela.org\/karite\/?page_id=252\">ici<\/a> !<\/p>\n<p>[\/et_pb_text][\/et_pb_column_inner][\/et_pb_row_inner][\/et_pb_column][et_pb_column type=\u00a0\u00bb1_3&Prime;][et_pb_slider admin_label=\u00a0\u00bbSlider\u00a0\u00bb show_arrows=\u00a0\u00bbon\u00a0\u00bb show_pagination=\u00a0\u00bbon\u00a0\u00bb auto=\u00a0\u00bboff\u00a0\u00bb parallax=\u00a0\u00bboff\u00a0\u00bb][et_pb_slide heading=\u00a0\u00bbLES T\u00c2CHES DU PR\u00c9POS\u00c9 \u00c0 LA RECHERCHE DE PARTENARIATS\u00a0\u00bb background_color=\u00a0\u00bb#b4e85c\u00a0\u00bb alignment=\u00a0\u00bbcenter\u00a0\u00bb background_layout=\u00a0\u00bbdark\u00a0\u00bb]<\/p>\n<ul>\n<li style=\"text-align: left;\"><strong>Cr\u00e9ation d&rsquo;une banque de donn\u00e9es sur les organismes \u00e0 approcher<\/strong><\/li>\n<li style=\"text-align: left;\"><strong>Revoir les documents de promotion<\/strong><\/li>\n<li style=\"text-align: left;\"><strong>Contacter et pr\u00e9senter l&rsquo;organisme aux responsables de chaque organisme<\/strong><\/li>\n<li style=\"text-align: left;\"><strong>Tenir des kiosques de visibilit\u00e9\u00a0<\/strong><\/li>\n<\/ul>\n<p>[\/et_pb_slide][\/et_pb_slider][\/et_pb_column][\/et_pb_section][et_pb_section fullwidth=\u00a0\u00bboff\u00a0\u00bb specialty=\u00a0\u00bboff\u00a0\u00bb background_image=\u00a0\u00bbhttp:\/\/iciela.org\/karite\/wp-content\/uploads\/2014\/08\/Fond-2.jpg\u00a0\u00bb background_color=\u00a0\u00bb#ffffff\u00a0\u00bb inner_shadow=\u00a0\u00bboff\u00a0\u00bb parallax=\u00a0\u00bboff\u00a0\u00bb parallax_method=\u00a0\u00bbcss\u00a0\u00bb][et_pb_row][et_pb_column type=\u00a0\u00bb4_4&Prime;][et_pb_text admin_label=\u00a0\u00bbText\u00a0\u00bb background_layout=\u00a0\u00bblight\u00a0\u00bb text_orientation=\u00a0\u00bbleft\u00a0\u00bb \/][\/et_pb_column][\/et_pb_row][\/et_pb_section]<\/p>\n","protected":false},"excerpt":{"rendered":"<p>[et_pb_section fullwidth=\u00a0\u00bboff\u00a0\u00bb specialty=\u00a0\u00bboff\u00a0\u00bb background_image=\u00a0\u00bbhttp:\/\/iciela.org\/karite\/wp-content\/uploads\/2014\/08\/Fond-2.jpg\u00a0\u00bb background_color=\u00a0\u00bb#ffffff\u00a0\u00bb inner_shadow=\u00a0\u00bboff\u00a0\u00bb parallax=\u00a0\u00bboff\u00a0\u00bb parallax_method=\u00a0\u00bbcss\u00a0\u00bb][et_pb_row][et_pb_column type=\u00a0\u00bb4_4&Prime;][et_pb_text admin_label=\u00a0\u00bbText\u00a0\u00bb background_layout=\u00a0\u00bblight\u00a0\u00bb text_orientation=\u00a0\u00bbleft\u00a0\u00bb] OFFRES DE B\u00c9N\u00c9VOLAT \/\u00a0PR\u00c9POS\u00c9S \u00c0 LA RECHERCHE DE PARTENARIATS [\/et_pb_text][\/et_pb_column][\/et_pb_row][\/et_pb_section][et_pb_section fullwidth=\u00a0\u00bboff\u00a0\u00bb specialty=\u00a0\u00bbon\u00a0\u00bb][et_pb_column type=\u00a0\u00bb2_3&Prime; specialty_columns=\u00a0\u00bb2&Prime;][et_pb_row_inner][et_pb_column_inner type=\u00a0\u00bb4_4&Prime;][et_pb_text admin_label=\u00a0\u00bbText\u00a0\u00bb background_layout=\u00a0\u00bblight\u00a0\u00bb text_orientation=\u00a0\u00bbleft\u00a0\u00bb] PR\u00c9POS\u00c9S \u00c0 LA RECHERCHE DE PARTENARIATS Nous recherchons des b\u00e9n\u00e9voles dynamiques et s\u00e9rieux\u00a0pour identifier des partenaires locaux et internationaux et prendre contact avec eux. Les [&hellip;]<\/p>\n","protected":false},"author":4,"featured_media":0,"parent":0,"menu_order":0,"comment_status":"open","ping_status":"open","template":"","meta":{"footnotes":""},"class_list":["post-1439","page","type-page","status-publish","hentry"],"yoast_head":"<!-- This site is optimized with the Yoast SEO plugin v27.4 - https:\/\/yoast.com\/product\/yoast-seo-wordpress\/ -->\n<title>Pr\u00e9pos\u00e9s \u00e0 la recherche de partenariats - Ici\u00e9la<\/title>\n<meta name=\"robots\" content=\"index, follow, max-snippet:-1, max-image-preview:large, max-video-preview:-1\" \/>\n<link rel=\"canonical\" href=\"http:\/\/iciela.org\/karite\/?page_id=1439\" \/>\n<meta property=\"og:locale\" content=\"fr_FR\" \/>\n<meta property=\"og:type\" content=\"article\" \/>\n<meta property=\"og:title\" content=\"Pr\u00e9pos\u00e9s \u00e0 la recherche de partenariats - Ici\u00e9la\" \/>\n<meta property=\"og:description\" content=\"[et_pb_section fullwidth=\u00a0\u00bboff\u00a0\u00bb specialty=\u00a0\u00bboff\u00a0\u00bb background_image=\u00a0\u00bbhttp:\/\/iciela.org\/karite\/wp-content\/uploads\/2014\/08\/Fond-2.jpg\u00a0\u00bb background_color=\u00a0\u00bb#ffffff\u00a0\u00bb inner_shadow=\u00a0\u00bboff\u00a0\u00bb parallax=\u00a0\u00bboff\u00a0\u00bb parallax_method=\u00a0\u00bbcss\u00a0\u00bb][et_pb_row][et_pb_column type=\u00a0\u00bb4_4&Prime;][et_pb_text admin_label=\u00a0\u00bbText\u00a0\u00bb background_layout=\u00a0\u00bblight\u00a0\u00bb text_orientation=\u00a0\u00bbleft\u00a0\u00bb] OFFRES DE B\u00c9N\u00c9VOLAT \/\u00a0PR\u00c9POS\u00c9S \u00c0 LA RECHERCHE DE PARTENARIATS [\/et_pb_text][\/et_pb_column][\/et_pb_row][\/et_pb_section][et_pb_section fullwidth=\u00a0\u00bboff\u00a0\u00bb specialty=\u00a0\u00bbon\u00a0\u00bb][et_pb_column type=\u00a0\u00bb2_3&Prime; specialty_columns=\u00a0\u00bb2&Prime;][et_pb_row_inner][et_pb_column_inner type=\u00a0\u00bb4_4&Prime;][et_pb_text admin_label=\u00a0\u00bbText\u00a0\u00bb background_layout=\u00a0\u00bblight\u00a0\u00bb text_orientation=\u00a0\u00bbleft\u00a0\u00bb] PR\u00c9POS\u00c9S \u00c0 LA RECHERCHE DE PARTENARIATS Nous recherchons des b\u00e9n\u00e9voles dynamiques et s\u00e9rieux\u00a0pour identifier des partenaires locaux et internationaux et prendre contact avec eux. Les [&hellip;]\" \/>\n<meta property=\"og:url\" content=\"http:\/\/iciela.org\/karite\/?page_id=1439\" \/>\n<meta property=\"og:site_name\" content=\"Ici\u00e9la\" \/>\n<meta property=\"article:modified_time\" content=\"2014-09-24T20:30:48+00:00\" \/>\n<meta name=\"twitter:label1\" content=\"Dur\u00e9e de lecture estim\u00e9e\" \/>\n\t<meta name=\"twitter:data1\" content=\"3 minutes\" \/>\n<script type=\"application\/ld+json\" class=\"yoast-schema-graph\">{\"@context\":\"https:\\\/\\\/schema.org\",\"@graph\":[{\"@type\":\"WebPage\",\"@id\":\"http:\\\/\\\/iciela.org\\\/karite\\\/?page_id=1439\",\"url\":\"http:\\\/\\\/iciela.org\\\/karite\\\/?page_id=1439\",\"name\":\"Pr\u00e9pos\u00e9s \u00e0 la recherche de partenariats - Ici\u00e9la\",\"isPartOf\":{\"@id\":\"https:\\\/\\\/iciela.org\\\/karite\\\/#website\"},\"datePublished\":\"2014-09-23T18:18:29+00:00\",\"dateModified\":\"2014-09-24T20:30:48+00:00\",\"breadcrumb\":{\"@id\":\"http:\\\/\\\/iciela.org\\\/karite\\\/?page_id=1439#breadcrumb\"},\"inLanguage\":\"fr-FR\",\"potentialAction\":[{\"@type\":\"ReadAction\",\"target\":[\"http:\\\/\\\/iciela.org\\\/karite\\\/?page_id=1439\"]}]},{\"@type\":\"BreadcrumbList\",\"@id\":\"http:\\\/\\\/iciela.org\\\/karite\\\/?page_id=1439#breadcrumb\",\"itemListElement\":[{\"@type\":\"ListItem\",\"position\":1,\"name\":\"Accueil\",\"item\":\"https:\\\/\\\/iciela.org\\\/karite\\\/\"},{\"@type\":\"ListItem\",\"position\":2,\"name\":\"Pr\u00e9pos\u00e9s \u00e0 la recherche de partenariats\"}]},{\"@type\":\"WebSite\",\"@id\":\"https:\\\/\\\/iciela.org\\\/karite\\\/#website\",\"url\":\"https:\\\/\\\/iciela.org\\\/karite\\\/\",\"name\":\"Ici\u00e9la\",\"description\":\"\u00c9changer. Comprendre. Agir\u2026 ensemble !\",\"potentialAction\":[{\"@type\":\"SearchAction\",\"target\":{\"@type\":\"EntryPoint\",\"urlTemplate\":\"https:\\\/\\\/iciela.org\\\/karite\\\/?s={search_term_string}\"},\"query-input\":{\"@type\":\"PropertyValueSpecification\",\"valueRequired\":true,\"valueName\":\"search_term_string\"}}],\"inLanguage\":\"fr-FR\"}]}<\/script>\n<!-- \/ Yoast SEO plugin. -->","yoast_head_json":{"title":"Pr\u00e9pos\u00e9s \u00e0 la recherche de partenariats - Ici\u00e9la","robots":{"index":"index","follow":"follow","max-snippet":"max-snippet:-1","max-image-preview":"max-image-preview:large","max-video-preview":"max-video-preview:-1"},"canonical":"http:\/\/iciela.org\/karite\/?page_id=1439","og_locale":"fr_FR","og_type":"article","og_title":"Pr\u00e9pos\u00e9s \u00e0 la recherche de partenariats - Ici\u00e9la","og_description":"[et_pb_section fullwidth=\u00a0\u00bboff\u00a0\u00bb specialty=\u00a0\u00bboff\u00a0\u00bb background_image=\u00a0\u00bbhttp:\/\/iciela.org\/karite\/wp-content\/uploads\/2014\/08\/Fond-2.jpg\u00a0\u00bb background_color=\u00a0\u00bb#ffffff\u00a0\u00bb inner_shadow=\u00a0\u00bboff\u00a0\u00bb parallax=\u00a0\u00bboff\u00a0\u00bb parallax_method=\u00a0\u00bbcss\u00a0\u00bb][et_pb_row][et_pb_column type=\u00a0\u00bb4_4&Prime;][et_pb_text admin_label=\u00a0\u00bbText\u00a0\u00bb background_layout=\u00a0\u00bblight\u00a0\u00bb text_orientation=\u00a0\u00bbleft\u00a0\u00bb] OFFRES DE B\u00c9N\u00c9VOLAT \/\u00a0PR\u00c9POS\u00c9S \u00c0 LA RECHERCHE DE PARTENARIATS [\/et_pb_text][\/et_pb_column][\/et_pb_row][\/et_pb_section][et_pb_section fullwidth=\u00a0\u00bboff\u00a0\u00bb specialty=\u00a0\u00bbon\u00a0\u00bb][et_pb_column type=\u00a0\u00bb2_3&Prime; specialty_columns=\u00a0\u00bb2&Prime;][et_pb_row_inner][et_pb_column_inner type=\u00a0\u00bb4_4&Prime;][et_pb_text admin_label=\u00a0\u00bbText\u00a0\u00bb background_layout=\u00a0\u00bblight\u00a0\u00bb text_orientation=\u00a0\u00bbleft\u00a0\u00bb] PR\u00c9POS\u00c9S \u00c0 LA RECHERCHE DE PARTENARIATS Nous recherchons des b\u00e9n\u00e9voles dynamiques et s\u00e9rieux\u00a0pour identifier des partenaires locaux et internationaux et prendre contact avec eux. Les [&hellip;]","og_url":"http:\/\/iciela.org\/karite\/?page_id=1439","og_site_name":"Ici\u00e9la","article_modified_time":"2014-09-24T20:30:48+00:00","twitter_misc":{"Dur\u00e9e de lecture estim\u00e9e":"3 minutes"},"schema":{"@context":"https:\/\/schema.org","@graph":[{"@type":"WebPage","@id":"http:\/\/iciela.org\/karite\/?page_id=1439","url":"http:\/\/iciela.org\/karite\/?page_id=1439","name":"Pr\u00e9pos\u00e9s \u00e0 la recherche de partenariats - Ici\u00e9la","isPartOf":{"@id":"https:\/\/iciela.org\/karite\/#website"},"datePublished":"2014-09-23T18:18:29+00:00","dateModified":"2014-09-24T20:30:48+00:00","breadcrumb":{"@id":"http:\/\/iciela.org\/karite\/?page_id=1439#breadcrumb"},"inLanguage":"fr-FR","potentialAction":[{"@type":"ReadAction","target":["http:\/\/iciela.org\/karite\/?page_id=1439"]}]},{"@type":"BreadcrumbList","@id":"http:\/\/iciela.org\/karite\/?page_id=1439#breadcrumb","itemListElement":[{"@type":"ListItem","position":1,"name":"Accueil","item":"https:\/\/iciela.org\/karite\/"},{"@type":"ListItem","position":2,"name":"Pr\u00e9pos\u00e9s \u00e0 la recherche de partenariats"}]},{"@type":"WebSite","@id":"https:\/\/iciela.org\/karite\/#website","url":"https:\/\/iciela.org\/karite\/","name":"Ici\u00e9la","description":"\u00c9changer. Comprendre. Agir\u2026 ensemble !","potentialAction":[{"@type":"SearchAction","target":{"@type":"EntryPoint","urlTemplate":"https:\/\/iciela.org\/karite\/?s={search_term_string}"},"query-input":{"@type":"PropertyValueSpecification","valueRequired":true,"valueName":"search_term_string"}}],"inLanguage":"fr-FR"}]}},"_links":{"self":[{"href":"http:\/\/iciela.org\/karite\/index.php?rest_route=\/wp\/v2\/pages\/1439","targetHints":{"allow":["GET"]}}],"collection":[{"href":"http:\/\/iciela.org\/karite\/index.php?rest_route=\/wp\/v2\/pages"}],"about":[{"href":"http:\/\/iciela.org\/karite\/index.php?rest_route=\/wp\/v2\/types\/page"}],"author":[{"embeddable":true,"href":"http:\/\/iciela.org\/karite\/index.php?rest_route=\/wp\/v2\/users\/4"}],"replies":[{"embeddable":true,"href":"http:\/\/iciela.org\/karite\/index.php?rest_route=%2Fwp%2Fv2%2Fcomments&post=1439"}],"version-history":[{"count":4,"href":"http:\/\/iciela.org\/karite\/index.php?rest_route=\/wp\/v2\/pages\/1439\/revisions"}],"predecessor-version":[{"id":1538,"href":"http:\/\/iciela.org\/karite\/index.php?rest_route=\/wp\/v2\/pages\/1439\/revisions\/1538"}],"wp:attachment":[{"href":"http:\/\/iciela.org\/karite\/index.php?rest_route=%2Fwp%2Fv2%2Fmedia&parent=1439"}],"curies":[{"name":"wp","href":"https:\/\/api.w.org\/{rel}","templated":true}]}}